{"id":11,"date":"2021-06-09T18:41:57","date_gmt":"2021-06-09T22:41:57","guid":{"rendered":"https:\/\/laboratoiretextile.ca\/?page_id=11"},"modified":"2026-02-17T16:21:40","modified_gmt":"2026-02-17T21:21:40","slug":"la-marque","status":"publish","type":"page","link":"https:\/\/laboratoiretextile.ca\/en\/la-marque\/","title":{"rendered":"La cr\u00e9atrice"},"content":{"rendered":"<div class=\"wp-block-media-text alignfull is-stacked-on-mobile\" style=\"grid-template-columns:35% auto\"><figure class=\"wp-block-media-text__media\"><img loading=\"lazy\" decoding=\"async\" width=\"683\" height=\"1024\" src=\"https:\/\/laboratoiretextile.ca\/wp-content\/uploads\/2025\/03\/Laboratoire_Textile_portrait-683x1024.jpg\" alt=\"\" class=\"wp-image-4888 size-full\" srcset=\"https:\/\/laboratoiretextile.ca\/wp-content\/uploads\/2025\/03\/Laboratoire_Textile_portrait-683x1024.jpg 683w, https:\/\/laboratoiretextile.ca\/wp-content\/uploads\/2025\/03\/Laboratoire_Textile_portrait-200x300.jpg 200w, https:\/\/laboratoiretextile.ca\/wp-content\/uploads\/2025\/03\/Laboratoire_Textile_portrait-768x1151.jpg 768w, https:\/\/laboratoiretextile.ca\/wp-content\/uploads\/2025\/03\/Laboratoire_Textile_portrait-1024x1536.jpg 1024w, https:\/\/laboratoiretextile.ca\/wp-content\/uploads\/2025\/03\/Laboratoire_Textile_portrait-1366x2048.jpg 1366w, https:\/\/laboratoiretextile.ca\/wp-content\/uploads\/2025\/03\/Laboratoire_Textile_portrait-8x12.jpg 8w, https:\/\/laboratoiretextile.ca\/wp-content\/uploads\/2025\/03\/Laboratoire_Textile_portrait-500x750.jpg 500w, https:\/\/laboratoiretextile.ca\/wp-content\/uploads\/2025\/03\/Laboratoire_Textile_portrait-scaled.jpg 1707w\" sizes=\"auto, (max-width: 683px) 100vw, 683px\" \/><\/figure><div class=\"wp-block-media-text__content\">\n<div class=\"wp-block-group is-layout-constrained wp-container-core-group-is-layout-e555385e wp-block-group-is-layout-constrained\">\n<h3 class=\"wp-block-heading\" style=\"margin-top:25px\">Lucie Leroux<\/h3>\n\n\n\n<p class=\"has-normal-font-size\">Textile craft-designer <br>Founder of the studio <em>Laboratoire Textile<\/em><\/p>\n\n\n\n<p><\/p>\n<\/div>\n\n\n\n<p>Laboratoire Textile is a micro-studio specializing in textile design, founded and run by Lucie Leroux.<\/p>\n\n\n\n<p>By combining folding with finishing techniques, she designs and manufactures unique lighting fixtures with clean lines, adorned with hand-made geometric screen prints inspired by minimalist aesthetics.<\/p>\n\n\n\n<p>From drawing and searching for patterns to developing new folded shapes, his creative process is complex and meticulous, combining craftsmanship, visual arts, and design.<\/p>\n\n\n\n<p><a href=\"https:\/\/laboratoiretextile.ca\/en\/savoir-faire\/\"><strong>\u2013 Discover her craftsmanship<\/strong><\/a><\/p>\n<\/div><\/div>\n\n\n\n<p><\/p>\n\n\n\n<div class=\"wp-block-group alignfull is-content-justification-right is-layout-constrained wp-container-core-group-is-layout-3d4cb639 wp-block-group-is-layout-constrained\" style=\"padding-right:0px;padding-left:0px\">\n<figure class=\"wp-block-gallery alignwide has-nested-images columns-4 is-cropped wp-block-gallery-1 is-layout-flex wp-block-gallery-is-layout-flex\">\n<figure class=\"wp-block-image size-large\"><img loading=\"lazy\" decoding=\"async\" width=\"600\" height=\"800\" data-id=\"3502\" src=\"https:\/\/laboratoiretextile.ca\/wp-content\/uploads\/2024\/12\/Laboratoire_textile-La-marque-dessins.png\" alt=\"Laboratoire Textile - La marque - Dessins \" class=\"wp-image-3502\" srcset=\"https:\/\/laboratoiretextile.ca\/wp-content\/uploads\/2024\/12\/Laboratoire_textile-La-marque-dessins.png 600w, https:\/\/laboratoiretextile.ca\/wp-content\/uploads\/2024\/12\/Laboratoire_textile-La-marque-dessins-225x300.png 225w, https:\/\/laboratoiretextile.ca\/wp-content\/uploads\/2024\/12\/Laboratoire_textile-La-marque-dessins-9x12.png 9w, https:\/\/laboratoiretextile.ca\/wp-content\/uploads\/2024\/12\/Laboratoire_textile-La-marque-dessins-500x667.png 500w\" sizes=\"auto, (max-width: 600px) 100vw, 600px\" \/><\/figure>\n\n\n\n<figure class=\"wp-block-image size-large\"><img loading=\"lazy\" decoding=\"async\" width=\"683\" height=\"1024\" data-id=\"5005\" src=\"https:\/\/laboratoiretextile.ca\/wp-content\/uploads\/2025\/07\/Laboratoire_Textile_atelier-683x1024.jpg\" alt=\"\" class=\"wp-image-5005\" srcset=\"https:\/\/laboratoiretextile.ca\/wp-content\/uploads\/2025\/07\/Laboratoire_Textile_atelier-683x1024.jpg 683w, https:\/\/laboratoiretextile.ca\/wp-content\/uploads\/2025\/07\/Laboratoire_Textile_atelier-200x300.jpg 200w, https:\/\/laboratoiretextile.ca\/wp-content\/uploads\/2025\/07\/Laboratoire_Textile_atelier-768x1151.jpg 768w, https:\/\/laboratoiretextile.ca\/wp-content\/uploads\/2025\/07\/Laboratoire_Textile_atelier-1025x1536.jpg 1025w, https:\/\/laboratoiretextile.ca\/wp-content\/uploads\/2025\/07\/Laboratoire_Textile_atelier-1366x2048.jpg 1366w, https:\/\/laboratoiretextile.ca\/wp-content\/uploads\/2025\/07\/Laboratoire_Textile_atelier-8x12.jpg 8w, https:\/\/laboratoiretextile.ca\/wp-content\/uploads\/2025\/07\/Laboratoire_Textile_atelier-500x750.jpg 500w, https:\/\/laboratoiretextile.ca\/wp-content\/uploads\/2025\/07\/Laboratoire_Textile_atelier-scaled.jpg 1708w\" sizes=\"auto, (max-width: 683px) 100vw, 683px\" \/><\/figure>\n\n\n\n<figure class=\"wp-block-image size-large\"><img loading=\"lazy\" decoding=\"async\" width=\"683\" height=\"1024\" data-id=\"5006\" src=\"https:\/\/laboratoiretextile.ca\/wp-content\/uploads\/2025\/07\/Laboratoire_Textile_plissage-683x1024.jpg\" alt=\"\" class=\"wp-image-5006\" srcset=\"https:\/\/laboratoiretextile.ca\/wp-content\/uploads\/2025\/07\/Laboratoire_Textile_plissage-683x1024.jpg 683w, https:\/\/laboratoiretextile.ca\/wp-content\/uploads\/2025\/07\/Laboratoire_Textile_plissage-200x300.jpg 200w, https:\/\/laboratoiretextile.ca\/wp-content\/uploads\/2025\/07\/Laboratoire_Textile_plissage-768x1152.jpg 768w, https:\/\/laboratoiretextile.ca\/wp-content\/uploads\/2025\/07\/Laboratoire_Textile_plissage-1024x1536.jpg 1024w, https:\/\/laboratoiretextile.ca\/wp-content\/uploads\/2025\/07\/Laboratoire_Textile_plissage-1366x2048.jpg 1366w, https:\/\/laboratoiretextile.ca\/wp-content\/uploads\/2025\/07\/Laboratoire_Textile_plissage-8x12.jpg 8w, https:\/\/laboratoiretextile.ca\/wp-content\/uploads\/2025\/07\/Laboratoire_Textile_plissage-500x750.jpg 500w, https:\/\/laboratoiretextile.ca\/wp-content\/uploads\/2025\/07\/Laboratoire_Textile_plissage-scaled.jpg 1707w\" sizes=\"auto, (max-width: 683px) 100vw, 683px\" \/><\/figure>\n\n\n\n<figure class=\"wp-block-image size-large\"><img loading=\"lazy\" decoding=\"async\" width=\"683\" height=\"1024\" data-id=\"5008\" src=\"https:\/\/laboratoiretextile.ca\/wp-content\/uploads\/2025\/07\/Laboratoire_Textile_moodboard-683x1024.jpg\" alt=\"\" class=\"wp-image-5008\" srcset=\"https:\/\/laboratoiretextile.ca\/wp-content\/uploads\/2025\/07\/Laboratoire_Textile_moodboard-683x1024.jpg 683w, https:\/\/laboratoiretextile.ca\/wp-content\/uploads\/2025\/07\/Laboratoire_Textile_moodboard-200x300.jpg 200w, https:\/\/laboratoiretextile.ca\/wp-content\/uploads\/2025\/07\/Laboratoire_Textile_moodboard-768x1151.jpg 768w, https:\/\/laboratoiretextile.ca\/wp-content\/uploads\/2025\/07\/Laboratoire_Textile_moodboard-1024x1536.jpg 1024w, https:\/\/laboratoiretextile.ca\/wp-content\/uploads\/2025\/07\/Laboratoire_Textile_moodboard-1366x2048.jpg 1366w, https:\/\/laboratoiretextile.ca\/wp-content\/uploads\/2025\/07\/Laboratoire_Textile_moodboard-8x12.jpg 8w, https:\/\/laboratoiretextile.ca\/wp-content\/uploads\/2025\/07\/Laboratoire_Textile_moodboard-500x750.jpg 500w, https:\/\/laboratoiretextile.ca\/wp-content\/uploads\/2025\/07\/Laboratoire_Textile_moodboard-scaled.jpg 1707w\" sizes=\"auto, (max-width: 683px) 100vw, 683px\" \/><\/figure>\n<\/figure>\n<\/div>\n\n\n\n<div style=\"height:5vh\" aria-hidden=\"true\" class=\"wp-block-spacer\"><\/div>\n\n\n\n<div class=\"wp-block-group is-layout-constrained wp-block-group-is-layout-constrained\">\n<h2 class=\"wp-block-heading\">Background<\/h2>\n\n\n\n<p><br>Trained in design and architecture in France, Lucie Leroux began her career in architectural lighting before moving to Montreal, where she discovered textile printing.<\/p>\n\n\n\n<p>It was while working on large-scale projects like the Shanghai World Expo that she began to take an interest in light and patterns.<\/p>\n\n\n\n<p>Lecturer at the Atelier Textile and the Centre des Textile Contemporains de Montr\u00e9al, she co-foundeda <a href=\"https:\/\/collectiftextile.com\/\" target=\"_blank\" rel=\"noreferrer noopener\">Collectif Textile<\/a>an inspirational journal about contemporary textile design.<\/p>\n\n\n\n<p>After working on costumes for Cirque du Soleil, she has collaborated on several projects from fashion to documentaries, presented throughout Quebec at venues such as the Mus\u00e9e des Beaux Arts de Montr\u00e9al and the Mus\u00e9e de la Civilisation in Quebec City.After working on costumes for Cirque du Soleil, she has collaborated on several projects from fashion to documentaries, presented throughout Quebec at venues such as the Mus\u00e9e des Beaux Arts de Montr\u00e9al and the Mus\u00e9e de la Civilisation in Quebec City.<\/p>\n\n\n\n<p>She launched Laboratoire Textile in 2012, a playground where she explores textile design through various research and creative projects.<\/p>\n\n\n\n<p>Combining craftsmanship and new technologies, she places materials at the center of her tactile explorations and light at the center of my visual experiments.<\/p>\n<\/div>\n\n\n\n<div style=\"height:10vh\" aria-hidden=\"true\" class=\"wp-block-spacer\"><\/div>\n\n\n\n<div class=\"wp-block-group is-layout-constrained wp-container-core-group-is-layout-537d8a88 wp-block-group-is-layout-constrained\" style=\"padding-right:4em;padding-left:4em\">\n<div class=\"wp-block-columns is-layout-flex wp-container-core-columns-is-layout-28f84493 wp-block-columns-is-layout-flex\">\n<div class=\"wp-block-column is-vertically-aligned-center is-layout-flow wp-block-column-is-layout-flow\" style=\"flex-basis:50%\">\n<p class=\"has-text-color\" style=\"color:#444444;font-size:0.9em\"><meta charset=\"utf-8\">This website has been produced with the support of <strong><a href=\"https:\/\/sodec.gouv.qc.ca\/\" target=\"_blank\" rel=\"noreferrer noopener\">Sodec<\/a><\/strong><\/p>\n<\/div>\n\n\n\n<div class=\"wp-block-column is-vertically-aligned-center is-layout-flow wp-block-column-is-layout-flow\" style=\"flex-basis:50%\">\n<figure class=\"wp-block-image size-full\"><img loading=\"lazy\" decoding=\"async\" width=\"160\" height=\"50\" src=\"https:\/\/laboratoiretextile.ca\/wp-content\/uploads\/2021\/09\/Laboratoire_Textile-Sodec-logo.jpg\" alt=\"Laboratoire Textile - Sodec\" class=\"wp-image-952\" srcset=\"https:\/\/laboratoiretextile.ca\/wp-content\/uploads\/2021\/09\/Laboratoire_Textile-Sodec-logo.jpg 160w, https:\/\/laboratoiretextile.ca\/wp-content\/uploads\/2021\/09\/Laboratoire_Textile-Sodec-logo-18x6.jpg 18w\" sizes=\"auto, (max-width: 160px) 100vw, 160px\" \/><\/figure>\n<\/div>\n<\/div>\n\n\n\n<div class=\"wp-block-columns is-layout-flex wp-container-core-columns-is-layout-28f84493 wp-block-columns-is-layout-flex\">\n<div class=\"wp-block-column is-vertically-aligned-top is-layout-flow wp-block-column-is-layout-flow\" style=\"flex-basis:50%\">\n<p class=\"has-text-color\" style=\"color:#444444;font-size:0.9em\"><strong>Web design &amp; d\u00e9veloppement<\/strong><br><a href=\"http:\/\/noir-de-mars.com\" target=\"_blank\" rel=\"noreferrer noopener\">noir-de-mars.com<\/a><br><\/p>\n<\/div>\n\n\n\n<div class=\"wp-block-column is-vertically-aligned-top is-layout-flow wp-block-column-is-layout-flow\" style=\"flex-basis:50%\">\n<p style=\"font-size:0.9em\"><meta charset=\"utf-8\"><\/meta><strong>Photos credits<\/strong><br>Gaby Dalia, Katya Konioukhova, Laboratoire Textile<\/p>\n<\/div>\n<\/div>\n<\/div>","protected":false},"excerpt":{"rendered":"<p>Parcours Form\u00e9e en design et en architecture en France, Lucie Leroux d\u00e9bute sa carri\u00e8re dans l\u2019\u00e9clairage architectural avant de s\u2019installer \u00e0 Montr\u00e9al, o\u00f9 elle d\u00e9couvre l\u2019impression textile. C\u2019est en travaillant sur des projets d\u2019envergure comme l\u2019Exposition Universelle de Shanghai qu&rsquo;elle a commenc\u00e9 \u00e0 m\u2019int\u00e9resser \u00e0 la lumi\u00e8re et aux motifs. Charg\u00e9e de cours \u00e0 l&rsquo;Atelier [&hellip;]<\/p>\n","protected":false},"author":1,"featured_media":3312,"parent":0,"menu_order":1,"comment_status":"closed","ping_status":"closed","template":"","meta":{"iawp_total_views":454,"footnotes":""},"class_list":["post-11","page","type-page","status-publish","has-post-thumbnail","hentry"],"yoast_head":"<!-- This site is optimized with the Yoast SEO plugin v27.4 - https:\/\/yoast.com\/product\/yoast-seo-wordpress\/ -->\n<title>La cr\u00e9atrice - Laboratoire Textile<\/title>\n<meta name=\"description\" content=\"D\u00e9couvrez l&#039;histoire de la marque montr\u00e9alaise de luminaires Laboratoire Textile. Et explorez le parcours de sa cr\u00e9atrice Lucie Leroux.\" \/>\n<meta name=\"robots\" content=\"index, follow, max-snippet:-1, max-image-preview:large, max-video-preview:-1\" \/>\n<link rel=\"canonical\" href=\"https:\/\/laboratoiretextile.ca\/en\/la-marque\/\" \/>\n<meta property=\"og:locale\" content=\"en_US\" \/>\n<meta property=\"og:type\" content=\"article\" \/>\n<meta property=\"og:title\" content=\"La cr\u00e9atrice - Laboratoire Textile\" \/>\n<meta property=\"og:description\" content=\"D\u00e9couvrez l&#039;histoire de la marque montr\u00e9alaise de luminaires Laboratoire Textile. Et explorez le parcours de sa cr\u00e9atrice Lucie Leroux.\" \/>\n<meta property=\"og:url\" content=\"https:\/\/laboratoiretextile.ca\/en\/la-marque\/\" \/>\n<meta property=\"og:site_name\" content=\"Laboratoire Textile\" \/>\n<meta property=\"article:publisher\" content=\"https:\/\/fr-fr.facebook.com\/LaboratoireTextile\" \/>\n<meta property=\"article:modified_time\" content=\"2026-02-17T21:21:40+00:00\" \/>\n<meta property=\"og:image\" content=\"https:\/\/laboratoiretextile.ca\/wp-content\/uploads\/2024\/10\/Laboratoire_Textile-N135-Perseids-JN-02.jpg\" \/>\n\t<meta property=\"og:image:width\" content=\"1200\" \/>\n\t<meta property=\"og:image:height\" content=\"1200\" \/>\n\t<meta property=\"og:image:type\" content=\"image\/jpeg\" \/>\n<meta name=\"twitter:card\" content=\"summary_large_image\" \/>\n<meta name=\"twitter:label1\" content=\"Est. reading time\" \/>\n\t<meta name=\"twitter:data1\" content=\"3 minutes\" \/>\n<script type=\"application\/ld+json\" class=\"yoast-schema-graph\">{\"@context\":\"https:\\\/\\\/schema.org\",\"@graph\":[{\"@type\":\"WebPage\",\"@id\":\"https:\\\/\\\/laboratoiretextile.ca\\\/la-marque\\\/\",\"url\":\"https:\\\/\\\/laboratoiretextile.ca\\\/la-marque\\\/\",\"name\":\"La cr\u00e9atrice - Laboratoire Textile\",\"isPartOf\":{\"@id\":\"https:\\\/\\\/laboratoiretextile.ca\\\/#website\"},\"primaryImageOfPage\":{\"@id\":\"https:\\\/\\\/laboratoiretextile.ca\\\/la-marque\\\/#primaryimage\"},\"image\":{\"@id\":\"https:\\\/\\\/laboratoiretextile.ca\\\/la-marque\\\/#primaryimage\"},\"thumbnailUrl\":\"https:\\\/\\\/laboratoiretextile.ca\\\/wp-content\\\/uploads\\\/2024\\\/10\\\/Laboratoire_Textile-N135-Perseids-JN-02.jpg\",\"datePublished\":\"2021-06-09T22:41:57+00:00\",\"dateModified\":\"2026-02-17T21:21:40+00:00\",\"description\":\"D\u00e9couvrez l'histoire de la marque montr\u00e9alaise de luminaires Laboratoire Textile. Et explorez le parcours de sa cr\u00e9atrice Lucie Leroux.\",\"breadcrumb\":{\"@id\":\"https:\\\/\\\/laboratoiretextile.ca\\\/la-marque\\\/#breadcrumb\"},\"inLanguage\":\"en-US\",\"potentialAction\":[{\"@type\":\"ReadAction\",\"target\":[\"https:\\\/\\\/laboratoiretextile.ca\\\/la-marque\\\/\"]}]},{\"@type\":\"ImageObject\",\"inLanguage\":\"en-US\",\"@id\":\"https:\\\/\\\/laboratoiretextile.ca\\\/la-marque\\\/#primaryimage\",\"url\":\"https:\\\/\\\/laboratoiretextile.ca\\\/wp-content\\\/uploads\\\/2024\\\/10\\\/Laboratoire_Textile-N135-Perseids-JN-02.jpg\",\"contentUrl\":\"https:\\\/\\\/laboratoiretextile.ca\\\/wp-content\\\/uploads\\\/2024\\\/10\\\/Laboratoire_Textile-N135-Perseids-JN-02.jpg\",\"width\":1200,\"height\":1200,\"caption\":\"Laboratoire Textile - Lampe N135 motif Pers\u00e9ides\"},{\"@type\":\"BreadcrumbList\",\"@id\":\"https:\\\/\\\/laboratoiretextile.ca\\\/la-marque\\\/#breadcrumb\",\"itemListElement\":[{\"@type\":\"ListItem\",\"position\":1,\"name\":\"Accueil\",\"item\":\"https:\\\/\\\/laboratoiretextile.ca\\\/\"},{\"@type\":\"ListItem\",\"position\":2,\"name\":\"La cr\u00e9atrice\"}]},{\"@type\":\"WebSite\",\"@id\":\"https:\\\/\\\/laboratoiretextile.ca\\\/#website\",\"url\":\"https:\\\/\\\/laboratoiretextile.ca\\\/\",\"name\":\"Laboratoire Textile\",\"description\":\"Plier la lumi\u00e8re\",\"publisher\":{\"@id\":\"https:\\\/\\\/laboratoiretextile.ca\\\/#organization\"},\"potentialAction\":[{\"@type\":\"SearchAction\",\"target\":{\"@type\":\"EntryPoint\",\"urlTemplate\":\"https:\\\/\\\/laboratoiretextile.ca\\\/?s={search_term_string}\"},\"query-input\":{\"@type\":\"PropertyValueSpecification\",\"valueRequired\":true,\"valueName\":\"search_term_string\"}}],\"inLanguage\":\"en-US\"},{\"@type\":\"Organization\",\"@id\":\"https:\\\/\\\/laboratoiretextile.ca\\\/#organization\",\"name\":\"Laboratoire Textile\",\"url\":\"https:\\\/\\\/laboratoiretextile.ca\\\/\",\"logo\":{\"@type\":\"ImageObject\",\"inLanguage\":\"en-US\",\"@id\":\"https:\\\/\\\/laboratoiretextile.ca\\\/#\\\/schema\\\/logo\\\/image\\\/\",\"url\":\"https:\\\/\\\/laboratoiretextile.ca\\\/wp-content\\\/uploads\\\/2021\\\/11\\\/Laboratoire-Textile-N302-Chevrons-Blanc-02.jpg\",\"contentUrl\":\"https:\\\/\\\/laboratoiretextile.ca\\\/wp-content\\\/uploads\\\/2021\\\/11\\\/Laboratoire-Textile-N302-Chevrons-Blanc-02.jpg\",\"width\":1200,\"height\":1200,\"caption\":\"Laboratoire Textile\"},\"image\":{\"@id\":\"https:\\\/\\\/laboratoiretextile.ca\\\/#\\\/schema\\\/logo\\\/image\\\/\"},\"sameAs\":[\"https:\\\/\\\/fr-fr.facebook.com\\\/LaboratoireTextile\",\"https:\\\/\\\/www.instagram.com\\\/laboratoiretextile\\\/?hl=fr\",\"https:\\\/\\\/www.pinterest.ca\\\/Laboratoiretext\\\/\"]}]}<\/script>\n<!-- \/ Yoast SEO plugin. -->","yoast_head_json":{"title":"La cr\u00e9atrice - Laboratoire Textile","description":"D\u00e9couvrez l'histoire de la marque montr\u00e9alaise de luminaires Laboratoire Textile. Et explorez le parcours de sa cr\u00e9atrice Lucie Leroux.","robots":{"index":"index","follow":"follow","max-snippet":"max-snippet:-1","max-image-preview":"max-image-preview:large","max-video-preview":"max-video-preview:-1"},"canonical":"https:\/\/laboratoiretextile.ca\/en\/la-marque\/","og_locale":"en_US","og_type":"article","og_title":"La cr\u00e9atrice - Laboratoire Textile","og_description":"D\u00e9couvrez l'histoire de la marque montr\u00e9alaise de luminaires Laboratoire Textile. Et explorez le parcours de sa cr\u00e9atrice Lucie Leroux.","og_url":"https:\/\/laboratoiretextile.ca\/en\/la-marque\/","og_site_name":"Laboratoire Textile","article_publisher":"https:\/\/fr-fr.facebook.com\/LaboratoireTextile","article_modified_time":"2026-02-17T21:21:40+00:00","og_image":[{"width":1200,"height":1200,"url":"https:\/\/laboratoiretextile.ca\/wp-content\/uploads\/2024\/10\/Laboratoire_Textile-N135-Perseids-JN-02.jpg","type":"image\/jpeg"}],"twitter_card":"summary_large_image","twitter_misc":{"Est. reading time":"3 minutes"},"schema":{"@context":"https:\/\/schema.org","@graph":[{"@type":"WebPage","@id":"https:\/\/laboratoiretextile.ca\/la-marque\/","url":"https:\/\/laboratoiretextile.ca\/la-marque\/","name":"La cr\u00e9atrice - Laboratoire Textile","isPartOf":{"@id":"https:\/\/laboratoiretextile.ca\/#website"},"primaryImageOfPage":{"@id":"https:\/\/laboratoiretextile.ca\/la-marque\/#primaryimage"},"image":{"@id":"https:\/\/laboratoiretextile.ca\/la-marque\/#primaryimage"},"thumbnailUrl":"https:\/\/laboratoiretextile.ca\/wp-content\/uploads\/2024\/10\/Laboratoire_Textile-N135-Perseids-JN-02.jpg","datePublished":"2021-06-09T22:41:57+00:00","dateModified":"2026-02-17T21:21:40+00:00","description":"D\u00e9couvrez l'histoire de la marque montr\u00e9alaise de luminaires Laboratoire Textile. Et explorez le parcours de sa cr\u00e9atrice Lucie Leroux.","breadcrumb":{"@id":"https:\/\/laboratoiretextile.ca\/la-marque\/#breadcrumb"},"inLanguage":"en-US","potentialAction":[{"@type":"ReadAction","target":["https:\/\/laboratoiretextile.ca\/la-marque\/"]}]},{"@type":"ImageObject","inLanguage":"en-US","@id":"https:\/\/laboratoiretextile.ca\/la-marque\/#primaryimage","url":"https:\/\/laboratoiretextile.ca\/wp-content\/uploads\/2024\/10\/Laboratoire_Textile-N135-Perseids-JN-02.jpg","contentUrl":"https:\/\/laboratoiretextile.ca\/wp-content\/uploads\/2024\/10\/Laboratoire_Textile-N135-Perseids-JN-02.jpg","width":1200,"height":1200,"caption":"Laboratoire Textile - Lampe N135 motif Pers\u00e9ides"},{"@type":"BreadcrumbList","@id":"https:\/\/laboratoiretextile.ca\/la-marque\/#breadcrumb","itemListElement":[{"@type":"ListItem","position":1,"name":"Accueil","item":"https:\/\/laboratoiretextile.ca\/"},{"@type":"ListItem","position":2,"name":"La cr\u00e9atrice"}]},{"@type":"WebSite","@id":"https:\/\/laboratoiretextile.ca\/#website","url":"https:\/\/laboratoiretextile.ca\/","name":"Laboratoire Textile","description":"Folding light","publisher":{"@id":"https:\/\/laboratoiretextile.ca\/#organization"},"potentialAction":[{"@type":"SearchAction","target":{"@type":"EntryPoint","urlTemplate":"https:\/\/laboratoiretextile.ca\/?s={search_term_string}"},"query-input":{"@type":"PropertyValueSpecification","valueRequired":true,"valueName":"search_term_string"}}],"inLanguage":"en-US"},{"@type":"Organization","@id":"https:\/\/laboratoiretextile.ca\/#organization","name":"Laboratoire Textile","url":"https:\/\/laboratoiretextile.ca\/","logo":{"@type":"ImageObject","inLanguage":"en-US","@id":"https:\/\/laboratoiretextile.ca\/#\/schema\/logo\/image\/","url":"https:\/\/laboratoiretextile.ca\/wp-content\/uploads\/2021\/11\/Laboratoire-Textile-N302-Chevrons-Blanc-02.jpg","contentUrl":"https:\/\/laboratoiretextile.ca\/wp-content\/uploads\/2021\/11\/Laboratoire-Textile-N302-Chevrons-Blanc-02.jpg","width":1200,"height":1200,"caption":"Laboratoire Textile"},"image":{"@id":"https:\/\/laboratoiretextile.ca\/#\/schema\/logo\/image\/"},"sameAs":["https:\/\/fr-fr.facebook.com\/LaboratoireTextile","https:\/\/www.instagram.com\/laboratoiretextile\/?hl=fr","https:\/\/www.pinterest.ca\/Laboratoiretext\/"]}]}},"jetpack_sharing_enabled":true,"_links":{"self":[{"href":"https:\/\/laboratoiretextile.ca\/en\/wp-json\/wp\/v2\/pages\/11","targetHints":{"allow":["GET"]}}],"collection":[{"href":"https:\/\/laboratoiretextile.ca\/en\/wp-json\/wp\/v2\/pages"}],"about":[{"href":"https:\/\/laboratoiretextile.ca\/en\/wp-json\/wp\/v2\/types\/page"}],"author":[{"embeddable":true,"href":"https:\/\/laboratoiretextile.ca\/en\/wp-json\/wp\/v2\/users\/1"}],"replies":[{"embeddable":true,"href":"https:\/\/laboratoiretextile.ca\/en\/wp-json\/wp\/v2\/comments?post=11"}],"version-history":[{"count":114,"href":"https:\/\/laboratoiretextile.ca\/en\/wp-json\/wp\/v2\/pages\/11\/revisions"}],"predecessor-version":[{"id":5212,"href":"https:\/\/laboratoiretextile.ca\/en\/wp-json\/wp\/v2\/pages\/11\/revisions\/5212"}],"wp:featuredmedia":[{"embeddable":true,"href":"https:\/\/laboratoiretextile.ca\/en\/wp-json\/wp\/v2\/media\/3312"}],"wp:attachment":[{"href":"https:\/\/laboratoiretextile.ca\/en\/wp-json\/wp\/v2\/media?parent=11"}],"curies":[{"name":"wp","href":"https:\/\/api.w.org\/{rel}","templated":true}]}}