{"id":1898,"date":"2023-04-25T17:00:58","date_gmt":"2023-04-25T21:00:58","guid":{"rendered":"https:\/\/laboratoiretextile.ca\/?page_id=1898"},"modified":"2025-01-07T10:12:43","modified_gmt":"2025-01-07T15:12:43","slug":"collection-eclipse","status":"publish","type":"page","link":"https:\/\/laboratoiretextile.ca\/en\/boutique\/collection-eclipse\/","title":{"rendered":"Eclipse collection"},"content":{"rendered":"<div class=\"wp-block-group is-layout-constrained wp-block-group-is-layout-constrained\">\n<div class=\"wp-block-columns alignfull is-layout-flex wp-container-core-columns-is-layout-28f84493 wp-block-columns-is-layout-flex\">\n<div class=\"wp-block-column is-layout-flow wp-block-column-is-layout-flow\" style=\"flex-basis:50%\">\n<figure class=\"wp-block-image size-full\"><img loading=\"lazy\" decoding=\"async\" width=\"800\" height=\"600\" src=\"https:\/\/laboratoiretextile.ca\/wp-content\/uploads\/2024\/12\/Laboratoire_Textile-Eclipse-de-soleil.jpg\" alt=\"E\u0301clipse de soleil\" class=\"wp-image-4368\" srcset=\"https:\/\/laboratoiretextile.ca\/wp-content\/uploads\/2024\/12\/Laboratoire_Textile-Eclipse-de-soleil.jpg 800w, https:\/\/laboratoiretextile.ca\/wp-content\/uploads\/2024\/12\/Laboratoire_Textile-Eclipse-de-soleil-300x225.jpg 300w, https:\/\/laboratoiretextile.ca\/wp-content\/uploads\/2024\/12\/Laboratoire_Textile-Eclipse-de-soleil-768x576.jpg 768w, https:\/\/laboratoiretextile.ca\/wp-content\/uploads\/2024\/12\/Laboratoire_Textile-Eclipse-de-soleil-16x12.jpg 16w, https:\/\/laboratoiretextile.ca\/wp-content\/uploads\/2024\/12\/Laboratoire_Textile-Eclipse-de-soleil-500x375.jpg 500w\" sizes=\"auto, (max-width: 800px) 100vw, 800px\" \/><\/figure>\n<\/div>\n\n\n\n<div class=\"wp-block-column is-vertically-aligned-stretch has-tertiary-background-color has-background is-layout-flow wp-block-column-is-layout-flow\">\n<div class=\"wp-block-group is-vertical is-content-justification-center is-layout-flex wp-container-core-group-is-layout-b6c1f246 wp-block-group-is-layout-flex\" style=\"min-height:100%\">\n<div class=\"wp-block-group has-tertiary-background-color has-background is-content-justification-center is-layout-constrained wp-container-core-group-is-layout-878ff88c wp-block-group-is-layout-constrained\">\n<div class=\"wp-block-group is-layout-constrained wp-container-core-group-is-layout-e555385e wp-block-group-is-layout-constrained\">\n<p class=\"has-text-align-center\">COLLECTION<\/p>\n\n\n\n<h1 class=\"wp-block-heading has-text-align-center\">Eclipse<\/h1>\n<\/div>\n\n\n\n<p><br>Astronomy I n. f. (Low Latin&nbsp;<em>eclipsis,&nbsp;<\/em>Greek&nbsp;<em>ekleipsis<\/em>)<br>Temporary disappearance of a celestial body in the shadow or the penumbra of another.<br> <\/p>\n\n\n\n<p class=\"has-text-align-right\">&#8211; <em>Larousse dictionnary<\/em><\/p>\n<\/div>\n<\/div>\n<\/div>\n<\/div>\n\n\n\n<div style=\"height:10vh\" aria-hidden=\"true\" class=\"wp-block-spacer\"><\/div>\n\n\n\n<div class=\"wp-block-group alignwide is-layout-constrained wp-block-group-is-layout-constrained\">\n<div class=\"wp-block-media-text alignwide is-stacked-on-mobile is-vertically-aligned-top\" style=\"grid-template-columns:20% auto\"><figure class=\"wp-block-media-text__media\"><img loading=\"lazy\" decoding=\"async\" width=\"400\" height=\"600\" src=\"https:\/\/laboratoiretextile.ca\/wp-content\/uploads\/2024\/12\/Laboratoire_Textile-Eclipse-de-soleil-2.jpg\" alt=\"E\u0301clipse de soleil\" class=\"wp-image-4369 size-full\" srcset=\"https:\/\/laboratoiretextile.ca\/wp-content\/uploads\/2024\/12\/Laboratoire_Textile-Eclipse-de-soleil-2.jpg 400w, https:\/\/laboratoiretextile.ca\/wp-content\/uploads\/2024\/12\/Laboratoire_Textile-Eclipse-de-soleil-2-200x300.jpg 200w, https:\/\/laboratoiretextile.ca\/wp-content\/uploads\/2024\/12\/Laboratoire_Textile-Eclipse-de-soleil-2-8x12.jpg 8w\" sizes=\"auto, (max-width: 400px) 100vw, 400px\" \/><\/figure><div class=\"wp-block-media-text__content\">\n<div style=\"height:4rem\" aria-hidden=\"true\" class=\"wp-block-spacer\"><\/div>\n\n\n\n<p>The Eclipse collection was created from the observation of this rare and fascinating phenomenon that plays with light but especially with the absence of light.<br>The design of the Eclipse collection takes the form of a large black half-moon, screen printed by hand. The white patches let through flashes of light, evoking the surface of the moon or celestial objects.<br>The print comes to life when folded. The eye then wanders over mountains and valleys, discovering this new graphic territory. Beyond its strong graphic presence, the pattern is also functional, blocking out some of the light. <br>The lighting can then be modulated by rotating the object to select the position of the motif. This simple, low-tech operation also evokes the course of the solar system.<\/p>\n<\/div><\/div>\n<\/div>\n\n\n\n<div style=\"height:8vh\" aria-hidden=\"true\" class=\"wp-block-spacer\"><\/div>\n\n\n\n<div class=\"wp-block-group alignwide is-layout-constrained wp-block-group-is-layout-constrained\">\n<div class=\"wp-block-group alignwide is-layout-grid wp-container-core-group-is-layout-8da69725 wp-block-group-is-layout-grid\">\n<div data-block-name=\"woocommerce\/single-product\" data-product-id=\"1943\" data-wp-context=\"{&quot;productId&quot;:1943,&quot;variationId&quot;:null}\" data-wp-interactive=\"woocommerce\/single-product\" class=\"wp-block-woocommerce-single-product woocommerce\"><div data-block-name=\"woocommerce\/product-image\" data-height=\"100%\" data-is-descendent-of-single-product-block=\"true\" data-show-sale-badge=\"false\" data-style=\"{&quot;spacing&quot;:{&quot;margin&quot;:{&quot;top&quot;:&quot;0px&quot;,&quot;bottom&quot;:&quot;0px&quot;},&quot;padding&quot;:{&quot;top&quot;:&quot;0px&quot;,&quot;bottom&quot;:&quot;0px&quot;}}}\" data-width=\"\" style=\"margin-top:0px;margin-bottom:0px; padding-top:0px;padding-bottom:0px; padding-top:0px;padding-bottom:0px;margin-top:0px;margin-bottom:0px;\" class=\"wc-block-components-product-image wc-block-grid__product-image wc-block-components-product-image--aspect-ratio-auto wp-block-woocommerce-product-image\"><a href=\"https:\/\/laboratoiretextile.ca\/en\/boutique\/n302-eclipse\/\" style=\"\" data-wp-on--click=\"woocommerce\/product-collection::actions.viewProduct\"><img decoding=\"async\" width=\"500\" height=\"500\" src=\"https:\/\/laboratoiretextile.ca\/wp-content\/uploads\/2023\/05\/Laboratoire_Textile-N302-eclipse-01-1-500x500.jpg\" class=\"attachment-woocommerce_single size-woocommerce_single\" alt=\"Laboratoire Textile - lampe N302 \u00c9clipse\" data-testid=\"product-image\" data-image-id=\"1965\" style=\"height:100%;object-fit:cover;\" loading=\"lazy\" srcset=\"https:\/\/laboratoiretextile.ca\/wp-content\/uploads\/2023\/05\/Laboratoire_Textile-N302-eclipse-01-1-500x500.jpg 500w, https:\/\/laboratoiretextile.ca\/wp-content\/uploads\/2023\/05\/Laboratoire_Textile-N302-eclipse-01-1-300x300.jpg 300w, https:\/\/laboratoiretextile.ca\/wp-content\/uploads\/2023\/05\/Laboratoire_Textile-N302-eclipse-01-1-1024x1024.jpg 1024w, https:\/\/laboratoiretextile.ca\/wp-content\/uploads\/2023\/05\/Laboratoire_Textile-N302-eclipse-01-1-150x150.jpg 150w, https:\/\/laboratoiretextile.ca\/wp-content\/uploads\/2023\/05\/Laboratoire_Textile-N302-eclipse-01-1-768x768.jpg 768w, https:\/\/laboratoiretextile.ca\/wp-content\/uploads\/2023\/05\/Laboratoire_Textile-N302-eclipse-01-1-12x12.jpg 12w, https:\/\/laboratoiretextile.ca\/wp-content\/uploads\/2023\/05\/Laboratoire_Textile-N302-eclipse-01-1-200x200.jpg 200w, https:\/\/laboratoiretextile.ca\/wp-content\/uploads\/2023\/05\/Laboratoire_Textile-N302-eclipse-01-1.jpg 1200w\" sizes=\"auto, (max-width: 500px) 100vw, 500px\" \/><div class=\"wc-block-components-product-image__inner-container\"><\/div><\/a><\/div><\/div>\n\n\n\n<div data-block-name=\"woocommerce\/single-product\" data-product-id=\"1851\" data-wp-context=\"{&quot;productId&quot;:1851,&quot;variationId&quot;:null}\" data-wp-interactive=\"woocommerce\/single-product\" class=\"wp-block-woocommerce-single-product woocommerce\"><div data-block-name=\"woocommerce\/product-image\" data-height=\"100%\" data-is-descendent-of-single-product-block=\"true\" data-show-sale-badge=\"false\" data-style=\"{&quot;spacing&quot;:{&quot;padding&quot;:{&quot;right&quot;:&quot;0px&quot;,&quot;left&quot;:&quot;0px&quot;,&quot;top&quot;:&quot;0px&quot;,&quot;bottom&quot;:&quot;0px&quot;},&quot;margin&quot;:{&quot;top&quot;:&quot;0px&quot;,&quot;bottom&quot;:&quot;0px&quot;}}}\" style=\"margin-top:0px;margin-bottom:0px; padding-right:0px;padding-left:0px;padding-top:0px;padding-bottom:0px; padding-right:0px;padding-left:0px;padding-top:0px;padding-bottom:0px;margin-top:0px;margin-bottom:0px;\" class=\"wc-block-components-product-image wc-block-grid__product-image wc-block-components-product-image--aspect-ratio-auto wp-block-woocommerce-product-image\"><a href=\"https:\/\/laboratoiretextile.ca\/en\/boutique\/n135-eclipse\/\" style=\"\" data-wp-on--click=\"woocommerce\/product-collection::actions.viewProduct\"><img decoding=\"async\" width=\"500\" height=\"500\" src=\"https:\/\/laboratoiretextile.ca\/wp-content\/uploads\/2022\/12\/Laboratoire_Textile-N135-eclipse-01-copie-1-500x500.jpg\" class=\"attachment-woocommerce_single size-woocommerce_single\" alt=\"Laboratoire Textile - lampe N135 \u00c9clipse\" data-testid=\"product-image\" data-image-id=\"1966\" style=\"height:100%;object-fit:cover;\" loading=\"lazy\" srcset=\"https:\/\/laboratoiretextile.ca\/wp-content\/uploads\/2022\/12\/Laboratoire_Textile-N135-eclipse-01-copie-1-500x500.jpg 500w, https:\/\/laboratoiretextile.ca\/wp-content\/uploads\/2022\/12\/Laboratoire_Textile-N135-eclipse-01-copie-1-300x300.jpg 300w, https:\/\/laboratoiretextile.ca\/wp-content\/uploads\/2022\/12\/Laboratoire_Textile-N135-eclipse-01-copie-1-1024x1024.jpg 1024w, https:\/\/laboratoiretextile.ca\/wp-content\/uploads\/2022\/12\/Laboratoire_Textile-N135-eclipse-01-copie-1-150x150.jpg 150w, https:\/\/laboratoiretextile.ca\/wp-content\/uploads\/2022\/12\/Laboratoire_Textile-N135-eclipse-01-copie-1-768x768.jpg 768w, https:\/\/laboratoiretextile.ca\/wp-content\/uploads\/2022\/12\/Laboratoire_Textile-N135-eclipse-01-copie-1-12x12.jpg 12w, https:\/\/laboratoiretextile.ca\/wp-content\/uploads\/2022\/12\/Laboratoire_Textile-N135-eclipse-01-copie-1-200x200.jpg 200w, https:\/\/laboratoiretextile.ca\/wp-content\/uploads\/2022\/12\/Laboratoire_Textile-N135-eclipse-01-copie-1.jpg 1200w\" sizes=\"auto, (max-width: 500px) 100vw, 500px\" \/><div class=\"wc-block-components-product-image__inner-container\"><\/div><\/a><\/div><\/div>\n\n\n\n<div class=\"wp-block-group has-foreground-background-color has-background wp-container-content-ee860f63 is-vertical is-layout-flex wp-container-core-group-is-layout-fed7e1b2 wp-block-group-is-layout-flex\">\n<p class=\"has-text-align-left has-background-color has-text-color has-link-color wp-elements-a1bcc35461bb5fe797cc7030af2f05f5\">Discover the dark and light world of the Eclipse collection.<\/p>\n\n\n\n<div class=\"wp-block-buttons is-content-justification-center is-layout-flex wp-container-core-buttons-is-layout-a89b3969 wp-block-buttons-is-layout-flex\">\n<div class=\"wp-block-button has-custom-font-size is-style-outline has-small-font-size is-style-outline--1\"><a class=\"wp-block-button__link has-foreground-color has-background-background-color has-text-color has-background has-link-color wp-element-button\" href=\"https:\/\/laboratoiretextile.ca\/en\/product-category\/lampes\/eclipse\/\">Shop the collection<\/a><\/div>\n<\/div>\n<\/div>\n<\/div>\n<\/div>\n<\/div>\n\n\n\n<div style=\"height:8vh\" aria-hidden=\"true\" class=\"wp-block-spacer\"><\/div>\n\n\n\n<div class=\"wp-block-group has-background-background-color has-background is-layout-flow wp-block-group-is-layout-flow\">\n<div class=\"wp-block-cover alignfull is-light\" style=\"min-height:500px;aspect-ratio:unset;\"><span aria-hidden=\"true\" class=\"wp-block-cover__background has-background-dim-0 has-background-dim\"><\/span><img loading=\"lazy\" decoding=\"async\" width=\"1024\" height=\"1024\" class=\"wp-block-cover__image-background wp-image-1909\" alt=\"Laboratoire Textile - Collection \u00c9clipse\" src=\"https:\/\/laboratoiretextile.ca\/wp-content\/uploads\/2023\/04\/IMG_20221129_111214_982-1024x1024.webp\" data-object-fit=\"cover\" srcset=\"https:\/\/laboratoiretextile.ca\/wp-content\/uploads\/2023\/04\/IMG_20221129_111214_982-1024x1024.webp 1024w, https:\/\/laboratoiretextile.ca\/wp-content\/uploads\/2023\/04\/IMG_20221129_111214_982-500x500.webp 500w, https:\/\/laboratoiretextile.ca\/wp-content\/uploads\/2023\/04\/IMG_20221129_111214_982-300x300.webp 300w, https:\/\/laboratoiretextile.ca\/wp-content\/uploads\/2023\/04\/IMG_20221129_111214_982-150x150.webp 150w, https:\/\/laboratoiretextile.ca\/wp-content\/uploads\/2023\/04\/IMG_20221129_111214_982-768x768.webp 768w, https:\/\/laboratoiretextile.ca\/wp-content\/uploads\/2023\/04\/IMG_20221129_111214_982-12x12.webp 12w, https:\/\/laboratoiretextile.ca\/wp-content\/uploads\/2023\/04\/IMG_20221129_111214_982-200x200.webp 200w, https:\/\/laboratoiretextile.ca\/wp-content\/uploads\/2023\/04\/IMG_20221129_111214_982.webp 1440w\" sizes=\"auto, (max-width: 1024px) 100vw, 1024px\" \/><div class=\"wp-block-cover__inner-container is-layout-flow wp-block-cover-is-layout-flow\">\n<p class=\"has-text-align-center has-large-font-size\"><\/p>\n<\/div><\/div>\n<\/div>","protected":false},"excerpt":{"rendered":"<p>COLLECTION \u00c9clipse Astronomie I n. f. (bas latin&nbsp;eclipsis,&nbsp;du grec&nbsp;ekleipsis)Disparition temporaire d&rsquo;un astre dans l&rsquo;ombre ou la p\u00e9nombre d&rsquo;un autre. &#8211; Dictionnaire Larousse La collection \u00c9clipse est n\u00e9e de l&rsquo;observation de ce rare et fascinant ph\u00e9nom\u00e8ne qui joue avec la lumi\u00e8re mais surtout avec l&rsquo;absence de lumi\u00e8re.Le motif de la collection \u00c9clipse prend la forme d&rsquo;un [&hellip;]<\/p>\n","protected":false},"author":1,"featured_media":0,"parent":755,"menu_order":2,"comment_status":"closed","ping_status":"closed","template":"page-no-title","meta":{"iawp_total_views":4,"footnotes":""},"class_list":["post-1898","page","type-page","status-publish","hentry"],"yoast_head":"<!-- This site is optimized with the Yoast SEO plugin v27.4 - https:\/\/yoast.com\/product\/yoast-seo-wordpress\/ -->\n<title>Collection \u00c9clipse - Laboratoire Textile<\/title>\n<meta name=\"description\" content=\"Laboratoire Textile cr\u00e9e des luminaires pli\u00e9s et s\u00e9rigraphi\u00e9s \u00e0 la main. La collection \u00c9clipse s&#039;inspire du ph\u00e9nom\u00e8ne astral du m\u00eame nom.\" \/>\n<meta name=\"robots\" content=\"index, follow, max-snippet:-1, max-image-preview:large, max-video-preview:-1\" \/>\n<link rel=\"canonical\" href=\"https:\/\/laboratoiretextile.ca\/en\/boutique\/collection-eclipse\/\" \/>\n<meta property=\"og:locale\" content=\"en_US\" \/>\n<meta property=\"og:type\" content=\"article\" \/>\n<meta property=\"og:title\" content=\"Collection \u00c9clipse - Laboratoire Textile\" \/>\n<meta property=\"og:description\" content=\"Laboratoire Textile cr\u00e9e des luminaires pli\u00e9s et s\u00e9rigraphi\u00e9s \u00e0 la main. La collection \u00c9clipse s&#039;inspire du ph\u00e9nom\u00e8ne astral du m\u00eame nom.\" \/>\n<meta property=\"og:url\" content=\"https:\/\/laboratoiretextile.ca\/en\/boutique\/collection-eclipse\/\" \/>\n<meta property=\"og:site_name\" content=\"Laboratoire Textile\" \/>\n<meta property=\"article:publisher\" content=\"https:\/\/fr-fr.facebook.com\/LaboratoireTextile\" \/>\n<meta property=\"article:modified_time\" content=\"2025-01-07T15:12:43+00:00\" \/>\n<meta property=\"og:image\" content=\"https:\/\/laboratoiretextile.ca\/wp-content\/uploads\/2024\/12\/Laboratoire_Textile-Eclipse-de-soleil.jpg\" \/>\n\t<meta property=\"og:image:width\" content=\"800\" \/>\n\t<meta property=\"og:image:height\" content=\"600\" \/>\n\t<meta property=\"og:image:type\" content=\"image\/jpeg\" \/>\n<meta name=\"twitter:card\" content=\"summary_large_image\" \/>\n<meta name=\"twitter:label1\" content=\"Est. reading time\" \/>\n\t<meta name=\"twitter:data1\" content=\"2 minutes\" \/>\n<script type=\"application\/ld+json\" class=\"yoast-schema-graph\">{\"@context\":\"https:\\\/\\\/schema.org\",\"@graph\":[{\"@type\":\"WebPage\",\"@id\":\"https:\\\/\\\/laboratoiretextile.ca\\\/boutique\\\/collection-eclipse\\\/\",\"url\":\"https:\\\/\\\/laboratoiretextile.ca\\\/boutique\\\/collection-eclipse\\\/\",\"name\":\"Collection \u00c9clipse - Laboratoire Textile\",\"isPartOf\":{\"@id\":\"https:\\\/\\\/laboratoiretextile.ca\\\/#website\"},\"primaryImageOfPage\":{\"@id\":\"https:\\\/\\\/laboratoiretextile.ca\\\/boutique\\\/collection-eclipse\\\/#primaryimage\"},\"image\":{\"@id\":\"https:\\\/\\\/laboratoiretextile.ca\\\/boutique\\\/collection-eclipse\\\/#primaryimage\"},\"thumbnailUrl\":\"https:\\\/\\\/laboratoiretextile.ca\\\/wp-content\\\/uploads\\\/2024\\\/12\\\/Laboratoire_Textile-Eclipse-de-soleil.jpg\",\"datePublished\":\"2023-04-25T21:00:58+00:00\",\"dateModified\":\"2025-01-07T15:12:43+00:00\",\"description\":\"Laboratoire Textile cr\u00e9e des luminaires pli\u00e9s et s\u00e9rigraphi\u00e9s \u00e0 la main. La collection \u00c9clipse s'inspire du ph\u00e9nom\u00e8ne astral du m\u00eame nom.\",\"breadcrumb\":{\"@id\":\"https:\\\/\\\/laboratoiretextile.ca\\\/boutique\\\/collection-eclipse\\\/#breadcrumb\"},\"inLanguage\":\"en-US\",\"potentialAction\":[{\"@type\":\"ReadAction\",\"target\":[\"https:\\\/\\\/laboratoiretextile.ca\\\/boutique\\\/collection-eclipse\\\/\"]}]},{\"@type\":\"ImageObject\",\"inLanguage\":\"en-US\",\"@id\":\"https:\\\/\\\/laboratoiretextile.ca\\\/boutique\\\/collection-eclipse\\\/#primaryimage\",\"url\":\"https:\\\/\\\/laboratoiretextile.ca\\\/wp-content\\\/uploads\\\/2024\\\/12\\\/Laboratoire_Textile-Eclipse-de-soleil.jpg\",\"contentUrl\":\"https:\\\/\\\/laboratoiretextile.ca\\\/wp-content\\\/uploads\\\/2024\\\/12\\\/Laboratoire_Textile-Eclipse-de-soleil.jpg\"},{\"@type\":\"BreadcrumbList\",\"@id\":\"https:\\\/\\\/laboratoiretextile.ca\\\/boutique\\\/collection-eclipse\\\/#breadcrumb\",\"itemListElement\":[{\"@type\":\"ListItem\",\"position\":1,\"name\":\"Accueil\",\"item\":\"https:\\\/\\\/laboratoiretextile.ca\\\/\"},{\"@type\":\"ListItem\",\"position\":2,\"name\":\"Boutique\",\"item\":\"https:\\\/\\\/laboratoiretextile.ca\\\/boutique\\\/\"},{\"@type\":\"ListItem\",\"position\":3,\"name\":\"Collection \u00c9clipse\"}]},{\"@type\":\"WebSite\",\"@id\":\"https:\\\/\\\/laboratoiretextile.ca\\\/#website\",\"url\":\"https:\\\/\\\/laboratoiretextile.ca\\\/\",\"name\":\"Laboratoire Textile\",\"description\":\"Plier la lumi\u00e8re\",\"publisher\":{\"@id\":\"https:\\\/\\\/laboratoiretextile.ca\\\/#organization\"},\"potentialAction\":[{\"@type\":\"SearchAction\",\"target\":{\"@type\":\"EntryPoint\",\"urlTemplate\":\"https:\\\/\\\/laboratoiretextile.ca\\\/?s={search_term_string}\"},\"query-input\":{\"@type\":\"PropertyValueSpecification\",\"valueRequired\":true,\"valueName\":\"search_term_string\"}}],\"inLanguage\":\"en-US\"},{\"@type\":\"Organization\",\"@id\":\"https:\\\/\\\/laboratoiretextile.ca\\\/#organization\",\"name\":\"Laboratoire Textile\",\"url\":\"https:\\\/\\\/laboratoiretextile.ca\\\/\",\"logo\":{\"@type\":\"ImageObject\",\"inLanguage\":\"en-US\",\"@id\":\"https:\\\/\\\/laboratoiretextile.ca\\\/#\\\/schema\\\/logo\\\/image\\\/\",\"url\":\"https:\\\/\\\/laboratoiretextile.ca\\\/wp-content\\\/uploads\\\/2021\\\/11\\\/Laboratoire-Textile-N302-Chevrons-Blanc-02.jpg\",\"contentUrl\":\"https:\\\/\\\/laboratoiretextile.ca\\\/wp-content\\\/uploads\\\/2021\\\/11\\\/Laboratoire-Textile-N302-Chevrons-Blanc-02.jpg\",\"width\":1200,\"height\":1200,\"caption\":\"Laboratoire Textile\"},\"image\":{\"@id\":\"https:\\\/\\\/laboratoiretextile.ca\\\/#\\\/schema\\\/logo\\\/image\\\/\"},\"sameAs\":[\"https:\\\/\\\/fr-fr.facebook.com\\\/LaboratoireTextile\",\"https:\\\/\\\/www.instagram.com\\\/laboratoiretextile\\\/?hl=fr\",\"https:\\\/\\\/www.pinterest.ca\\\/Laboratoiretext\\\/\"]}]}<\/script>\n<!-- \/ Yoast SEO plugin. -->","yoast_head_json":{"title":"Collection \u00c9clipse - Laboratoire Textile","description":"Laboratoire Textile cr\u00e9e des luminaires pli\u00e9s et s\u00e9rigraphi\u00e9s \u00e0 la main. La collection \u00c9clipse s'inspire du ph\u00e9nom\u00e8ne astral du m\u00eame nom.","robots":{"index":"index","follow":"follow","max-snippet":"max-snippet:-1","max-image-preview":"max-image-preview:large","max-video-preview":"max-video-preview:-1"},"canonical":"https:\/\/laboratoiretextile.ca\/en\/boutique\/collection-eclipse\/","og_locale":"en_US","og_type":"article","og_title":"Collection \u00c9clipse - Laboratoire Textile","og_description":"Laboratoire Textile cr\u00e9e des luminaires pli\u00e9s et s\u00e9rigraphi\u00e9s \u00e0 la main. La collection \u00c9clipse s'inspire du ph\u00e9nom\u00e8ne astral du m\u00eame nom.","og_url":"https:\/\/laboratoiretextile.ca\/en\/boutique\/collection-eclipse\/","og_site_name":"Laboratoire Textile","article_publisher":"https:\/\/fr-fr.facebook.com\/LaboratoireTextile","article_modified_time":"2025-01-07T15:12:43+00:00","og_image":[{"width":800,"height":600,"url":"https:\/\/laboratoiretextile.ca\/wp-content\/uploads\/2024\/12\/Laboratoire_Textile-Eclipse-de-soleil.jpg","type":"image\/jpeg"}],"twitter_card":"summary_large_image","twitter_misc":{"Est. reading time":"2 minutes"},"schema":{"@context":"https:\/\/schema.org","@graph":[{"@type":"WebPage","@id":"https:\/\/laboratoiretextile.ca\/boutique\/collection-eclipse\/","url":"https:\/\/laboratoiretextile.ca\/boutique\/collection-eclipse\/","name":"Collection \u00c9clipse - Laboratoire Textile","isPartOf":{"@id":"https:\/\/laboratoiretextile.ca\/#website"},"primaryImageOfPage":{"@id":"https:\/\/laboratoiretextile.ca\/boutique\/collection-eclipse\/#primaryimage"},"image":{"@id":"https:\/\/laboratoiretextile.ca\/boutique\/collection-eclipse\/#primaryimage"},"thumbnailUrl":"https:\/\/laboratoiretextile.ca\/wp-content\/uploads\/2024\/12\/Laboratoire_Textile-Eclipse-de-soleil.jpg","datePublished":"2023-04-25T21:00:58+00:00","dateModified":"2025-01-07T15:12:43+00:00","description":"Laboratoire Textile cr\u00e9e des luminaires pli\u00e9s et s\u00e9rigraphi\u00e9s \u00e0 la main. La collection \u00c9clipse s'inspire du ph\u00e9nom\u00e8ne astral du m\u00eame nom.","breadcrumb":{"@id":"https:\/\/laboratoiretextile.ca\/boutique\/collection-eclipse\/#breadcrumb"},"inLanguage":"en-US","potentialAction":[{"@type":"ReadAction","target":["https:\/\/laboratoiretextile.ca\/boutique\/collection-eclipse\/"]}]},{"@type":"ImageObject","inLanguage":"en-US","@id":"https:\/\/laboratoiretextile.ca\/boutique\/collection-eclipse\/#primaryimage","url":"https:\/\/laboratoiretextile.ca\/wp-content\/uploads\/2024\/12\/Laboratoire_Textile-Eclipse-de-soleil.jpg","contentUrl":"https:\/\/laboratoiretextile.ca\/wp-content\/uploads\/2024\/12\/Laboratoire_Textile-Eclipse-de-soleil.jpg"},{"@type":"BreadcrumbList","@id":"https:\/\/laboratoiretextile.ca\/boutique\/collection-eclipse\/#breadcrumb","itemListElement":[{"@type":"ListItem","position":1,"name":"Accueil","item":"https:\/\/laboratoiretextile.ca\/"},{"@type":"ListItem","position":2,"name":"Boutique","item":"https:\/\/laboratoiretextile.ca\/boutique\/"},{"@type":"ListItem","position":3,"name":"Collection \u00c9clipse"}]},{"@type":"WebSite","@id":"https:\/\/laboratoiretextile.ca\/#website","url":"https:\/\/laboratoiretextile.ca\/","name":"Laboratoire Textile","description":"Folding light","publisher":{"@id":"https:\/\/laboratoiretextile.ca\/#organization"},"potentialAction":[{"@type":"SearchAction","target":{"@type":"EntryPoint","urlTemplate":"https:\/\/laboratoiretextile.ca\/?s={search_term_string}"},"query-input":{"@type":"PropertyValueSpecification","valueRequired":true,"valueName":"search_term_string"}}],"inLanguage":"en-US"},{"@type":"Organization","@id":"https:\/\/laboratoiretextile.ca\/#organization","name":"Laboratoire Textile","url":"https:\/\/laboratoiretextile.ca\/","logo":{"@type":"ImageObject","inLanguage":"en-US","@id":"https:\/\/laboratoiretextile.ca\/#\/schema\/logo\/image\/","url":"https:\/\/laboratoiretextile.ca\/wp-content\/uploads\/2021\/11\/Laboratoire-Textile-N302-Chevrons-Blanc-02.jpg","contentUrl":"https:\/\/laboratoiretextile.ca\/wp-content\/uploads\/2021\/11\/Laboratoire-Textile-N302-Chevrons-Blanc-02.jpg","width":1200,"height":1200,"caption":"Laboratoire Textile"},"image":{"@id":"https:\/\/laboratoiretextile.ca\/#\/schema\/logo\/image\/"},"sameAs":["https:\/\/fr-fr.facebook.com\/LaboratoireTextile","https:\/\/www.instagram.com\/laboratoiretextile\/?hl=fr","https:\/\/www.pinterest.ca\/Laboratoiretext\/"]}]}},"jetpack_sharing_enabled":true,"_links":{"self":[{"href":"https:\/\/laboratoiretextile.ca\/en\/wp-json\/wp\/v2\/pages\/1898","targetHints":{"allow":["GET"]}}],"collection":[{"href":"https:\/\/laboratoiretextile.ca\/en\/wp-json\/wp\/v2\/pages"}],"about":[{"href":"https:\/\/laboratoiretextile.ca\/en\/wp-json\/wp\/v2\/types\/page"}],"author":[{"embeddable":true,"href":"https:\/\/laboratoiretextile.ca\/en\/wp-json\/wp\/v2\/users\/1"}],"replies":[{"embeddable":true,"href":"https:\/\/laboratoiretextile.ca\/en\/wp-json\/wp\/v2\/comments?post=1898"}],"version-history":[{"count":86,"href":"https:\/\/laboratoiretextile.ca\/en\/wp-json\/wp\/v2\/pages\/1898\/revisions"}],"predecessor-version":[{"id":4769,"href":"https:\/\/laboratoiretextile.ca\/en\/wp-json\/wp\/v2\/pages\/1898\/revisions\/4769"}],"up":[{"embeddable":true,"href":"https:\/\/laboratoiretextile.ca\/en\/wp-json\/wp\/v2\/pages\/755"}],"wp:attachment":[{"href":"https:\/\/laboratoiretextile.ca\/en\/wp-json\/wp\/v2\/media?parent=1898"}],"curies":[{"name":"wp","href":"https:\/\/api.w.org\/{rel}","templated":true}]}}