{"id":27,"date":"2021-06-09T19:00:38","date_gmt":"2021-06-09T23:00:38","guid":{"rendered":"https:\/\/laboratoiretextile.ca\/?page_id=27"},"modified":"2025-10-10T10:09:57","modified_gmt":"2025-10-10T14:09:57","slug":"points-de-vente","status":"publish","type":"page","link":"https:\/\/laboratoiretextile.ca\/en\/points-de-vente\/","title":{"rendered":"Where to buy"},"content":{"rendered":"<div class=\"wp-block-group is-layout-flow wp-block-group-is-layout-flow\" style=\"min-height:50vh\">\n<div class=\"wp-block-group alignwide is-layout-constrained wp-block-group-is-layout-constrained\">\n<div style=\"margin-top:0px;margin-bottom:0px;height:25px\" aria-hidden=\"true\" class=\"wp-block-spacer\"><\/div>\n\n\n\n<h2 class=\"wp-block-heading alignwide has-quicksand-font-family has-large-font-size\" style=\"font-style:normal;font-weight:400\">CANADA<\/h2>\n\n\n\n<div class=\"wp-block-columns alignwide is-layout-flex wp-container-core-columns-is-layout-28f84493 wp-block-columns-is-layout-flex\">\n<div class=\"wp-block-column is-vertically-aligned-stretch is-layout-flow wp-block-column-is-layout-flow\">\n<div class=\"wp-block-group is-vertical is-layout-flex wp-container-core-group-is-layout-0bc941e6 wp-block-group-is-layout-flex\" style=\"min-height:100%\">\n<p><strong>Atelier b<\/strong><br>5758 Boulevard Saint-Laurent, <br>Montreal, Quebec <br>H2T 1S8<\/p>\n\n\n\n<p><a href=\"http:\/\/atelier-b.ca\" target=\"_blank\" rel=\"noreferrer noopener\">atelier-b.ca<\/a><\/p>\n<\/div>\n<\/div>\n\n\n\n<div class=\"wp-block-column is-vertically-aligned-stretch is-layout-flow wp-block-column-is-layout-flow\">\n<div class=\"wp-block-group is-vertical is-layout-flex wp-container-core-group-is-layout-0bc941e6 wp-block-group-is-layout-flex\" style=\"min-height:100%\">\n<p><strong>Simons &#8211; <meta charset=\"utf-8\">La Fabrique 1840<br><\/strong>977 Rue Sainte-Catherine Ouest,<br>Montreal, Quebec<br>H3B 4W3<\/p>\n\n\n\n<p><a href=\"http:\/\/simons.ca\" target=\"_blank\" rel=\"noreferrer noopener\">simons.ca<\/a><\/p>\n<\/div>\n<\/div>\n\n\n\n<div class=\"wp-block-column is-vertically-aligned-stretch is-layout-flow wp-block-column-is-layout-flow\">\n<div class=\"wp-block-group is-vertical is-layout-flex wp-container-core-group-is-layout-0bc941e6 wp-block-group-is-layout-flex\" style=\"min-height:100%\">\n<p><strong>Scandimodern<\/strong><br>61 Rue Carleton Street<br>Fredericton, New Brunswick<br>E3B 3T2<\/p>\n\n\n\n<p><a href=\"https:\/\/scandimodern.ca\/\" target=\"_blank\" rel=\"noreferrer noopener\">scandimodern.com<\/a><\/p>\n<\/div>\n<\/div>\n<\/div>\n\n\n\n<div style=\"margin-top:0px;margin-bottom:0px;height:25px\" aria-hidden=\"true\" class=\"wp-block-spacer\"><\/div>\n\n\n\n<div class=\"wp-block-columns alignwide is-layout-flex wp-container-core-columns-is-layout-28f84493 wp-block-columns-is-layout-flex\">\n<div class=\"wp-block-column is-vertically-aligned-stretch is-layout-flow wp-block-column-is-layout-flow\"><\/div>\n\n\n\n<div class=\"wp-block-column is-vertically-aligned-stretch is-layout-flow wp-block-column-is-layout-flow\"><\/div>\n\n\n\n<div class=\"wp-block-column is-vertically-aligned-stretch is-layout-flow wp-block-column-is-layout-flow\"><\/div>\n<\/div>\n\n\n\n<div style=\"height:80px\" aria-hidden=\"true\" class=\"wp-block-spacer\"><\/div>\n\n\n\n<h2 class=\"wp-block-heading alignwide has-quicksand-font-family has-large-font-size\" style=\"font-style:normal;font-weight:400\">SINGAPOUR<\/h2>\n\n\n\n<div class=\"wp-block-columns alignwide is-layout-flex wp-container-core-columns-is-layout-28f84493 wp-block-columns-is-layout-flex\">\n<div class=\"wp-block-column is-layout-flow wp-block-column-is-layout-flow\">\n<div class=\"wp-block-group is-vertical is-layout-flex wp-container-core-group-is-layout-0bc941e6 wp-block-group-is-layout-flex\" style=\"min-height:100%\">\n<p><strong>GINLEE Studio<\/strong><br>New Bahru 46 &amp; 58 Kim Yam Road<br>239351, Singapour<\/p>\n\n\n\n<p><a href=\"https:\/\/www.ginleestudio.com\/\" target=\"_blank\" rel=\"noreferrer noopener\">ginleestudio.com<\/a><\/p>\n<\/div>\n<\/div>\n\n\n\n<div class=\"wp-block-column is-layout-flow wp-block-column-is-layout-flow\"><\/div>\n\n\n\n<div class=\"wp-block-column is-layout-flow wp-block-column-is-layout-flow\"><\/div>\n\n\n\n<div class=\"wp-block-column is-layout-flow wp-block-column-is-layout-flow\"><\/div>\n<\/div>\n<\/div>\n\n\n\n<div style=\"height:40px\" aria-hidden=\"true\" class=\"wp-block-spacer\"><\/div>\n\n\n\n<div class=\"wp-block-columns alignfull is-layout-flex wp-container-core-columns-is-layout-28f84493 wp-block-columns-is-layout-flex\">\n<div class=\"wp-block-column is-layout-flow wp-block-column-is-layout-flow\" style=\"flex-basis:72.5vw\">\n<div class=\"wp-block-cover\" style=\"padding-top:30px;padding-bottom:30px;min-height:300px;aspect-ratio:unset;\"><span aria-hidden=\"true\" class=\"wp-block-cover__background has-foreground-background-color has-background-dim-100 has-background-dim\"><\/span><div class=\"wp-block-cover__inner-container is-layout-flow wp-block-cover-is-layout-flow\">\n<div class=\"wp-block-group is-layout-constrained wp-container-core-group-is-layout-e555385e wp-block-group-is-layout-constrained\">\n<p class=\"has-text-align-center\"><img loading=\"lazy\" decoding=\"async\" width=\"40\" height=\"46\" class=\"wp-image-3892\" style=\"width: 40px;\" src=\"https:\/\/laboratoiretextile.ca\/wp-content\/uploads\/2024\/12\/Laboratoire_Textile-White-Logo.png\" alt=\"Laboratoire Textile - Logo blanc\" srcset=\"https:\/\/laboratoiretextile.ca\/wp-content\/uploads\/2024\/12\/Laboratoire_Textile-White-Logo.png 130w, https:\/\/laboratoiretextile.ca\/wp-content\/uploads\/2024\/12\/Laboratoire_Textile-White-Logo-10x12.png 10w\" sizes=\"auto, (max-width: 40px) 100vw, 40px\" \/>No stores near you?<\/p>\n\n\n\n<h3 class=\"wp-block-heading has-text-align-center has-quicksand-font-family\">SHOP ONLINE<\/h3>\n<\/div>\n\n\n\n<div class=\"wp-block-buttons is-content-justification-center is-layout-flex wp-container-core-buttons-is-layout-a89b3969 wp-block-buttons-is-layout-flex\">\n<div class=\"wp-block-button\"><a class=\"wp-block-button__link has-foreground-color has-background-background-color has-text-color has-background has-link-color wp-element-button\" href=\"https:\/\/laboratoiretextile.ca\/en\/boutique\/\">SHOP<\/a><\/div>\n<\/div>\n<\/div><\/div>\n<\/div>\n\n\n\n<div class=\"wp-block-column is-layout-constrained wp-block-column-is-layout-constrained\"><\/div>\n<\/div>\n<\/div>\n\n\n\n<p><\/p>","protected":false},"excerpt":{"rendered":"<p>CANADA Atelier b5758 Boulevard Saint-Laurent, Montr\u00e9al, Qu\u00e9bec H2T 1S8 atelier-b.ca Simons &#8211; La Fabrique 1840977 Rue Sainte-Catherine Ouest,Montr\u00e9al, Qu\u00e9becH3B 4W3 simons.ca Scandimodern61 Rue Carleton StreetFredericton, Nouveau BrunswickE3B 3T2 scandimodern.com SINGAPOUR GINLEE StudioNew Bahru 46 &amp; 58 Kim Yam Road239351, Singapour ginleestudio.com<\/p>","protected":false},"author":1,"featured_media":3286,"parent":0,"menu_order":3,"comment_status":"closed","ping_status":"closed","template":"page-background-image","meta":{"iawp_total_views":113,"footnotes":""},"class_list":["post-27","page","type-page","status-publish","has-post-thumbnail","hentry"],"yoast_head":"<!-- This site is optimized with the Yoast SEO plugin v27.3 - https:\/\/yoast.com\/product\/yoast-seo-wordpress\/ -->\n<title>Points de vente - Laboratoire Textile<\/title>\n<meta name=\"description\" content=\"Nos luminaires contemporains sont disponibles dans plusieurs points de vente dans le monde et via notre boutique en ligne. Venez magasiner !\" \/>\n<meta name=\"robots\" content=\"index, follow, max-snippet:-1, max-image-preview:large, max-video-preview:-1\" \/>\n<link rel=\"canonical\" href=\"https:\/\/laboratoiretextile.ca\/en\/points-de-vente\/\" \/>\n<meta property=\"og:locale\" content=\"en_US\" \/>\n<meta property=\"og:type\" content=\"article\" \/>\n<meta property=\"og:title\" content=\"Points de vente - Laboratoire Textile\" \/>\n<meta property=\"og:description\" content=\"Nos luminaires contemporains sont disponibles dans plusieurs points de vente dans le monde et via notre boutique en ligne. Venez magasiner !\" \/>\n<meta property=\"og:url\" content=\"https:\/\/laboratoiretextile.ca\/en\/points-de-vente\/\" \/>\n<meta property=\"og:site_name\" content=\"Laboratoire Textile\" \/>\n<meta property=\"article:publisher\" content=\"https:\/\/fr-fr.facebook.com\/LaboratoireTextile\" \/>\n<meta property=\"article:modified_time\" content=\"2025-10-10T14:09:57+00:00\" \/>\n<meta property=\"og:image\" content=\"https:\/\/laboratoiretextile.ca\/wp-content\/uploads\/2023\/12\/Laboratoire_Textile-135-ecailles-noires-04.jpg\" \/>\n\t<meta property=\"og:image:width\" content=\"1200\" \/>\n\t<meta property=\"og:image:height\" content=\"1200\" \/>\n\t<meta property=\"og:image:type\" content=\"image\/jpeg\" \/>\n<meta name=\"twitter:card\" content=\"summary_large_image\" \/>\n<meta name=\"twitter:label1\" content=\"Est. reading time\" \/>\n\t<meta name=\"twitter:data1\" content=\"1 minute\" \/>\n<script type=\"application\/ld+json\" class=\"yoast-schema-graph\">{\"@context\":\"https:\\\/\\\/schema.org\",\"@graph\":[{\"@type\":\"WebPage\",\"@id\":\"https:\\\/\\\/laboratoiretextile.ca\\\/points-de-vente\\\/\",\"url\":\"https:\\\/\\\/laboratoiretextile.ca\\\/points-de-vente\\\/\",\"name\":\"Points de vente - Laboratoire Textile\",\"isPartOf\":{\"@id\":\"https:\\\/\\\/laboratoiretextile.ca\\\/#website\"},\"primaryImageOfPage\":{\"@id\":\"https:\\\/\\\/laboratoiretextile.ca\\\/points-de-vente\\\/#primaryimage\"},\"image\":{\"@id\":\"https:\\\/\\\/laboratoiretextile.ca\\\/points-de-vente\\\/#primaryimage\"},\"thumbnailUrl\":\"https:\\\/\\\/laboratoiretextile.ca\\\/wp-content\\\/uploads\\\/2023\\\/12\\\/Laboratoire_Textile-135-ecailles-noires-04.jpg\",\"datePublished\":\"2021-06-09T23:00:38+00:00\",\"dateModified\":\"2025-10-10T14:09:57+00:00\",\"description\":\"Nos luminaires contemporains sont disponibles dans plusieurs points de vente dans le monde et via notre boutique en ligne. Venez magasiner !\",\"breadcrumb\":{\"@id\":\"https:\\\/\\\/laboratoiretextile.ca\\\/points-de-vente\\\/#breadcrumb\"},\"inLanguage\":\"en-US\",\"potentialAction\":[{\"@type\":\"ReadAction\",\"target\":[\"https:\\\/\\\/laboratoiretextile.ca\\\/points-de-vente\\\/\"]}]},{\"@type\":\"ImageObject\",\"inLanguage\":\"en-US\",\"@id\":\"https:\\\/\\\/laboratoiretextile.ca\\\/points-de-vente\\\/#primaryimage\",\"url\":\"https:\\\/\\\/laboratoiretextile.ca\\\/wp-content\\\/uploads\\\/2023\\\/12\\\/Laboratoire_Textile-135-ecailles-noires-04.jpg\",\"contentUrl\":\"https:\\\/\\\/laboratoiretextile.ca\\\/wp-content\\\/uploads\\\/2023\\\/12\\\/Laboratoire_Textile-135-ecailles-noires-04.jpg\",\"width\":1200,\"height\":1200,\"caption\":\"Laboratoire Textile - N135 \u00c9cailles\"},{\"@type\":\"BreadcrumbList\",\"@id\":\"https:\\\/\\\/laboratoiretextile.ca\\\/points-de-vente\\\/#breadcrumb\",\"itemListElement\":[{\"@type\":\"ListItem\",\"position\":1,\"name\":\"Accueil\",\"item\":\"https:\\\/\\\/laboratoiretextile.ca\\\/\"},{\"@type\":\"ListItem\",\"position\":2,\"name\":\"Points de vente\"}]},{\"@type\":\"WebSite\",\"@id\":\"https:\\\/\\\/laboratoiretextile.ca\\\/#website\",\"url\":\"https:\\\/\\\/laboratoiretextile.ca\\\/\",\"name\":\"Laboratoire Textile\",\"description\":\"Plier la lumi\u00e8re\",\"publisher\":{\"@id\":\"https:\\\/\\\/laboratoiretextile.ca\\\/#organization\"},\"potentialAction\":[{\"@type\":\"SearchAction\",\"target\":{\"@type\":\"EntryPoint\",\"urlTemplate\":\"https:\\\/\\\/laboratoiretextile.ca\\\/?s={search_term_string}\"},\"query-input\":{\"@type\":\"PropertyValueSpecification\",\"valueRequired\":true,\"valueName\":\"search_term_string\"}}],\"inLanguage\":\"en-US\"},{\"@type\":\"Organization\",\"@id\":\"https:\\\/\\\/laboratoiretextile.ca\\\/#organization\",\"name\":\"Laboratoire Textile\",\"url\":\"https:\\\/\\\/laboratoiretextile.ca\\\/\",\"logo\":{\"@type\":\"ImageObject\",\"inLanguage\":\"en-US\",\"@id\":\"https:\\\/\\\/laboratoiretextile.ca\\\/#\\\/schema\\\/logo\\\/image\\\/\",\"url\":\"https:\\\/\\\/laboratoiretextile.ca\\\/wp-content\\\/uploads\\\/2021\\\/11\\\/Laboratoire-Textile-N302-Chevrons-Blanc-02.jpg\",\"contentUrl\":\"https:\\\/\\\/laboratoiretextile.ca\\\/wp-content\\\/uploads\\\/2021\\\/11\\\/Laboratoire-Textile-N302-Chevrons-Blanc-02.jpg\",\"width\":1200,\"height\":1200,\"caption\":\"Laboratoire Textile\"},\"image\":{\"@id\":\"https:\\\/\\\/laboratoiretextile.ca\\\/#\\\/schema\\\/logo\\\/image\\\/\"},\"sameAs\":[\"https:\\\/\\\/fr-fr.facebook.com\\\/LaboratoireTextile\",\"https:\\\/\\\/www.instagram.com\\\/laboratoiretextile\\\/?hl=fr\",\"https:\\\/\\\/www.pinterest.ca\\\/Laboratoiretext\\\/\"]}]}<\/script>\n<!-- \/ Yoast SEO plugin. -->","yoast_head_json":{"title":"Points de vente - Laboratoire Textile","description":"Nos luminaires contemporains sont disponibles dans plusieurs points de vente dans le monde et via notre boutique en ligne. Venez magasiner !","robots":{"index":"index","follow":"follow","max-snippet":"max-snippet:-1","max-image-preview":"max-image-preview:large","max-video-preview":"max-video-preview:-1"},"canonical":"https:\/\/laboratoiretextile.ca\/en\/points-de-vente\/","og_locale":"en_US","og_type":"article","og_title":"Points de vente - Laboratoire Textile","og_description":"Nos luminaires contemporains sont disponibles dans plusieurs points de vente dans le monde et via notre boutique en ligne. Venez magasiner !","og_url":"https:\/\/laboratoiretextile.ca\/en\/points-de-vente\/","og_site_name":"Laboratoire Textile","article_publisher":"https:\/\/fr-fr.facebook.com\/LaboratoireTextile","article_modified_time":"2025-10-10T14:09:57+00:00","og_image":[{"width":1200,"height":1200,"url":"https:\/\/laboratoiretextile.ca\/wp-content\/uploads\/2023\/12\/Laboratoire_Textile-135-ecailles-noires-04.jpg","type":"image\/jpeg"}],"twitter_card":"summary_large_image","twitter_misc":{"Est. reading time":"1 minute"},"schema":{"@context":"https:\/\/schema.org","@graph":[{"@type":"WebPage","@id":"https:\/\/laboratoiretextile.ca\/points-de-vente\/","url":"https:\/\/laboratoiretextile.ca\/points-de-vente\/","name":"Points de vente - Laboratoire Textile","isPartOf":{"@id":"https:\/\/laboratoiretextile.ca\/#website"},"primaryImageOfPage":{"@id":"https:\/\/laboratoiretextile.ca\/points-de-vente\/#primaryimage"},"image":{"@id":"https:\/\/laboratoiretextile.ca\/points-de-vente\/#primaryimage"},"thumbnailUrl":"https:\/\/laboratoiretextile.ca\/wp-content\/uploads\/2023\/12\/Laboratoire_Textile-135-ecailles-noires-04.jpg","datePublished":"2021-06-09T23:00:38+00:00","dateModified":"2025-10-10T14:09:57+00:00","description":"Nos luminaires contemporains sont disponibles dans plusieurs points de vente dans le monde et via notre boutique en ligne. Venez magasiner !","breadcrumb":{"@id":"https:\/\/laboratoiretextile.ca\/points-de-vente\/#breadcrumb"},"inLanguage":"en-US","potentialAction":[{"@type":"ReadAction","target":["https:\/\/laboratoiretextile.ca\/points-de-vente\/"]}]},{"@type":"ImageObject","inLanguage":"en-US","@id":"https:\/\/laboratoiretextile.ca\/points-de-vente\/#primaryimage","url":"https:\/\/laboratoiretextile.ca\/wp-content\/uploads\/2023\/12\/Laboratoire_Textile-135-ecailles-noires-04.jpg","contentUrl":"https:\/\/laboratoiretextile.ca\/wp-content\/uploads\/2023\/12\/Laboratoire_Textile-135-ecailles-noires-04.jpg","width":1200,"height":1200,"caption":"Laboratoire Textile - N135 \u00c9cailles"},{"@type":"BreadcrumbList","@id":"https:\/\/laboratoiretextile.ca\/points-de-vente\/#breadcrumb","itemListElement":[{"@type":"ListItem","position":1,"name":"Accueil","item":"https:\/\/laboratoiretextile.ca\/"},{"@type":"ListItem","position":2,"name":"Points de vente"}]},{"@type":"WebSite","@id":"https:\/\/laboratoiretextile.ca\/#website","url":"https:\/\/laboratoiretextile.ca\/","name":"Laboratoire Textile","description":"Folding light","publisher":{"@id":"https:\/\/laboratoiretextile.ca\/#organization"},"potentialAction":[{"@type":"SearchAction","target":{"@type":"EntryPoint","urlTemplate":"https:\/\/laboratoiretextile.ca\/?s={search_term_string}"},"query-input":{"@type":"PropertyValueSpecification","valueRequired":true,"valueName":"search_term_string"}}],"inLanguage":"en-US"},{"@type":"Organization","@id":"https:\/\/laboratoiretextile.ca\/#organization","name":"Laboratoire Textile","url":"https:\/\/laboratoiretextile.ca\/","logo":{"@type":"ImageObject","inLanguage":"en-US","@id":"https:\/\/laboratoiretextile.ca\/#\/schema\/logo\/image\/","url":"https:\/\/laboratoiretextile.ca\/wp-content\/uploads\/2021\/11\/Laboratoire-Textile-N302-Chevrons-Blanc-02.jpg","contentUrl":"https:\/\/laboratoiretextile.ca\/wp-content\/uploads\/2021\/11\/Laboratoire-Textile-N302-Chevrons-Blanc-02.jpg","width":1200,"height":1200,"caption":"Laboratoire Textile"},"image":{"@id":"https:\/\/laboratoiretextile.ca\/#\/schema\/logo\/image\/"},"sameAs":["https:\/\/fr-fr.facebook.com\/LaboratoireTextile","https:\/\/www.instagram.com\/laboratoiretextile\/?hl=fr","https:\/\/www.pinterest.ca\/Laboratoiretext\/"]}]}},"jetpack_sharing_enabled":true,"_links":{"self":[{"href":"https:\/\/laboratoiretextile.ca\/en\/wp-json\/wp\/v2\/pages\/27","targetHints":{"allow":["GET"]}}],"collection":[{"href":"https:\/\/laboratoiretextile.ca\/en\/wp-json\/wp\/v2\/pages"}],"about":[{"href":"https:\/\/laboratoiretextile.ca\/en\/wp-json\/wp\/v2\/types\/page"}],"author":[{"embeddable":true,"href":"https:\/\/laboratoiretextile.ca\/en\/wp-json\/wp\/v2\/users\/1"}],"replies":[{"embeddable":true,"href":"https:\/\/laboratoiretextile.ca\/en\/wp-json\/wp\/v2\/comments?post=27"}],"version-history":[{"count":78,"href":"https:\/\/laboratoiretextile.ca\/en\/wp-json\/wp\/v2\/pages\/27\/revisions"}],"predecessor-version":[{"id":5087,"href":"https:\/\/laboratoiretextile.ca\/en\/wp-json\/wp\/v2\/pages\/27\/revisions\/5087"}],"wp:featuredmedia":[{"embeddable":true,"href":"https:\/\/laboratoiretextile.ca\/en\/wp-json\/wp\/v2\/media\/3286"}],"wp:attachment":[{"href":"https:\/\/laboratoiretextile.ca\/en\/wp-json\/wp\/v2\/media?parent=27"}],"curies":[{"name":"wp","href":"https:\/\/api.w.org\/{rel}","templated":true}]}}