{"id":4697,"date":"2025-01-06T14:42:51","date_gmt":"2025-01-06T19:42:51","guid":{"rendered":"https:\/\/laboratoiretextile.ca\/?page_id=4697"},"modified":"2025-01-07T11:26:44","modified_gmt":"2025-01-07T16:26:44","slug":"perseids","status":"publish","type":"page","link":"https:\/\/laboratoiretextile.ca\/en\/boutique\/perseids\/","title":{"rendered":"Collection Pers\u00e9ides"},"content":{"rendered":"<div class=\"wp-block-columns is-layout-flex wp-container-core-columns-is-layout-28f84493 wp-block-columns-is-layout-flex\">\n<div class=\"wp-block-column is-content-justification-left is-layout-constrained wp-container-core-column-is-layout-12dd3699 wp-block-column-is-layout-constrained\" style=\"flex-basis:50%\">\n<figure class=\"wp-block-image aligncenter size-large wp-duotone-unset-1\"><img loading=\"lazy\" decoding=\"async\" width=\"820\" height=\"1024\" src=\"https:\/\/laboratoiretextile.ca\/wp-content\/uploads\/2025\/01\/471725123_896106972512130_6517766521842088869_n-1-820x1024.jpg\" alt=\"\u00c9toiles filantes\" class=\"wp-image-4702\" srcset=\"https:\/\/laboratoiretextile.ca\/wp-content\/uploads\/2025\/01\/471725123_896106972512130_6517766521842088869_n-1-820x1024.jpg 820w, https:\/\/laboratoiretextile.ca\/wp-content\/uploads\/2025\/01\/471725123_896106972512130_6517766521842088869_n-1-240x300.jpg 240w, https:\/\/laboratoiretextile.ca\/wp-content\/uploads\/2025\/01\/471725123_896106972512130_6517766521842088869_n-1-768x960.jpg 768w, https:\/\/laboratoiretextile.ca\/wp-content\/uploads\/2025\/01\/471725123_896106972512130_6517766521842088869_n-1-10x12.jpg 10w, https:\/\/laboratoiretextile.ca\/wp-content\/uploads\/2025\/01\/471725123_896106972512130_6517766521842088869_n-1-500x625.jpg 500w, https:\/\/laboratoiretextile.ca\/wp-content\/uploads\/2025\/01\/471725123_896106972512130_6517766521842088869_n-1.jpg 922w\" sizes=\"auto, (max-width: 820px) 100vw, 820px\" \/><\/figure>\n\n\n\n<p class=\"has-background-background-color has-background\"><br><\/p>\n<\/div>\n\n\n\n<div class=\"wp-block-column is-layout-flow wp-block-column-is-layout-flow\" style=\"flex-basis:50%\">\n<div class=\"wp-block-group has-tertiary-background-color has-background is-content-justification-right is-layout-constrained wp-container-core-group-is-layout-f1f2ed93 wp-block-group-is-layout-constrained\">\n<div class=\"wp-block-group is-layout-constrained wp-block-group-is-layout-constrained\">\n<p class=\"has-text-align-center has-tertiary-background-color has-background\">COLLECTION<\/p>\n\n\n\n<h2 class=\"wp-block-heading alignwide has-text-align-center has-tertiary-background-color has-background\">Perseids<\/h2>\n<\/div>\n\n\n\n<p class=\"has-text-align-left has-tertiary-background-color has-background\">\\p\u025b\u0281.se.id\\&nbsp;f. pl <\/p>\n\n\n\n<p class=\"has-text-align-left has-tertiary-background-color has-background\">The Perseids are a meteor shower visible in the Earth's atmosphere in the northern hemisphere in August. Made up of debris from comet Swift-Tuttle, ranging in size from a grain of sand to a pea, they appear to originate in the constellation Perseus.<\/p>\n\n\n\n<p class=\"has-text-align-left has-tertiary-background-color has-background\"><br><\/p>\n<\/div>\n<\/div>\n<\/div>\n\n\n\n<div class=\"wp-block-group is-layout-constrained wp-block-group-is-layout-constrained\">\n<div class=\"wp-block-group alignwide is-layout-constrained wp-block-group-is-layout-constrained\">\n<div class=\"wp-block-columns alignwide are-vertically-aligned-top is-layout-flex wp-container-core-columns-is-layout-28f84493 wp-block-columns-is-layout-flex\">\n<div class=\"wp-block-column is-layout-flow wp-block-column-is-layout-flow\" style=\"flex-basis:13.33%\">\n<figure class=\"wp-block-image size-full\"><img loading=\"lazy\" decoding=\"async\" width=\"408\" height=\"510\" src=\"https:\/\/laboratoiretextile.ca\/wp-content\/uploads\/2025\/01\/472006687_896106999178794_1976930226398305426_n.jpg\" alt=\"Portrait d'Hubert Reeves\" class=\"wp-image-4703\" srcset=\"https:\/\/laboratoiretextile.ca\/wp-content\/uploads\/2025\/01\/472006687_896106999178794_1976930226398305426_n.jpg 408w, https:\/\/laboratoiretextile.ca\/wp-content\/uploads\/2025\/01\/472006687_896106999178794_1976930226398305426_n-240x300.jpg 240w, https:\/\/laboratoiretextile.ca\/wp-content\/uploads\/2025\/01\/472006687_896106999178794_1976930226398305426_n-10x12.jpg 10w\" sizes=\"auto, (max-width: 408px) 100vw, 408px\" \/><\/figure>\n<\/div>\n\n\n\n<div class=\"wp-block-column is-layout-flow wp-block-column-is-layout-flow\" style=\"flex-basis:53.34%\">\n<div style=\"height:4rem\" aria-hidden=\"true\" class=\"wp-block-spacer\"><\/div>\n\n\n\n<p>I discovered this beautiful term for the meteor showers we see in August when arriving in Quebec.<\/p>\n\n\n\n<p>Even as a child, every summer I'd go and lie on the grass to watch them after watching the TV program \u201cNight of the shooting stars\u201d hosted by Hubert Reeves.<\/p>\n\n\n\n<p>During my experiments this year, I wanted to change the direction of my color work. This series was born intuitively, almost accidentally, when I saw the drops of color settle randomly on the fabric, in a beautiful balance between the whiteness of the background, and touches of ultra-vibrant color.<\/p>\n\n\n\n<p>This is the story behind the Perseids collection.<\/p>\n\n\n\n<p><\/p>\n<\/div>\n\n\n\n<div class=\"wp-block-column is-layout-flow wp-block-column-is-layout-flow\" style=\"flex-basis:33.33%\"><\/div>\n<\/div>\n<\/div>\n\n\n\n<div style=\"height:8vh\" aria-hidden=\"true\" class=\"wp-block-spacer\"><\/div>\n\n\n\n<div class=\"wp-block-group alignwide is-layout-constrained wp-block-group-is-layout-constrained\">\n<div class=\"wp-block-group alignwide is-layout-grid wp-container-core-group-is-layout-8da69725 wp-block-group-is-layout-grid\">\n<div class=\"wp-block-columns is-layout-flex wp-container-core-columns-is-layout-28f84493 wp-block-columns-is-layout-flex\">\n<div class=\"wp-block-column is-layout-flow wp-block-column-is-layout-flow\" style=\"flex-basis:100%\"><\/div>\n<\/div>\n\n\n\n\n\n<div class=\"wp-block-group has-foreground-background-color has-background wp-container-content-ee860f63 is-vertical is-layout-flex wp-container-core-group-is-layout-fed7e1b2 wp-block-group-is-layout-flex\">\n<p class=\"has-text-align-left has-background-color has-text-color has-link-color wp-elements-7077f9a277a860dbf67bef4a5189ff51\">D\u00e9couvrez toute la collection Pers\u00e9ides et plongez dans ces particules de couleurs.<\/p>\n\n\n\n<div class=\"wp-block-buttons is-content-justification-center is-layout-flex wp-container-core-buttons-is-layout-a89b3969 wp-block-buttons-is-layout-flex\">\n<div class=\"wp-block-button has-custom-font-size is-style-outline has-small-font-size is-style-outline--2\"><a class=\"wp-block-button__link has-foreground-color has-background-background-color has-text-color has-background has-link-color wp-element-button\" href=\"https:\/\/laboratoiretextile.ca\/en\/product-category\/perseides\/\" target=\"_blank\" rel=\"noreferrer noopener\">Shop the collection<\/a><\/div>\n<\/div>\n<\/div>\n<\/div>\n<\/div>\n<\/div>\n\n\n\n<div style=\"height:8vh\" aria-hidden=\"true\" class=\"wp-block-spacer\"><\/div>\n\n\n\n<div class=\"wp-block-group has-background-background-color has-background is-layout-flow wp-block-group-is-layout-flow\">\n<div class=\"wp-block-cover alignfull is-light\" style=\"min-height:500px;aspect-ratio:unset;\"><span aria-hidden=\"true\" class=\"wp-block-cover__background has-background-dim-0 has-background-dim\" style=\"background-color:#b5aea7\"><\/span><img loading=\"lazy\" decoding=\"async\" width=\"1200\" height=\"1200\" class=\"wp-block-cover__image-background wp-image-3320\" alt=\"Laboratoire Textile - Lampe N135 motif Pers\u00e9ides\" src=\"https:\/\/laboratoiretextile.ca\/wp-content\/uploads\/2024\/10\/Laboratoire_Textile-N135-Perseids-BO-02.jpg\" style=\"object-position:49% 64%\" data-object-fit=\"cover\" data-object-position=\"49% 64%\" srcset=\"https:\/\/laboratoiretextile.ca\/wp-content\/uploads\/2024\/10\/Laboratoire_Textile-N135-Perseids-BO-02.jpg 1200w, https:\/\/laboratoiretextile.ca\/wp-content\/uploads\/2024\/10\/Laboratoire_Textile-N135-Perseids-BO-02-500x500.jpg 500w, https:\/\/laboratoiretextile.ca\/wp-content\/uploads\/2024\/10\/Laboratoire_Textile-N135-Perseids-BO-02-300x300.jpg 300w, https:\/\/laboratoiretextile.ca\/wp-content\/uploads\/2024\/10\/Laboratoire_Textile-N135-Perseids-BO-02-1024x1024.jpg 1024w, https:\/\/laboratoiretextile.ca\/wp-content\/uploads\/2024\/10\/Laboratoire_Textile-N135-Perseids-BO-02-150x150.jpg 150w, https:\/\/laboratoiretextile.ca\/wp-content\/uploads\/2024\/10\/Laboratoire_Textile-N135-Perseids-BO-02-768x768.jpg 768w, https:\/\/laboratoiretextile.ca\/wp-content\/uploads\/2024\/10\/Laboratoire_Textile-N135-Perseids-BO-02-12x12.jpg 12w\" sizes=\"auto, (max-width: 1200px) 100vw, 1200px\" \/><div class=\"wp-block-cover__inner-container is-layout-flow wp-block-cover-is-layout-flow\">\n<p class=\"has-text-align-center has-large-font-size\"><\/p>\n<\/div><\/div>\n<\/div>","protected":false},"excerpt":{"rendered":"<p>COLLECTION Pers\u00e9ides \\p\u025b\u0281.se.id\\&nbsp;f. pl Les Pers\u00e9ides d\u00e9signent un essaim de m\u00e9t\u00e9ores (ou pluie d&rsquo;\u00e9toiles filantes) visible dans l&rsquo;atmosph\u00e8re terrestre de l&rsquo;h\u00e9misph\u00e8re Nord au mois d&rsquo;ao\u00fbt. Constitu\u00e9 de d\u00e9bris de la com\u00e8te Swift-Tuttle mesurant la taille d&rsquo;un grain de sable \u00e0 celle d&rsquo;un petit pois, ils semblent provenir de la constellation de Pers\u00e9e. J\u2019ai d\u00e9couvert ce [&hellip;]<\/p>\n","protected":false},"author":1,"featured_media":0,"parent":755,"menu_order":3,"comment_status":"closed","ping_status":"closed","template":"page-no-title","meta":{"iawp_total_views":2,"footnotes":""},"class_list":["post-4697","page","type-page","status-publish","hentry"],"yoast_head":"<!-- This site is optimized with the Yoast SEO plugin v27.5 - https:\/\/yoast.com\/product\/yoast-seo-wordpress\/ -->\n<title>Collection Pers\u00e9ides - Laboratoire Textile<\/title>\n<meta name=\"description\" content=\"Cette collection s&#039;inspire des Collection Pers\u00e9ides, ces pluies d&#039;\u00e9toiles filantes que l&#039;on observe dans le ciel au mois d&#039;ao\u00fbt.\" \/>\n<meta name=\"robots\" content=\"index, follow, max-snippet:-1, max-image-preview:large, max-video-preview:-1\" \/>\n<link rel=\"canonical\" href=\"https:\/\/laboratoiretextile.ca\/en\/boutique\/perseids\/\" \/>\n<meta property=\"og:locale\" content=\"en_US\" \/>\n<meta property=\"og:type\" content=\"article\" \/>\n<meta property=\"og:title\" content=\"Collection Pers\u00e9ides - Laboratoire Textile\" \/>\n<meta property=\"og:description\" content=\"Cette collection s&#039;inspire des Collection Pers\u00e9ides, ces pluies d&#039;\u00e9toiles filantes que l&#039;on observe dans le ciel au mois d&#039;ao\u00fbt.\" \/>\n<meta property=\"og:url\" content=\"https:\/\/laboratoiretextile.ca\/en\/boutique\/perseids\/\" \/>\n<meta property=\"og:site_name\" content=\"Laboratoire Textile\" \/>\n<meta property=\"article:publisher\" content=\"https:\/\/fr-fr.facebook.com\/LaboratoireTextile\" \/>\n<meta property=\"article:modified_time\" content=\"2025-01-07T16:26:44+00:00\" \/>\n<meta property=\"og:image\" content=\"https:\/\/laboratoiretextile.ca\/wp-content\/uploads\/2025\/01\/471725123_896106972512130_6517766521842088869_n-1.jpg\" \/>\n\t<meta property=\"og:image:width\" content=\"922\" \/>\n\t<meta property=\"og:image:height\" content=\"1152\" \/>\n\t<meta property=\"og:image:type\" content=\"image\/jpeg\" \/>\n<meta name=\"twitter:card\" content=\"summary_large_image\" \/>\n<meta name=\"twitter:label1\" content=\"Est. reading time\" \/>\n\t<meta name=\"twitter:data1\" content=\"2 minutes\" \/>\n<script type=\"application\/ld+json\" class=\"yoast-schema-graph\">{\"@context\":\"https:\\\/\\\/schema.org\",\"@graph\":[{\"@type\":\"WebPage\",\"@id\":\"https:\\\/\\\/laboratoiretextile.ca\\\/boutique\\\/perseids\\\/\",\"url\":\"https:\\\/\\\/laboratoiretextile.ca\\\/boutique\\\/perseids\\\/\",\"name\":\"Collection Pers\u00e9ides - Laboratoire Textile\",\"isPartOf\":{\"@id\":\"https:\\\/\\\/laboratoiretextile.ca\\\/#website\"},\"primaryImageOfPage\":{\"@id\":\"https:\\\/\\\/laboratoiretextile.ca\\\/boutique\\\/perseids\\\/#primaryimage\"},\"image\":{\"@id\":\"https:\\\/\\\/laboratoiretextile.ca\\\/boutique\\\/perseids\\\/#primaryimage\"},\"thumbnailUrl\":\"https:\\\/\\\/laboratoiretextile.ca\\\/wp-content\\\/uploads\\\/2025\\\/01\\\/471725123_896106972512130_6517766521842088869_n-1-820x1024.jpg\",\"datePublished\":\"2025-01-06T19:42:51+00:00\",\"dateModified\":\"2025-01-07T16:26:44+00:00\",\"description\":\"Cette collection s'inspire des Collection Pers\u00e9ides, ces pluies d'\u00e9toiles filantes que l'on observe dans le ciel au mois d'ao\u00fbt.\",\"breadcrumb\":{\"@id\":\"https:\\\/\\\/laboratoiretextile.ca\\\/boutique\\\/perseids\\\/#breadcrumb\"},\"inLanguage\":\"en-US\",\"potentialAction\":[{\"@type\":\"ReadAction\",\"target\":[\"https:\\\/\\\/laboratoiretextile.ca\\\/boutique\\\/perseids\\\/\"]}]},{\"@type\":\"ImageObject\",\"inLanguage\":\"en-US\",\"@id\":\"https:\\\/\\\/laboratoiretextile.ca\\\/boutique\\\/perseids\\\/#primaryimage\",\"url\":\"https:\\\/\\\/laboratoiretextile.ca\\\/wp-content\\\/uploads\\\/2025\\\/01\\\/471725123_896106972512130_6517766521842088869_n-1-820x1024.jpg\",\"contentUrl\":\"https:\\\/\\\/laboratoiretextile.ca\\\/wp-content\\\/uploads\\\/2025\\\/01\\\/471725123_896106972512130_6517766521842088869_n-1-820x1024.jpg\"},{\"@type\":\"BreadcrumbList\",\"@id\":\"https:\\\/\\\/laboratoiretextile.ca\\\/boutique\\\/perseids\\\/#breadcrumb\",\"itemListElement\":[{\"@type\":\"ListItem\",\"position\":1,\"name\":\"Accueil\",\"item\":\"https:\\\/\\\/laboratoiretextile.ca\\\/\"},{\"@type\":\"ListItem\",\"position\":2,\"name\":\"Boutique\",\"item\":\"https:\\\/\\\/laboratoiretextile.ca\\\/boutique\\\/\"},{\"@type\":\"ListItem\",\"position\":3,\"name\":\"Collection Pers\u00e9ides\"}]},{\"@type\":\"WebSite\",\"@id\":\"https:\\\/\\\/laboratoiretextile.ca\\\/#website\",\"url\":\"https:\\\/\\\/laboratoiretextile.ca\\\/\",\"name\":\"Laboratoire Textile\",\"description\":\"Plier la lumi\u00e8re\",\"publisher\":{\"@id\":\"https:\\\/\\\/laboratoiretextile.ca\\\/#organization\"},\"potentialAction\":[{\"@type\":\"SearchAction\",\"target\":{\"@type\":\"EntryPoint\",\"urlTemplate\":\"https:\\\/\\\/laboratoiretextile.ca\\\/?s={search_term_string}\"},\"query-input\":{\"@type\":\"PropertyValueSpecification\",\"valueRequired\":true,\"valueName\":\"search_term_string\"}}],\"inLanguage\":\"en-US\"},{\"@type\":\"Organization\",\"@id\":\"https:\\\/\\\/laboratoiretextile.ca\\\/#organization\",\"name\":\"Laboratoire Textile\",\"url\":\"https:\\\/\\\/laboratoiretextile.ca\\\/\",\"logo\":{\"@type\":\"ImageObject\",\"inLanguage\":\"en-US\",\"@id\":\"https:\\\/\\\/laboratoiretextile.ca\\\/#\\\/schema\\\/logo\\\/image\\\/\",\"url\":\"https:\\\/\\\/laboratoiretextile.ca\\\/wp-content\\\/uploads\\\/2021\\\/11\\\/Laboratoire-Textile-N302-Chevrons-Blanc-02.jpg\",\"contentUrl\":\"https:\\\/\\\/laboratoiretextile.ca\\\/wp-content\\\/uploads\\\/2021\\\/11\\\/Laboratoire-Textile-N302-Chevrons-Blanc-02.jpg\",\"width\":1200,\"height\":1200,\"caption\":\"Laboratoire Textile\"},\"image\":{\"@id\":\"https:\\\/\\\/laboratoiretextile.ca\\\/#\\\/schema\\\/logo\\\/image\\\/\"},\"sameAs\":[\"https:\\\/\\\/fr-fr.facebook.com\\\/LaboratoireTextile\",\"https:\\\/\\\/www.instagram.com\\\/laboratoiretextile\\\/?hl=fr\",\"https:\\\/\\\/www.pinterest.ca\\\/Laboratoiretext\\\/\"]}]}<\/script>\n<!-- \/ Yoast SEO plugin. -->","yoast_head_json":{"title":"Collection Pers\u00e9ides - Laboratoire Textile","description":"Cette collection s'inspire des Collection Pers\u00e9ides, ces pluies d'\u00e9toiles filantes que l'on observe dans le ciel au mois d'ao\u00fbt.","robots":{"index":"index","follow":"follow","max-snippet":"max-snippet:-1","max-image-preview":"max-image-preview:large","max-video-preview":"max-video-preview:-1"},"canonical":"https:\/\/laboratoiretextile.ca\/en\/boutique\/perseids\/","og_locale":"en_US","og_type":"article","og_title":"Collection Pers\u00e9ides - Laboratoire Textile","og_description":"Cette collection s'inspire des Collection Pers\u00e9ides, ces pluies d'\u00e9toiles filantes que l'on observe dans le ciel au mois d'ao\u00fbt.","og_url":"https:\/\/laboratoiretextile.ca\/en\/boutique\/perseids\/","og_site_name":"Laboratoire Textile","article_publisher":"https:\/\/fr-fr.facebook.com\/LaboratoireTextile","article_modified_time":"2025-01-07T16:26:44+00:00","og_image":[{"width":922,"height":1152,"url":"https:\/\/laboratoiretextile.ca\/wp-content\/uploads\/2025\/01\/471725123_896106972512130_6517766521842088869_n-1.jpg","type":"image\/jpeg"}],"twitter_card":"summary_large_image","twitter_misc":{"Est. reading time":"2 minutes"},"schema":{"@context":"https:\/\/schema.org","@graph":[{"@type":"WebPage","@id":"https:\/\/laboratoiretextile.ca\/boutique\/perseids\/","url":"https:\/\/laboratoiretextile.ca\/boutique\/perseids\/","name":"Collection Pers\u00e9ides - Laboratoire Textile","isPartOf":{"@id":"https:\/\/laboratoiretextile.ca\/#website"},"primaryImageOfPage":{"@id":"https:\/\/laboratoiretextile.ca\/boutique\/perseids\/#primaryimage"},"image":{"@id":"https:\/\/laboratoiretextile.ca\/boutique\/perseids\/#primaryimage"},"thumbnailUrl":"https:\/\/laboratoiretextile.ca\/wp-content\/uploads\/2025\/01\/471725123_896106972512130_6517766521842088869_n-1-820x1024.jpg","datePublished":"2025-01-06T19:42:51+00:00","dateModified":"2025-01-07T16:26:44+00:00","description":"Cette collection s'inspire des Collection Pers\u00e9ides, ces pluies d'\u00e9toiles filantes que l'on observe dans le ciel au mois d'ao\u00fbt.","breadcrumb":{"@id":"https:\/\/laboratoiretextile.ca\/boutique\/perseids\/#breadcrumb"},"inLanguage":"en-US","potentialAction":[{"@type":"ReadAction","target":["https:\/\/laboratoiretextile.ca\/boutique\/perseids\/"]}]},{"@type":"ImageObject","inLanguage":"en-US","@id":"https:\/\/laboratoiretextile.ca\/boutique\/perseids\/#primaryimage","url":"https:\/\/laboratoiretextile.ca\/wp-content\/uploads\/2025\/01\/471725123_896106972512130_6517766521842088869_n-1-820x1024.jpg","contentUrl":"https:\/\/laboratoiretextile.ca\/wp-content\/uploads\/2025\/01\/471725123_896106972512130_6517766521842088869_n-1-820x1024.jpg"},{"@type":"BreadcrumbList","@id":"https:\/\/laboratoiretextile.ca\/boutique\/perseids\/#breadcrumb","itemListElement":[{"@type":"ListItem","position":1,"name":"Accueil","item":"https:\/\/laboratoiretextile.ca\/"},{"@type":"ListItem","position":2,"name":"Boutique","item":"https:\/\/laboratoiretextile.ca\/boutique\/"},{"@type":"ListItem","position":3,"name":"Collection Pers\u00e9ides"}]},{"@type":"WebSite","@id":"https:\/\/laboratoiretextile.ca\/#website","url":"https:\/\/laboratoiretextile.ca\/","name":"Laboratoire Textile","description":"Folding light","publisher":{"@id":"https:\/\/laboratoiretextile.ca\/#organization"},"potentialAction":[{"@type":"SearchAction","target":{"@type":"EntryPoint","urlTemplate":"https:\/\/laboratoiretextile.ca\/?s={search_term_string}"},"query-input":{"@type":"PropertyValueSpecification","valueRequired":true,"valueName":"search_term_string"}}],"inLanguage":"en-US"},{"@type":"Organization","@id":"https:\/\/laboratoiretextile.ca\/#organization","name":"Laboratoire Textile","url":"https:\/\/laboratoiretextile.ca\/","logo":{"@type":"ImageObject","inLanguage":"en-US","@id":"https:\/\/laboratoiretextile.ca\/#\/schema\/logo\/image\/","url":"https:\/\/laboratoiretextile.ca\/wp-content\/uploads\/2021\/11\/Laboratoire-Textile-N302-Chevrons-Blanc-02.jpg","contentUrl":"https:\/\/laboratoiretextile.ca\/wp-content\/uploads\/2021\/11\/Laboratoire-Textile-N302-Chevrons-Blanc-02.jpg","width":1200,"height":1200,"caption":"Laboratoire Textile"},"image":{"@id":"https:\/\/laboratoiretextile.ca\/#\/schema\/logo\/image\/"},"sameAs":["https:\/\/fr-fr.facebook.com\/LaboratoireTextile","https:\/\/www.instagram.com\/laboratoiretextile\/?hl=fr","https:\/\/www.pinterest.ca\/Laboratoiretext\/"]}]}},"jetpack_sharing_enabled":true,"_links":{"self":[{"href":"https:\/\/laboratoiretextile.ca\/en\/wp-json\/wp\/v2\/pages\/4697","targetHints":{"allow":["GET"]}}],"collection":[{"href":"https:\/\/laboratoiretextile.ca\/en\/wp-json\/wp\/v2\/pages"}],"about":[{"href":"https:\/\/laboratoiretextile.ca\/en\/wp-json\/wp\/v2\/types\/page"}],"author":[{"embeddable":true,"href":"https:\/\/laboratoiretextile.ca\/en\/wp-json\/wp\/v2\/users\/1"}],"replies":[{"embeddable":true,"href":"https:\/\/laboratoiretextile.ca\/en\/wp-json\/wp\/v2\/comments?post=4697"}],"version-history":[{"count":33,"href":"https:\/\/laboratoiretextile.ca\/en\/wp-json\/wp\/v2\/pages\/4697\/revisions"}],"predecessor-version":[{"id":4794,"href":"https:\/\/laboratoiretextile.ca\/en\/wp-json\/wp\/v2\/pages\/4697\/revisions\/4794"}],"up":[{"embeddable":true,"href":"https:\/\/laboratoiretextile.ca\/en\/wp-json\/wp\/v2\/pages\/755"}],"wp:attachment":[{"href":"https:\/\/laboratoiretextile.ca\/en\/wp-json\/wp\/v2\/media?parent=4697"}],"curies":[{"name":"wp","href":"https:\/\/api.w.org\/{rel}","templated":true}]}}