{"id":2085,"date":"2025-07-04T10:52:47","date_gmt":"2025-07-04T14:52:47","guid":{"rendered":"https:\/\/laboratoiretextile.ca\/?post_type=product&#038;p=2085"},"modified":"2025-07-08T11:51:24","modified_gmt":"2025-07-08T15:51:24","slug":"n302-xl","status":"publish","type":"product","link":"https:\/\/laboratoiretextile.ca\/en\/boutique\/n302-xl\/","title":{"rendered":"N\u00b0302 XL"},"content":{"rendered":"<p>Made up of 306 folds, this lamp is an enlarged version of the <a href=\"https:\/\/laboratoiretextile.ca\/en\/boutique\/lampe-n302-uni\/\">n\u00b0302<\/a>. As the largest model in the collection, it required a great deal of research to achieve a wider piece without the material deforming under its own weight. As with all the models in the collection, only the fold defines its shape, without the use of reinforcement.<\/p>\n<p>Its generous dimensions will make it a centerpiece of your interior.<br \/>\nIts pure lines highlight the work of folding to bring a warm, elegant touch to the bedroom as well as the dining room.<\/p>\n<p><em>* International shipping <a href=\"https:\/\/laboratoiretextile.ca\/en\/contact\/\">contact us<\/a> for a quote on shipping rates.<\/em><\/p>\n<p>&nbsp;<\/p>","protected":false},"excerpt":{"rendered":"<p>Compos\u00e9e de 306 plis, cette lampe est une version agrandie de la lampe n\u00b0302. S&rsquo;agissant du plus grand mod\u00e8le de la collection, elle a n\u00e9cessit\u00e9 beaucoup de recherche pour r\u00e9ussir \u00e0 obtenir une pi\u00e8ce plus large sans que le mat\u00e9riau ne se d\u00e9forme sous son propre poids. Car comme dans tous les mod\u00e8les de la [&hellip;]<\/p>\n","protected":false},"featured_media":2093,"template":"","meta":{"iawp_total_views":225},"product_brand":[],"product_cat":[260,174],"product_tag":[164,59,169,168,60],"class_list":{"0":"post-2085","1":"product","2":"type-product","3":"status-publish","4":"has-post-thumbnail","6":"product_cat-lampes","7":"product_cat-mille-et-un-plis","8":"product_tag-lampe","9":"product_tag-luminaire","10":"product_tag-luminaire-suspendu","11":"product_tag-n302-xl","12":"product_tag-origami","13":"product_shipping_class-livraison-gratuite","15":"first","16":"instock","17":"taxable","18":"shipping-taxable","19":"purchasable","20":"product-type-simple"},"yoast_head":"<!-- This site is optimized with the Yoast SEO plugin v27.4 - https:\/\/yoast.com\/product\/yoast-seo-wordpress\/ -->\n<title>N\u00b0302 XL - Laboratoire Textile<\/title>\n<meta name=\"description\" content=\"Compos\u00e9e de 306 plis, cette lampe est une version agrandie de la lampe n\u00b0302 qui trouvera sa place dans toutes les pi\u00e8ces de la maison.\" \/>\n<meta name=\"robots\" content=\"index, follow, max-snippet:-1, max-image-preview:large, max-video-preview:-1\" \/>\n<link rel=\"canonical\" href=\"https:\/\/laboratoiretextile.ca\/en\/boutique\/n302-xl\/\" \/>\n<meta property=\"og:locale\" content=\"en_US\" \/>\n<meta property=\"og:type\" content=\"article\" \/>\n<meta property=\"og:title\" content=\"N\u00b0302 XL - Laboratoire Textile\" \/>\n<meta property=\"og:description\" content=\"Compos\u00e9e de 306 plis, cette lampe est une version agrandie de la lampe n\u00b0302 qui trouvera sa place dans toutes les pi\u00e8ces de la maison.\" \/>\n<meta property=\"og:url\" content=\"https:\/\/laboratoiretextile.ca\/en\/boutique\/n302-xl\/\" \/>\n<meta property=\"og:site_name\" content=\"Laboratoire Textile\" \/>\n<meta property=\"article:publisher\" content=\"https:\/\/fr-fr.facebook.com\/LaboratoireTextile\" \/>\n<meta property=\"article:modified_time\" content=\"2025-07-08T15:51:24+00:00\" \/>\n<meta property=\"og:image\" content=\"https:\/\/laboratoiretextile.ca\/wp-content\/uploads\/2023\/07\/Laboratoire-Textile-N302XL-uni-04.jpg\" \/>\n\t<meta property=\"og:image:width\" content=\"1200\" \/>\n\t<meta property=\"og:image:height\" content=\"1200\" \/>\n\t<meta property=\"og:image:type\" content=\"image\/jpeg\" \/>\n<meta name=\"twitter:card\" content=\"summary_large_image\" \/>\n<meta name=\"twitter:label1\" content=\"Est. reading time\" \/>\n\t<meta name=\"twitter:data1\" content=\"1 minute\" \/>\n<script type=\"application\/ld+json\" class=\"yoast-schema-graph\">{\"@context\":\"https:\\\/\\\/schema.org\",\"@graph\":[{\"@type\":\"WebPage\",\"@id\":\"https:\\\/\\\/laboratoiretextile.ca\\\/boutique\\\/n302-xl\\\/\",\"url\":\"https:\\\/\\\/laboratoiretextile.ca\\\/boutique\\\/n302-xl\\\/\",\"name\":\"N\u00b0302 XL - Laboratoire Textile\",\"isPartOf\":{\"@id\":\"https:\\\/\\\/laboratoiretextile.ca\\\/#website\"},\"primaryImageOfPage\":{\"@id\":\"https:\\\/\\\/laboratoiretextile.ca\\\/boutique\\\/n302-xl\\\/#primaryimage\"},\"image\":{\"@id\":\"https:\\\/\\\/laboratoiretextile.ca\\\/boutique\\\/n302-xl\\\/#primaryimage\"},\"thumbnailUrl\":\"https:\\\/\\\/laboratoiretextile.ca\\\/wp-content\\\/uploads\\\/2023\\\/07\\\/Laboratoire-Textile-N302XL-uni-04.jpg\",\"datePublished\":\"2025-07-04T14:52:47+00:00\",\"dateModified\":\"2025-07-08T15:51:24+00:00\",\"description\":\"Compos\u00e9e de 306 plis, cette lampe est une version agrandie de la lampe n\u00b0302 qui trouvera sa place dans toutes les pi\u00e8ces de la maison.\",\"breadcrumb\":{\"@id\":\"https:\\\/\\\/laboratoiretextile.ca\\\/boutique\\\/n302-xl\\\/#breadcrumb\"},\"inLanguage\":\"en-US\",\"potentialAction\":[{\"@type\":\"ReadAction\",\"target\":[\"https:\\\/\\\/laboratoiretextile.ca\\\/boutique\\\/n302-xl\\\/\"]}]},{\"@type\":\"ImageObject\",\"inLanguage\":\"en-US\",\"@id\":\"https:\\\/\\\/laboratoiretextile.ca\\\/boutique\\\/n302-xl\\\/#primaryimage\",\"url\":\"https:\\\/\\\/laboratoiretextile.ca\\\/wp-content\\\/uploads\\\/2023\\\/07\\\/Laboratoire-Textile-N302XL-uni-04.jpg\",\"contentUrl\":\"https:\\\/\\\/laboratoiretextile.ca\\\/wp-content\\\/uploads\\\/2023\\\/07\\\/Laboratoire-Textile-N302XL-uni-04.jpg\",\"width\":1200,\"height\":1200,\"caption\":\"Laboratoire Textile - Lampe n302 XL\"},{\"@type\":\"BreadcrumbList\",\"@id\":\"https:\\\/\\\/laboratoiretextile.ca\\\/boutique\\\/n302-xl\\\/#breadcrumb\",\"itemListElement\":[{\"@type\":\"ListItem\",\"position\":1,\"name\":\"Accueil\",\"item\":\"https:\\\/\\\/laboratoiretextile.ca\\\/\"},{\"@type\":\"ListItem\",\"position\":2,\"name\":\"Boutique\",\"item\":\"https:\\\/\\\/laboratoiretextile.ca\\\/boutique\\\/\"},{\"@type\":\"ListItem\",\"position\":3,\"name\":\"N\u00b0302 XL\"}]},{\"@type\":\"WebSite\",\"@id\":\"https:\\\/\\\/laboratoiretextile.ca\\\/#website\",\"url\":\"https:\\\/\\\/laboratoiretextile.ca\\\/\",\"name\":\"Laboratoire Textile\",\"description\":\"Plier la lumi\u00e8re\",\"publisher\":{\"@id\":\"https:\\\/\\\/laboratoiretextile.ca\\\/#organization\"},\"potentialAction\":[{\"@type\":\"SearchAction\",\"target\":{\"@type\":\"EntryPoint\",\"urlTemplate\":\"https:\\\/\\\/laboratoiretextile.ca\\\/?s={search_term_string}\"},\"query-input\":{\"@type\":\"PropertyValueSpecification\",\"valueRequired\":true,\"valueName\":\"search_term_string\"}}],\"inLanguage\":\"en-US\"},{\"@type\":\"Organization\",\"@id\":\"https:\\\/\\\/laboratoiretextile.ca\\\/#organization\",\"name\":\"Laboratoire Textile\",\"url\":\"https:\\\/\\\/laboratoiretextile.ca\\\/\",\"logo\":{\"@type\":\"ImageObject\",\"inLanguage\":\"en-US\",\"@id\":\"https:\\\/\\\/laboratoiretextile.ca\\\/#\\\/schema\\\/logo\\\/image\\\/\",\"url\":\"https:\\\/\\\/laboratoiretextile.ca\\\/wp-content\\\/uploads\\\/2021\\\/11\\\/Laboratoire-Textile-N302-Chevrons-Blanc-02.jpg\",\"contentUrl\":\"https:\\\/\\\/laboratoiretextile.ca\\\/wp-content\\\/uploads\\\/2021\\\/11\\\/Laboratoire-Textile-N302-Chevrons-Blanc-02.jpg\",\"width\":1200,\"height\":1200,\"caption\":\"Laboratoire Textile\"},\"image\":{\"@id\":\"https:\\\/\\\/laboratoiretextile.ca\\\/#\\\/schema\\\/logo\\\/image\\\/\"},\"sameAs\":[\"https:\\\/\\\/fr-fr.facebook.com\\\/LaboratoireTextile\",\"https:\\\/\\\/www.instagram.com\\\/laboratoiretextile\\\/?hl=fr\",\"https:\\\/\\\/www.pinterest.ca\\\/Laboratoiretext\\\/\"]}]}<\/script>\n<!-- \/ Yoast SEO plugin. -->","yoast_head_json":{"title":"N\u00b0302 XL - Laboratoire Textile","description":"Compos\u00e9e de 306 plis, cette lampe est une version agrandie de la lampe n\u00b0302 qui trouvera sa place dans toutes les pi\u00e8ces de la maison.","robots":{"index":"index","follow":"follow","max-snippet":"max-snippet:-1","max-image-preview":"max-image-preview:large","max-video-preview":"max-video-preview:-1"},"canonical":"https:\/\/laboratoiretextile.ca\/en\/boutique\/n302-xl\/","og_locale":"en_US","og_type":"article","og_title":"N\u00b0302 XL - Laboratoire Textile","og_description":"Compos\u00e9e de 306 plis, cette lampe est une version agrandie de la lampe n\u00b0302 qui trouvera sa place dans toutes les pi\u00e8ces de la maison.","og_url":"https:\/\/laboratoiretextile.ca\/en\/boutique\/n302-xl\/","og_site_name":"Laboratoire Textile","article_publisher":"https:\/\/fr-fr.facebook.com\/LaboratoireTextile","article_modified_time":"2025-07-08T15:51:24+00:00","og_image":[{"width":1200,"height":1200,"url":"https:\/\/laboratoiretextile.ca\/wp-content\/uploads\/2023\/07\/Laboratoire-Textile-N302XL-uni-04.jpg","type":"image\/jpeg"}],"twitter_card":"summary_large_image","twitter_misc":{"Est. reading time":"1 minute"},"schema":{"@context":"https:\/\/schema.org","@graph":[{"@type":"WebPage","@id":"https:\/\/laboratoiretextile.ca\/boutique\/n302-xl\/","url":"https:\/\/laboratoiretextile.ca\/boutique\/n302-xl\/","name":"N\u00b0302 XL - Laboratoire Textile","isPartOf":{"@id":"https:\/\/laboratoiretextile.ca\/#website"},"primaryImageOfPage":{"@id":"https:\/\/laboratoiretextile.ca\/boutique\/n302-xl\/#primaryimage"},"image":{"@id":"https:\/\/laboratoiretextile.ca\/boutique\/n302-xl\/#primaryimage"},"thumbnailUrl":"https:\/\/laboratoiretextile.ca\/wp-content\/uploads\/2023\/07\/Laboratoire-Textile-N302XL-uni-04.jpg","datePublished":"2025-07-04T14:52:47+00:00","dateModified":"2025-07-08T15:51:24+00:00","description":"Compos\u00e9e de 306 plis, cette lampe est une version agrandie de la lampe n\u00b0302 qui trouvera sa place dans toutes les pi\u00e8ces de la maison.","breadcrumb":{"@id":"https:\/\/laboratoiretextile.ca\/boutique\/n302-xl\/#breadcrumb"},"inLanguage":"en-US","potentialAction":[{"@type":"ReadAction","target":["https:\/\/laboratoiretextile.ca\/boutique\/n302-xl\/"]}]},{"@type":"ImageObject","inLanguage":"en-US","@id":"https:\/\/laboratoiretextile.ca\/boutique\/n302-xl\/#primaryimage","url":"https:\/\/laboratoiretextile.ca\/wp-content\/uploads\/2023\/07\/Laboratoire-Textile-N302XL-uni-04.jpg","contentUrl":"https:\/\/laboratoiretextile.ca\/wp-content\/uploads\/2023\/07\/Laboratoire-Textile-N302XL-uni-04.jpg","width":1200,"height":1200,"caption":"Laboratoire Textile - Lampe n302 XL"},{"@type":"BreadcrumbList","@id":"https:\/\/laboratoiretextile.ca\/boutique\/n302-xl\/#breadcrumb","itemListElement":[{"@type":"ListItem","position":1,"name":"Accueil","item":"https:\/\/laboratoiretextile.ca\/"},{"@type":"ListItem","position":2,"name":"Boutique","item":"https:\/\/laboratoiretextile.ca\/boutique\/"},{"@type":"ListItem","position":3,"name":"N\u00b0302 XL"}]},{"@type":"WebSite","@id":"https:\/\/laboratoiretextile.ca\/#website","url":"https:\/\/laboratoiretextile.ca\/","name":"Laboratoire Textile","description":"Folding light","publisher":{"@id":"https:\/\/laboratoiretextile.ca\/#organization"},"potentialAction":[{"@type":"SearchAction","target":{"@type":"EntryPoint","urlTemplate":"https:\/\/laboratoiretextile.ca\/?s={search_term_string}"},"query-input":{"@type":"PropertyValueSpecification","valueRequired":true,"valueName":"search_term_string"}}],"inLanguage":"en-US"},{"@type":"Organization","@id":"https:\/\/laboratoiretextile.ca\/#organization","name":"Laboratoire Textile","url":"https:\/\/laboratoiretextile.ca\/","logo":{"@type":"ImageObject","inLanguage":"en-US","@id":"https:\/\/laboratoiretextile.ca\/#\/schema\/logo\/image\/","url":"https:\/\/laboratoiretextile.ca\/wp-content\/uploads\/2021\/11\/Laboratoire-Textile-N302-Chevrons-Blanc-02.jpg","contentUrl":"https:\/\/laboratoiretextile.ca\/wp-content\/uploads\/2021\/11\/Laboratoire-Textile-N302-Chevrons-Blanc-02.jpg","width":1200,"height":1200,"caption":"Laboratoire Textile"},"image":{"@id":"https:\/\/laboratoiretextile.ca\/#\/schema\/logo\/image\/"},"sameAs":["https:\/\/fr-fr.facebook.com\/LaboratoireTextile","https:\/\/www.instagram.com\/laboratoiretextile\/?hl=fr","https:\/\/www.pinterest.ca\/Laboratoiretext\/"]}]}},"jetpack_sharing_enabled":true,"_links":{"self":[{"href":"https:\/\/laboratoiretextile.ca\/en\/wp-json\/wp\/v2\/product\/2085","targetHints":{"allow":["GET"]}}],"collection":[{"href":"https:\/\/laboratoiretextile.ca\/en\/wp-json\/wp\/v2\/product"}],"about":[{"href":"https:\/\/laboratoiretextile.ca\/en\/wp-json\/wp\/v2\/types\/product"}],"wp:featuredmedia":[{"embeddable":true,"href":"https:\/\/laboratoiretextile.ca\/en\/wp-json\/wp\/v2\/media\/2093"}],"wp:attachment":[{"href":"https:\/\/laboratoiretextile.ca\/en\/wp-json\/wp\/v2\/media?parent=2085"}],"wp:term":[{"taxonomy":"product_brand","embeddable":true,"href":"https:\/\/laboratoiretextile.ca\/en\/wp-json\/wp\/v2\/product_brand?post=2085"},{"taxonomy":"product_cat","embeddable":true,"href":"https:\/\/laboratoiretextile.ca\/en\/wp-json\/wp\/v2\/product_cat?post=2085"},{"taxonomy":"product_tag","embeddable":true,"href":"https:\/\/laboratoiretextile.ca\/en\/wp-json\/wp\/v2\/product_tag?post=2085"}],"curies":[{"name":"wp","href":"https:\/\/api.w.org\/{rel}","templated":true}]}}