{"id":3316,"date":"2023-10-15T12:21:26","date_gmt":"2023-10-15T16:21:26","guid":{"rendered":"https:\/\/laboratoiretextile.ca\/?post_type=product&#038;p=3316"},"modified":"2025-07-08T11:54:18","modified_gmt":"2025-07-08T15:54:18","slug":"n135-perseides-orange-et-bleu","status":"publish","type":"product","link":"https:\/\/laboratoiretextile.ca\/en\/boutique\/n135-perseides-orange-et-bleu\/","title":{"rendered":"n\u00b0135 Perseids orange and black"},"content":{"rendered":"<p class=\"p1\">This series was born intuitively, almost accidentally, by letting the drops of color settle randomly in a beautiful balance between the whiteness of the background, and touches of ultra-vibrant color.<\/p>\n<p>This is how the Perseids collection was born, as a tribute to the meteor showers observed in August in Quebec.<\/p>\n<p class=\"p1\">The N\u00b0135 lamp is adorned with fluorescent neon orange and deep blue colors applied randomly to each fixture, making each piece unique.a<\/p>\n<p class=\"p1\">Where design and the visual arts meet, an accent or bedside lamp that brings an elegant graphic touch to your home.<\/p>\n<p><em>* International shipping <a href=\"https:\/\/laboratoiretextile.ca\/en\/contact\/\" target=\"_blank\" rel=\"noopener\">contact us<\/a> for a quote on shipping rates.<\/em><\/p>\n<p><iframe loading=\"lazy\" title=\"Perseids\" width=\"500\" height=\"281\" src=\"https:\/\/www.youtube.com\/embed\/CnVZP-kQgko?feature=oembed\" frameborder=\"0\" allow=\"accelerometer; autoplay; clipboard-write; encrypted-media; gyroscope; picture-in-picture; web-share\" referrerpolicy=\"strict-origin-when-cross-origin\" allowfullscreen><\/iframe><\/p>\n<p>&nbsp;<\/p>","protected":false},"excerpt":{"rendered":"<p><!-- wp:paragraph --><\/p>\n<p>La collection \u00c9clipse est n\u00e9e de l&rsquo;observation de ce rare et fascinant ph\u00e9nom\u00e8ne qui joue avec la lumi\u00e8re.<\/p>\n<p>Le motif prend la forme d&rsquo;un grand aplat en forme de demi-lune, imprim\u00e9 \u00e0 la main en s\u00e9rigraphie. \u00c0 vous de moduler l&rsquo;\u00e9clairage par la rotation de l&rsquo;objet pour choisir la position du motif.<\/p>\n<p>&nbsp;<\/p>\n<p><!-- \/wp:paragraph --><\/p>\n<p><!-- \/wp:paragraph --><\/p>","protected":false},"featured_media":3319,"template":"","meta":{"iawp_total_views":58},"product_brand":[],"product_cat":[260,252],"product_tag":[95,254,57,58,59,94,60,253],"class_list":{"0":"post-3316","1":"product","2":"type-product","3":"status-publish","4":"has-post-thumbnail","6":"product_cat-lampes","7":"product_cat-collection-perseides","8":"product_tag-ecoresponsable","9":"product_tag-fluo","10":"product_tag-laboratoire-textile","11":"product_tag-lucie-leroux","12":"product_tag-luminaire","13":"product_tag-montreal","14":"product_tag-origami","15":"product_tag-perseides","16":"product_shipping_class-pieces-murales","18":"first","19":"instock","20":"taxable","21":"shipping-taxable","22":"purchasable","23":"product-type-variable"},"yoast_head":"<!-- This site is optimized with the Yoast SEO plugin v27.4 - https:\/\/yoast.com\/product\/yoast-seo-wordpress\/ -->\n<title>n\u00b0135 Pers\u00e9ides orange et bleu - Laboratoire Textile<\/title>\n<meta name=\"description\" content=\"La lampe N135 Pers\u00e9ides rend hommage aux pluies de m\u00e9t\u00e9ores observ\u00e9es en ao\u00fbt au Qu\u00e9bec.\" \/>\n<meta name=\"robots\" content=\"index, follow, max-snippet:-1, max-image-preview:large, max-video-preview:-1\" \/>\n<link rel=\"canonical\" href=\"https:\/\/laboratoiretextile.ca\/en\/boutique\/n135-perseides-orange-et-bleu\/\" \/>\n<meta property=\"og:locale\" content=\"en_US\" \/>\n<meta property=\"og:type\" content=\"article\" \/>\n<meta property=\"og:title\" content=\"n\u00b0135 Pers\u00e9ides orange et bleu - Laboratoire Textile\" \/>\n<meta property=\"og:description\" content=\"La lampe N135 Pers\u00e9ides rend hommage aux pluies de m\u00e9t\u00e9ores observ\u00e9es en ao\u00fbt au Qu\u00e9bec.\" \/>\n<meta property=\"og:url\" content=\"https:\/\/laboratoiretextile.ca\/en\/boutique\/n135-perseides-orange-et-bleu\/\" \/>\n<meta property=\"og:site_name\" content=\"Laboratoire Textile\" \/>\n<meta property=\"article:publisher\" content=\"https:\/\/fr-fr.facebook.com\/LaboratoireTextile\" \/>\n<meta property=\"article:modified_time\" content=\"2025-07-08T15:54:18+00:00\" \/>\n<meta property=\"og:image\" content=\"https:\/\/laboratoiretextile.ca\/wp-content\/uploads\/2024\/10\/Laboratoire_Textile-N135-Perseids-BO-01.jpg\" \/>\n\t<meta property=\"og:image:width\" content=\"1200\" \/>\n\t<meta property=\"og:image:height\" content=\"1200\" \/>\n\t<meta property=\"og:image:type\" content=\"image\/jpeg\" \/>\n<meta name=\"twitter:card\" content=\"summary_large_image\" \/>\n<meta name=\"twitter:label1\" content=\"Est. reading time\" \/>\n\t<meta name=\"twitter:data1\" content=\"1 minute\" \/>\n<script type=\"application\/ld+json\" class=\"yoast-schema-graph\">{\"@context\":\"https:\\\/\\\/schema.org\",\"@graph\":[{\"@type\":\"WebPage\",\"@id\":\"https:\\\/\\\/laboratoiretextile.ca\\\/boutique\\\/n135-perseides-orange-et-bleu\\\/\",\"url\":\"https:\\\/\\\/laboratoiretextile.ca\\\/boutique\\\/n135-perseides-orange-et-bleu\\\/\",\"name\":\"n\u00b0135 Pers\u00e9ides orange et bleu - Laboratoire Textile\",\"isPartOf\":{\"@id\":\"https:\\\/\\\/laboratoiretextile.ca\\\/#website\"},\"primaryImageOfPage\":{\"@id\":\"https:\\\/\\\/laboratoiretextile.ca\\\/boutique\\\/n135-perseides-orange-et-bleu\\\/#primaryimage\"},\"image\":{\"@id\":\"https:\\\/\\\/laboratoiretextile.ca\\\/boutique\\\/n135-perseides-orange-et-bleu\\\/#primaryimage\"},\"thumbnailUrl\":\"https:\\\/\\\/laboratoiretextile.ca\\\/wp-content\\\/uploads\\\/2024\\\/10\\\/Laboratoire_Textile-N135-Perseids-BO-01.jpg\",\"datePublished\":\"2023-10-15T16:21:26+00:00\",\"dateModified\":\"2025-07-08T15:54:18+00:00\",\"description\":\"La lampe N135 Pers\u00e9ides rend hommage aux pluies de m\u00e9t\u00e9ores observ\u00e9es en ao\u00fbt au Qu\u00e9bec.\",\"breadcrumb\":{\"@id\":\"https:\\\/\\\/laboratoiretextile.ca\\\/boutique\\\/n135-perseides-orange-et-bleu\\\/#breadcrumb\"},\"inLanguage\":\"en-US\",\"potentialAction\":[{\"@type\":\"ReadAction\",\"target\":[\"https:\\\/\\\/laboratoiretextile.ca\\\/boutique\\\/n135-perseides-orange-et-bleu\\\/\"]}]},{\"@type\":\"ImageObject\",\"inLanguage\":\"en-US\",\"@id\":\"https:\\\/\\\/laboratoiretextile.ca\\\/boutique\\\/n135-perseides-orange-et-bleu\\\/#primaryimage\",\"url\":\"https:\\\/\\\/laboratoiretextile.ca\\\/wp-content\\\/uploads\\\/2024\\\/10\\\/Laboratoire_Textile-N135-Perseids-BO-01.jpg\",\"contentUrl\":\"https:\\\/\\\/laboratoiretextile.ca\\\/wp-content\\\/uploads\\\/2024\\\/10\\\/Laboratoire_Textile-N135-Perseids-BO-01.jpg\",\"width\":1200,\"height\":1200,\"caption\":\"Laboratoire Textile - Lampe N135 motif Pers\u00e9ides\"},{\"@type\":\"BreadcrumbList\",\"@id\":\"https:\\\/\\\/laboratoiretextile.ca\\\/boutique\\\/n135-perseides-orange-et-bleu\\\/#breadcrumb\",\"itemListElement\":[{\"@type\":\"ListItem\",\"position\":1,\"name\":\"Accueil\",\"item\":\"https:\\\/\\\/laboratoiretextile.ca\\\/\"},{\"@type\":\"ListItem\",\"position\":2,\"name\":\"Boutique\",\"item\":\"https:\\\/\\\/laboratoiretextile.ca\\\/boutique\\\/\"},{\"@type\":\"ListItem\",\"position\":3,\"name\":\"n\u00b0135 Pers\u00e9ides orange et bleu\"}]},{\"@type\":\"WebSite\",\"@id\":\"https:\\\/\\\/laboratoiretextile.ca\\\/#website\",\"url\":\"https:\\\/\\\/laboratoiretextile.ca\\\/\",\"name\":\"Laboratoire Textile\",\"description\":\"Plier la lumi\u00e8re\",\"publisher\":{\"@id\":\"https:\\\/\\\/laboratoiretextile.ca\\\/#organization\"},\"potentialAction\":[{\"@type\":\"SearchAction\",\"target\":{\"@type\":\"EntryPoint\",\"urlTemplate\":\"https:\\\/\\\/laboratoiretextile.ca\\\/?s={search_term_string}\"},\"query-input\":{\"@type\":\"PropertyValueSpecification\",\"valueRequired\":true,\"valueName\":\"search_term_string\"}}],\"inLanguage\":\"en-US\"},{\"@type\":\"Organization\",\"@id\":\"https:\\\/\\\/laboratoiretextile.ca\\\/#organization\",\"name\":\"Laboratoire Textile\",\"url\":\"https:\\\/\\\/laboratoiretextile.ca\\\/\",\"logo\":{\"@type\":\"ImageObject\",\"inLanguage\":\"en-US\",\"@id\":\"https:\\\/\\\/laboratoiretextile.ca\\\/#\\\/schema\\\/logo\\\/image\\\/\",\"url\":\"https:\\\/\\\/laboratoiretextile.ca\\\/wp-content\\\/uploads\\\/2021\\\/11\\\/Laboratoire-Textile-N302-Chevrons-Blanc-02.jpg\",\"contentUrl\":\"https:\\\/\\\/laboratoiretextile.ca\\\/wp-content\\\/uploads\\\/2021\\\/11\\\/Laboratoire-Textile-N302-Chevrons-Blanc-02.jpg\",\"width\":1200,\"height\":1200,\"caption\":\"Laboratoire Textile\"},\"image\":{\"@id\":\"https:\\\/\\\/laboratoiretextile.ca\\\/#\\\/schema\\\/logo\\\/image\\\/\"},\"sameAs\":[\"https:\\\/\\\/fr-fr.facebook.com\\\/LaboratoireTextile\",\"https:\\\/\\\/www.instagram.com\\\/laboratoiretextile\\\/?hl=fr\",\"https:\\\/\\\/www.pinterest.ca\\\/Laboratoiretext\\\/\"]}]}<\/script>\n<!-- \/ Yoast SEO plugin. -->","yoast_head_json":{"title":"n\u00b0135 Pers\u00e9ides orange et bleu - Laboratoire Textile","description":"La lampe N135 Pers\u00e9ides rend hommage aux pluies de m\u00e9t\u00e9ores observ\u00e9es en ao\u00fbt au Qu\u00e9bec.","robots":{"index":"index","follow":"follow","max-snippet":"max-snippet:-1","max-image-preview":"max-image-preview:large","max-video-preview":"max-video-preview:-1"},"canonical":"https:\/\/laboratoiretextile.ca\/en\/boutique\/n135-perseides-orange-et-bleu\/","og_locale":"en_US","og_type":"article","og_title":"n\u00b0135 Pers\u00e9ides orange et bleu - Laboratoire Textile","og_description":"La lampe N135 Pers\u00e9ides rend hommage aux pluies de m\u00e9t\u00e9ores observ\u00e9es en ao\u00fbt au Qu\u00e9bec.","og_url":"https:\/\/laboratoiretextile.ca\/en\/boutique\/n135-perseides-orange-et-bleu\/","og_site_name":"Laboratoire Textile","article_publisher":"https:\/\/fr-fr.facebook.com\/LaboratoireTextile","article_modified_time":"2025-07-08T15:54:18+00:00","og_image":[{"width":1200,"height":1200,"url":"https:\/\/laboratoiretextile.ca\/wp-content\/uploads\/2024\/10\/Laboratoire_Textile-N135-Perseids-BO-01.jpg","type":"image\/jpeg"}],"twitter_card":"summary_large_image","twitter_misc":{"Est. reading time":"1 minute"},"schema":{"@context":"https:\/\/schema.org","@graph":[{"@type":"WebPage","@id":"https:\/\/laboratoiretextile.ca\/boutique\/n135-perseides-orange-et-bleu\/","url":"https:\/\/laboratoiretextile.ca\/boutique\/n135-perseides-orange-et-bleu\/","name":"n\u00b0135 Pers\u00e9ides orange et bleu - Laboratoire Textile","isPartOf":{"@id":"https:\/\/laboratoiretextile.ca\/#website"},"primaryImageOfPage":{"@id":"https:\/\/laboratoiretextile.ca\/boutique\/n135-perseides-orange-et-bleu\/#primaryimage"},"image":{"@id":"https:\/\/laboratoiretextile.ca\/boutique\/n135-perseides-orange-et-bleu\/#primaryimage"},"thumbnailUrl":"https:\/\/laboratoiretextile.ca\/wp-content\/uploads\/2024\/10\/Laboratoire_Textile-N135-Perseids-BO-01.jpg","datePublished":"2023-10-15T16:21:26+00:00","dateModified":"2025-07-08T15:54:18+00:00","description":"La lampe N135 Pers\u00e9ides rend hommage aux pluies de m\u00e9t\u00e9ores observ\u00e9es en ao\u00fbt au Qu\u00e9bec.","breadcrumb":{"@id":"https:\/\/laboratoiretextile.ca\/boutique\/n135-perseides-orange-et-bleu\/#breadcrumb"},"inLanguage":"en-US","potentialAction":[{"@type":"ReadAction","target":["https:\/\/laboratoiretextile.ca\/boutique\/n135-perseides-orange-et-bleu\/"]}]},{"@type":"ImageObject","inLanguage":"en-US","@id":"https:\/\/laboratoiretextile.ca\/boutique\/n135-perseides-orange-et-bleu\/#primaryimage","url":"https:\/\/laboratoiretextile.ca\/wp-content\/uploads\/2024\/10\/Laboratoire_Textile-N135-Perseids-BO-01.jpg","contentUrl":"https:\/\/laboratoiretextile.ca\/wp-content\/uploads\/2024\/10\/Laboratoire_Textile-N135-Perseids-BO-01.jpg","width":1200,"height":1200,"caption":"Laboratoire Textile - Lampe N135 motif Pers\u00e9ides"},{"@type":"BreadcrumbList","@id":"https:\/\/laboratoiretextile.ca\/boutique\/n135-perseides-orange-et-bleu\/#breadcrumb","itemListElement":[{"@type":"ListItem","position":1,"name":"Accueil","item":"https:\/\/laboratoiretextile.ca\/"},{"@type":"ListItem","position":2,"name":"Boutique","item":"https:\/\/laboratoiretextile.ca\/boutique\/"},{"@type":"ListItem","position":3,"name":"n\u00b0135 Pers\u00e9ides orange et bleu"}]},{"@type":"WebSite","@id":"https:\/\/laboratoiretextile.ca\/#website","url":"https:\/\/laboratoiretextile.ca\/","name":"Laboratoire Textile","description":"Folding light","publisher":{"@id":"https:\/\/laboratoiretextile.ca\/#organization"},"potentialAction":[{"@type":"SearchAction","target":{"@type":"EntryPoint","urlTemplate":"https:\/\/laboratoiretextile.ca\/?s={search_term_string}"},"query-input":{"@type":"PropertyValueSpecification","valueRequired":true,"valueName":"search_term_string"}}],"inLanguage":"en-US"},{"@type":"Organization","@id":"https:\/\/laboratoiretextile.ca\/#organization","name":"Laboratoire Textile","url":"https:\/\/laboratoiretextile.ca\/","logo":{"@type":"ImageObject","inLanguage":"en-US","@id":"https:\/\/laboratoiretextile.ca\/#\/schema\/logo\/image\/","url":"https:\/\/laboratoiretextile.ca\/wp-content\/uploads\/2021\/11\/Laboratoire-Textile-N302-Chevrons-Blanc-02.jpg","contentUrl":"https:\/\/laboratoiretextile.ca\/wp-content\/uploads\/2021\/11\/Laboratoire-Textile-N302-Chevrons-Blanc-02.jpg","width":1200,"height":1200,"caption":"Laboratoire Textile"},"image":{"@id":"https:\/\/laboratoiretextile.ca\/#\/schema\/logo\/image\/"},"sameAs":["https:\/\/fr-fr.facebook.com\/LaboratoireTextile","https:\/\/www.instagram.com\/laboratoiretextile\/?hl=fr","https:\/\/www.pinterest.ca\/Laboratoiretext\/"]}]}},"jetpack_sharing_enabled":true,"_links":{"self":[{"href":"https:\/\/laboratoiretextile.ca\/en\/wp-json\/wp\/v2\/product\/3316","targetHints":{"allow":["GET"]}}],"collection":[{"href":"https:\/\/laboratoiretextile.ca\/en\/wp-json\/wp\/v2\/product"}],"about":[{"href":"https:\/\/laboratoiretextile.ca\/en\/wp-json\/wp\/v2\/types\/product"}],"wp:featuredmedia":[{"embeddable":true,"href":"https:\/\/laboratoiretextile.ca\/en\/wp-json\/wp\/v2\/media\/3319"}],"wp:attachment":[{"href":"https:\/\/laboratoiretextile.ca\/en\/wp-json\/wp\/v2\/media?parent=3316"}],"wp:term":[{"taxonomy":"product_brand","embeddable":true,"href":"https:\/\/laboratoiretextile.ca\/en\/wp-json\/wp\/v2\/product_brand?post=3316"},{"taxonomy":"product_cat","embeddable":true,"href":"https:\/\/laboratoiretextile.ca\/en\/wp-json\/wp\/v2\/product_cat?post=3316"},{"taxonomy":"product_tag","embeddable":true,"href":"https:\/\/laboratoiretextile.ca\/en\/wp-json\/wp\/v2\/product_tag?post=3316"}],"curies":[{"name":"wp","href":"https:\/\/api.w.org\/{rel}","templated":true}]}}