{"id":5168,"date":"2026-01-20T18:02:29","date_gmt":"2026-01-20T23:02:29","guid":{"rendered":"https:\/\/laboratoiretextile.ca\/?post_type=product&#038;p=5168"},"modified":"2026-03-26T16:41:20","modified_gmt":"2026-03-26T20:41:20","slug":"jujube-framboise","status":"publish","type":"product","link":"https:\/\/laboratoiretextile.ca\/en\/boutique\/jujube-framboise\/","title":{"rendered":"Jujube raspberry"},"content":{"rendered":"<p>Lately, I've been wanting to explore color in a different way, to return to even simpler shapes, and above all to design a table lamp.<\/p>\n<p>The proportions and colors of this lamp are inspired by berlingots, small French candies with a distinctive striped tetrahedron shape.<br \/>\nThis time, the color of the object comes from within, thanks to a fluorescent acrylic disc that stabilizes the bulb and the object itself.<\/p>\n<p>Entirely folded by hand in my Montreal workshop, this small accent lamp can be placed on a surface or hung and will be available in two colors: raspberry red and lime green.<\/p>\n<p><em>* International shipping <a href=\"https:\/\/laboratoiretextile.ca\/en\/contact\/\">contact us<\/a> for a quote on shipping rates.<\/em><\/p>","protected":false},"excerpt":{"rendered":"<p>Derni\u00e8rement j\u2019avais envie d\u2019explorer la couleur autrement, de revenir \u00e0 des formes encore plus simples, et surtout d\u2019imaginer une lampe \u00e0 poser. Les proportions et les couleurs de cette lampe s&rsquo;inspirent des berlingots, ces petits bonbons fran\u00e7ais \u00e0 la forme distinctive de t\u00e9tra\u00e8dres ray\u00e9s. Cette fois-ci, la couleur de l&rsquo;objet vient de l&rsquo;int\u00e9rieur, gr\u00e2ce \u00e0 [&hellip;]<\/p>\n","protected":false},"featured_media":5171,"template":"","meta":{"iawp_total_views":126},"product_brand":[],"product_cat":[270,260],"product_tag":[],"class_list":{"0":"post-5168","1":"product","2":"type-product","3":"status-publish","4":"has-post-thumbnail","6":"product_cat-jujube","7":"product_cat-lampes","8":"product_shipping_class-livraison-gratuite","10":"first","11":"instock","12":"taxable","13":"shipping-taxable","14":"purchasable","15":"product-type-simple"},"yoast_head":"<!-- This site is optimized with the Yoast SEO plugin v27.4 - https:\/\/yoast.com\/product\/yoast-seo-wordpress\/ -->\n<title>Jujube framboise - Laboratoire Textile<\/title>\n<meta name=\"description\" content=\"Pliss\u00e9e \u00e0 la main, \u00e0 poser ou \u00e0 suspendre, la lampe Jujube apporte une touche de couleur acidul\u00e9e dans toutes les pi\u00e8ces de la maison.\" \/>\n<meta name=\"robots\" content=\"index, follow, max-snippet:-1, max-image-preview:large, max-video-preview:-1\" \/>\n<link rel=\"canonical\" href=\"https:\/\/laboratoiretextile.ca\/en\/boutique\/jujube-framboise\/\" \/>\n<meta property=\"og:locale\" content=\"en_US\" \/>\n<meta property=\"og:type\" content=\"article\" \/>\n<meta property=\"og:title\" content=\"Jujube framboise - Laboratoire Textile\" \/>\n<meta property=\"og:description\" content=\"Pliss\u00e9e \u00e0 la main, \u00e0 poser ou \u00e0 suspendre, la lampe Jujube apporte une touche de couleur acidul\u00e9e dans toutes les pi\u00e8ces de la maison.\" \/>\n<meta property=\"og:url\" content=\"https:\/\/laboratoiretextile.ca\/en\/boutique\/jujube-framboise\/\" \/>\n<meta property=\"og:site_name\" content=\"Laboratoire Textile\" \/>\n<meta property=\"article:publisher\" content=\"https:\/\/fr-fr.facebook.com\/LaboratoireTextile\" \/>\n<meta property=\"article:modified_time\" content=\"2026-03-26T20:41:20+00:00\" \/>\n<meta property=\"og:image\" content=\"https:\/\/laboratoiretextile.ca\/wp-content\/uploads\/2026\/01\/Laboratoire_Textile-Jujube-Framboise-03.jpg\" \/>\n\t<meta property=\"og:image:width\" content=\"1200\" \/>\n\t<meta property=\"og:image:height\" content=\"1200\" \/>\n\t<meta property=\"og:image:type\" content=\"image\/jpeg\" \/>\n<meta name=\"twitter:card\" content=\"summary_large_image\" \/>\n<meta name=\"twitter:label1\" content=\"Est. reading time\" \/>\n\t<meta name=\"twitter:data1\" content=\"1 minute\" \/>\n<script type=\"application\/ld+json\" class=\"yoast-schema-graph\">{\"@context\":\"https:\\\/\\\/schema.org\",\"@graph\":[{\"@type\":\"WebPage\",\"@id\":\"https:\\\/\\\/laboratoiretextile.ca\\\/boutique\\\/jujube-framboise\\\/\",\"url\":\"https:\\\/\\\/laboratoiretextile.ca\\\/boutique\\\/jujube-framboise\\\/\",\"name\":\"Jujube framboise - Laboratoire Textile\",\"isPartOf\":{\"@id\":\"https:\\\/\\\/laboratoiretextile.ca\\\/#website\"},\"primaryImageOfPage\":{\"@id\":\"https:\\\/\\\/laboratoiretextile.ca\\\/boutique\\\/jujube-framboise\\\/#primaryimage\"},\"image\":{\"@id\":\"https:\\\/\\\/laboratoiretextile.ca\\\/boutique\\\/jujube-framboise\\\/#primaryimage\"},\"thumbnailUrl\":\"https:\\\/\\\/laboratoiretextile.ca\\\/wp-content\\\/uploads\\\/2026\\\/01\\\/Laboratoire_Textile-Jujube-Framboise-03.jpg\",\"datePublished\":\"2026-01-20T23:02:29+00:00\",\"dateModified\":\"2026-03-26T20:41:20+00:00\",\"description\":\"Pliss\u00e9e \u00e0 la main, \u00e0 poser ou \u00e0 suspendre, la lampe Jujube apporte une touche de couleur acidul\u00e9e dans toutes les pi\u00e8ces de la maison.\",\"breadcrumb\":{\"@id\":\"https:\\\/\\\/laboratoiretextile.ca\\\/boutique\\\/jujube-framboise\\\/#breadcrumb\"},\"inLanguage\":\"en-US\",\"potentialAction\":[{\"@type\":\"ReadAction\",\"target\":[\"https:\\\/\\\/laboratoiretextile.ca\\\/boutique\\\/jujube-framboise\\\/\"]}]},{\"@type\":\"ImageObject\",\"inLanguage\":\"en-US\",\"@id\":\"https:\\\/\\\/laboratoiretextile.ca\\\/boutique\\\/jujube-framboise\\\/#primaryimage\",\"url\":\"https:\\\/\\\/laboratoiretextile.ca\\\/wp-content\\\/uploads\\\/2026\\\/01\\\/Laboratoire_Textile-Jujube-Framboise-03.jpg\",\"contentUrl\":\"https:\\\/\\\/laboratoiretextile.ca\\\/wp-content\\\/uploads\\\/2026\\\/01\\\/Laboratoire_Textile-Jujube-Framboise-03.jpg\",\"width\":1200,\"height\":1200},{\"@type\":\"BreadcrumbList\",\"@id\":\"https:\\\/\\\/laboratoiretextile.ca\\\/boutique\\\/jujube-framboise\\\/#breadcrumb\",\"itemListElement\":[{\"@type\":\"ListItem\",\"position\":1,\"name\":\"Accueil\",\"item\":\"https:\\\/\\\/laboratoiretextile.ca\\\/\"},{\"@type\":\"ListItem\",\"position\":2,\"name\":\"Boutique\",\"item\":\"https:\\\/\\\/laboratoiretextile.ca\\\/boutique\\\/\"},{\"@type\":\"ListItem\",\"position\":3,\"name\":\"Jujube framboise\"}]},{\"@type\":\"WebSite\",\"@id\":\"https:\\\/\\\/laboratoiretextile.ca\\\/#website\",\"url\":\"https:\\\/\\\/laboratoiretextile.ca\\\/\",\"name\":\"Laboratoire Textile\",\"description\":\"Plier la lumi\u00e8re\",\"publisher\":{\"@id\":\"https:\\\/\\\/laboratoiretextile.ca\\\/#organization\"},\"potentialAction\":[{\"@type\":\"SearchAction\",\"target\":{\"@type\":\"EntryPoint\",\"urlTemplate\":\"https:\\\/\\\/laboratoiretextile.ca\\\/?s={search_term_string}\"},\"query-input\":{\"@type\":\"PropertyValueSpecification\",\"valueRequired\":true,\"valueName\":\"search_term_string\"}}],\"inLanguage\":\"en-US\"},{\"@type\":\"Organization\",\"@id\":\"https:\\\/\\\/laboratoiretextile.ca\\\/#organization\",\"name\":\"Laboratoire Textile\",\"url\":\"https:\\\/\\\/laboratoiretextile.ca\\\/\",\"logo\":{\"@type\":\"ImageObject\",\"inLanguage\":\"en-US\",\"@id\":\"https:\\\/\\\/laboratoiretextile.ca\\\/#\\\/schema\\\/logo\\\/image\\\/\",\"url\":\"https:\\\/\\\/laboratoiretextile.ca\\\/wp-content\\\/uploads\\\/2021\\\/11\\\/Laboratoire-Textile-N302-Chevrons-Blanc-02.jpg\",\"contentUrl\":\"https:\\\/\\\/laboratoiretextile.ca\\\/wp-content\\\/uploads\\\/2021\\\/11\\\/Laboratoire-Textile-N302-Chevrons-Blanc-02.jpg\",\"width\":1200,\"height\":1200,\"caption\":\"Laboratoire Textile\"},\"image\":{\"@id\":\"https:\\\/\\\/laboratoiretextile.ca\\\/#\\\/schema\\\/logo\\\/image\\\/\"},\"sameAs\":[\"https:\\\/\\\/fr-fr.facebook.com\\\/LaboratoireTextile\",\"https:\\\/\\\/www.instagram.com\\\/laboratoiretextile\\\/?hl=fr\",\"https:\\\/\\\/www.pinterest.ca\\\/Laboratoiretext\\\/\"]}]}<\/script>\n<!-- \/ Yoast SEO plugin. -->","yoast_head_json":{"title":"Jujube framboise - Laboratoire Textile","description":"Pliss\u00e9e \u00e0 la main, \u00e0 poser ou \u00e0 suspendre, la lampe Jujube apporte une touche de couleur acidul\u00e9e dans toutes les pi\u00e8ces de la maison.","robots":{"index":"index","follow":"follow","max-snippet":"max-snippet:-1","max-image-preview":"max-image-preview:large","max-video-preview":"max-video-preview:-1"},"canonical":"https:\/\/laboratoiretextile.ca\/en\/boutique\/jujube-framboise\/","og_locale":"en_US","og_type":"article","og_title":"Jujube framboise - Laboratoire Textile","og_description":"Pliss\u00e9e \u00e0 la main, \u00e0 poser ou \u00e0 suspendre, la lampe Jujube apporte une touche de couleur acidul\u00e9e dans toutes les pi\u00e8ces de la maison.","og_url":"https:\/\/laboratoiretextile.ca\/en\/boutique\/jujube-framboise\/","og_site_name":"Laboratoire Textile","article_publisher":"https:\/\/fr-fr.facebook.com\/LaboratoireTextile","article_modified_time":"2026-03-26T20:41:20+00:00","og_image":[{"width":1200,"height":1200,"url":"https:\/\/laboratoiretextile.ca\/wp-content\/uploads\/2026\/01\/Laboratoire_Textile-Jujube-Framboise-03.jpg","type":"image\/jpeg"}],"twitter_card":"summary_large_image","twitter_misc":{"Est. reading time":"1 minute"},"schema":{"@context":"https:\/\/schema.org","@graph":[{"@type":"WebPage","@id":"https:\/\/laboratoiretextile.ca\/boutique\/jujube-framboise\/","url":"https:\/\/laboratoiretextile.ca\/boutique\/jujube-framboise\/","name":"Jujube framboise - Laboratoire Textile","isPartOf":{"@id":"https:\/\/laboratoiretextile.ca\/#website"},"primaryImageOfPage":{"@id":"https:\/\/laboratoiretextile.ca\/boutique\/jujube-framboise\/#primaryimage"},"image":{"@id":"https:\/\/laboratoiretextile.ca\/boutique\/jujube-framboise\/#primaryimage"},"thumbnailUrl":"https:\/\/laboratoiretextile.ca\/wp-content\/uploads\/2026\/01\/Laboratoire_Textile-Jujube-Framboise-03.jpg","datePublished":"2026-01-20T23:02:29+00:00","dateModified":"2026-03-26T20:41:20+00:00","description":"Pliss\u00e9e \u00e0 la main, \u00e0 poser ou \u00e0 suspendre, la lampe Jujube apporte une touche de couleur acidul\u00e9e dans toutes les pi\u00e8ces de la maison.","breadcrumb":{"@id":"https:\/\/laboratoiretextile.ca\/boutique\/jujube-framboise\/#breadcrumb"},"inLanguage":"en-US","potentialAction":[{"@type":"ReadAction","target":["https:\/\/laboratoiretextile.ca\/boutique\/jujube-framboise\/"]}]},{"@type":"ImageObject","inLanguage":"en-US","@id":"https:\/\/laboratoiretextile.ca\/boutique\/jujube-framboise\/#primaryimage","url":"https:\/\/laboratoiretextile.ca\/wp-content\/uploads\/2026\/01\/Laboratoire_Textile-Jujube-Framboise-03.jpg","contentUrl":"https:\/\/laboratoiretextile.ca\/wp-content\/uploads\/2026\/01\/Laboratoire_Textile-Jujube-Framboise-03.jpg","width":1200,"height":1200},{"@type":"BreadcrumbList","@id":"https:\/\/laboratoiretextile.ca\/boutique\/jujube-framboise\/#breadcrumb","itemListElement":[{"@type":"ListItem","position":1,"name":"Accueil","item":"https:\/\/laboratoiretextile.ca\/"},{"@type":"ListItem","position":2,"name":"Boutique","item":"https:\/\/laboratoiretextile.ca\/boutique\/"},{"@type":"ListItem","position":3,"name":"Jujube framboise"}]},{"@type":"WebSite","@id":"https:\/\/laboratoiretextile.ca\/#website","url":"https:\/\/laboratoiretextile.ca\/","name":"Laboratoire Textile","description":"Folding light","publisher":{"@id":"https:\/\/laboratoiretextile.ca\/#organization"},"potentialAction":[{"@type":"SearchAction","target":{"@type":"EntryPoint","urlTemplate":"https:\/\/laboratoiretextile.ca\/?s={search_term_string}"},"query-input":{"@type":"PropertyValueSpecification","valueRequired":true,"valueName":"search_term_string"}}],"inLanguage":"en-US"},{"@type":"Organization","@id":"https:\/\/laboratoiretextile.ca\/#organization","name":"Laboratoire Textile","url":"https:\/\/laboratoiretextile.ca\/","logo":{"@type":"ImageObject","inLanguage":"en-US","@id":"https:\/\/laboratoiretextile.ca\/#\/schema\/logo\/image\/","url":"https:\/\/laboratoiretextile.ca\/wp-content\/uploads\/2021\/11\/Laboratoire-Textile-N302-Chevrons-Blanc-02.jpg","contentUrl":"https:\/\/laboratoiretextile.ca\/wp-content\/uploads\/2021\/11\/Laboratoire-Textile-N302-Chevrons-Blanc-02.jpg","width":1200,"height":1200,"caption":"Laboratoire Textile"},"image":{"@id":"https:\/\/laboratoiretextile.ca\/#\/schema\/logo\/image\/"},"sameAs":["https:\/\/fr-fr.facebook.com\/LaboratoireTextile","https:\/\/www.instagram.com\/laboratoiretextile\/?hl=fr","https:\/\/www.pinterest.ca\/Laboratoiretext\/"]}]}},"jetpack_sharing_enabled":true,"_links":{"self":[{"href":"https:\/\/laboratoiretextile.ca\/en\/wp-json\/wp\/v2\/product\/5168","targetHints":{"allow":["GET"]}}],"collection":[{"href":"https:\/\/laboratoiretextile.ca\/en\/wp-json\/wp\/v2\/product"}],"about":[{"href":"https:\/\/laboratoiretextile.ca\/en\/wp-json\/wp\/v2\/types\/product"}],"wp:featuredmedia":[{"embeddable":true,"href":"https:\/\/laboratoiretextile.ca\/en\/wp-json\/wp\/v2\/media\/5171"}],"wp:attachment":[{"href":"https:\/\/laboratoiretextile.ca\/en\/wp-json\/wp\/v2\/media?parent=5168"}],"wp:term":[{"taxonomy":"product_brand","embeddable":true,"href":"https:\/\/laboratoiretextile.ca\/en\/wp-json\/wp\/v2\/product_brand?post=5168"},{"taxonomy":"product_cat","embeddable":true,"href":"https:\/\/laboratoiretextile.ca\/en\/wp-json\/wp\/v2\/product_cat?post=5168"},{"taxonomy":"product_tag","embeddable":true,"href":"https:\/\/laboratoiretextile.ca\/en\/wp-json\/wp\/v2\/product_tag?post=5168"}],"curies":[{"name":"wp","href":"https:\/\/api.w.org\/{rel}","templated":true}]}}