{"id":1246,"date":"2021-11-29T11:29:08","date_gmt":"2021-11-29T16:29:08","guid":{"rendered":"https:\/\/laboratoiretextile.ca\/?page_id=1246"},"modified":"2024-12-18T12:02:28","modified_gmt":"2024-12-18T17:02:28","slug":"livraison-et-retour","status":"publish","type":"page","link":"https:\/\/laboratoiretextile.ca\/fr\/livraison-et-retour\/","title":{"rendered":"Livraison et retour"},"content":{"rendered":"\n<div class=\"wp-block-group is-layout-constrained wp-block-group-is-layout-constrained\">\n<div class=\"wp-block-group is-layout-constrained wp-container-core-group-is-layout-e555385e wp-block-group-is-layout-constrained\">\n<h2 class=\"wp-block-heading has-quicksand-font-family has-medium-font-size\"><strong>D\u00e9lais de livraison<\/strong><\/h2>\n\n\n\n<ul class=\"wp-block-list\">\n<li>Selon le transporteur, les d\u00e9lais de livraison peuvent varier.<\/li>\n\n\n\n<li>Nous vous enverrons votre num\u00e9ro de suivi d\u00e8s que votre commande aura \u00e9t\u00e9 exp\u00e9di\u00e9e.<\/li>\n\n\n\n<li>Assurez-vous que l&rsquo;adresse de livraison que vous nous avez communiqu\u00e9 est exacte. Une fois votre colis exp\u00e9di\u00e9, nous ne saurions \u00eatre tenu pour responsable de toute erreur d&rsquo;exp\u00e9dition ou perte de colis. <\/li>\n\n\n\n<li>Pour nous signaler toute erreur dans l\u2019adresse de livraison, communiquez avec nous au plus vite par courriel \u00e0 l\u2019adresse suivante: <a href=\"mailto:info@laboratoiretextile.com\">info@laboratoiretextile.com<\/a><\/li>\n<\/ul>\n<\/div>\n\n\n\n<div style=\"height:40px\" aria-hidden=\"true\" class=\"wp-block-spacer\"><\/div>\n\n\n\n<div class=\"wp-block-group is-layout-constrained wp-container-core-group-is-layout-e555385e wp-block-group-is-layout-constrained\">\n<h2 class=\"wp-block-heading has-quicksand-font-family has-medium-font-size\"><strong>Tarifs d&rsquo;exp\u00e9dition<\/strong><\/h2>\n\n\n\n<ul class=\"wp-block-list\">\n<li>La livraison est gratuite partout au Canada et aux \u00c9tats Unis pour les commandes de plus de 200 $ \u00e0 tarif r\u00e9gulier. <\/li>\n\n\n\n<li>Pour les envois internationaux, \u00e9crivez-nous \u00e0 <a href=\"mailto:info@laboratoiretextile.ca\">info@laboratoiretextile.ca<\/a> pour obtenir une estimation des frais d&rsquo;exp\u00e9dition.<\/li>\n<\/ul>\n<\/div>\n\n\n\n<div style=\"height:40px\" aria-hidden=\"true\" class=\"wp-block-spacer\"><\/div>\n\n\n\n<div class=\"wp-block-group is-layout-flow wp-container-core-group-is-layout-47e5a185 wp-block-group-is-layout-flow\">\n<h2 class=\"wp-block-heading has-quicksand-font-family has-medium-font-size\"><strong>Douane<\/strong><\/h2>\n\n\n\n<ul class=\"wp-block-list\">\n<li>Des droits de douane d\u2019importation locaux et les frais de douane \u00e0 l\u2019arriv\u00e9e des marchandises dans votre pays sont hors de notre contr\u00f4le et \u00e0 votre charge.<\/li>\n\n\n\n<li>Nous ne pouvons \u00e9galement pas \u00eatre tenus pour responsables de d\u00e9lais inhabituels de traitement aux douanes.<\/li>\n<\/ul>\n<\/div>\n\n\n\n<div style=\"height:40px\" aria-hidden=\"true\" class=\"wp-block-spacer\"><\/div>\n\n\n\n<div class=\"wp-block-group is-layout-flow wp-container-core-group-is-layout-47e5a185 wp-block-group-is-layout-flow\">\n<h2 class=\"wp-block-heading has-quicksand-font-family has-medium-font-size\"><strong>Annulation d&rsquo;une commande<\/strong><\/h2>\n\n\n\n<ul class=\"wp-block-list\">\n<li>Pour annuler une commande et obtenir un remboursement, communiquez avec nous dans les 24h suivant votre achat. Pass\u00e9 ce d\u00e9lai, votre commande n&rsquo;est plus remboursable.<\/li>\n<\/ul>\n<\/div>\n\n\n\n<div style=\"height:40px\" aria-hidden=\"true\" class=\"wp-block-spacer\"><\/div>\n\n\n\n<div class=\"wp-block-group is-layout-flow wp-container-core-group-is-layout-47e5a185 wp-block-group-is-layout-flow\">\n<h2 class=\"wp-block-heading has-quicksand-font-family has-medium-font-size\"><strong>Retours&nbsp;<\/strong><\/h2>\n\n\n\n<ul class=\"wp-block-list\">\n<li>Nous fabriquons chaque produit sur commande pour vous avec le plus grand soin. C&rsquo;est pourquoi nous vous invitons \u00e0 communiquer avec nous si vous avez besoins de pr\u00e9cisions avant de faire votre achat. <\/li>\n\n\n\n<li>Si votre luminaire ne vous apporte pas enti\u00e8re satisfaction, communiquez avec nous sous 14 jours \u00e0  <a href=\"mailto:info@laboratoiretextile.ca\">info@laboratoiretextile.ca<\/a><\/li>\n\n\n\n<li>Si votre luminaire est d\u00e9fectueux ou endommag\u00e9, celui-ci sera remplac\u00e9 sans frais. <\/li>\n<\/ul>\n<\/div>\n\n\n\n<div style=\"height:40px\" aria-hidden=\"true\" class=\"wp-block-spacer\"><\/div>\n\n\n\n<div class=\"wp-block-group is-layout-flow wp-container-core-group-is-layout-47e5a185 wp-block-group-is-layout-flow\">\n<h2 class=\"wp-block-heading has-quicksand-font-family has-medium-font-size\"><strong>Soldes<\/strong><\/h2>\n\n\n\n<ul class=\"wp-block-list\">\n<li>Les produits sold\u00e9s, en liquidation ou \u00e0 prix r\u00e9duits ne sont ni \u00e9changeables ni remboursables.<\/li>\n<\/ul>\n<\/div>\n<\/div>\n\n\n\n<div style=\"height:100px\" aria-hidden=\"true\" class=\"wp-block-spacer\"><\/div>\n\n\n\n<div class=\"wp-block-group is-layout-constrained wp-block-group-is-layout-constrained\">\n<div class=\"wp-block-columns alignfull is-layout-flex wp-container-core-columns-is-layout-28f84493 wp-block-columns-is-layout-flex\">\n<div class=\"wp-block-column is-layout-flow wp-block-column-is-layout-flow\" style=\"flex-basis:72.5vw\">\n<div class=\"wp-block-cover\" style=\"padding-top:30px;padding-bottom:30px;min-height:300px;aspect-ratio:unset;\"><span aria-hidden=\"true\" class=\"wp-block-cover__background has-foreground-background-color has-background-dim-100 has-background-dim\"><\/span><div class=\"wp-block-cover__inner-container is-layout-flow wp-block-cover-is-layout-flow\">\n<div class=\"wp-block-group is-content-justification-center is-layout-constrained wp-container-core-group-is-layout-c42334c2 wp-block-group-is-layout-constrained\" style=\"padding-right:30px;padding-left:30px\">\n<p class=\"has-text-align-center\"><img loading=\"lazy\" decoding=\"async\" width=\"40\" height=\"46\" class=\"wp-image-3892\" style=\"width: 40px;\" src=\"https:\/\/laboratoiretextile.ca\/wp-content\/uploads\/2024\/12\/Laboratoire_Textile-White-Logo.png\" alt=\"Laboratoire Textile - Logo blanc\" srcset=\"https:\/\/laboratoiretextile.ca\/wp-content\/uploads\/2024\/12\/Laboratoire_Textile-White-Logo.png 130w, https:\/\/laboratoiretextile.ca\/wp-content\/uploads\/2024\/12\/Laboratoire_Textile-White-Logo-10x12.png 10w\" sizes=\"auto, (max-width: 40px) 100vw, 40px\" \/>Plus de questions ?<\/p>\n\n\n\n<h3 class=\"wp-block-heading has-text-align-center has-quicksand-font-family\">ON VOUS \u00c9CLAIRE<\/h3>\n<\/div>\n\n\n\n<div class=\"wp-block-buttons is-content-justification-center is-layout-flex wp-container-core-buttons-is-layout-a89b3969 wp-block-buttons-is-layout-flex\">\n<div class=\"wp-block-button\"><a class=\"wp-block-button__link has-foreground-color has-background-background-color has-text-color has-background has-link-color wp-element-button\" href=\"https:\/\/laboratoiretextile.ca\/faq\/\">Consulter notre FAQ<\/a><\/div>\n<\/div>\n<\/div><\/div>\n<\/div>\n\n\n\n<div class=\"wp-block-column is-layout-flow wp-block-column-is-layout-flow\"><\/div>\n<\/div>\n<\/div>\n\n\n\n<p><\/p>\n","protected":false},"excerpt":{"rendered":"<p>D\u00e9lais de livraison Tarifs d&rsquo;exp\u00e9dition Douane Annulation d&rsquo;une commande Retours&nbsp; Soldes<\/p>\n","protected":false},"author":1,"featured_media":3688,"parent":0,"menu_order":4,"comment_status":"closed","ping_status":"closed","template":"page-background-image","meta":{"iawp_total_views":35,"footnotes":""},"class_list":["post-1246","page","type-page","status-publish","has-post-thumbnail","hentry"],"yoast_head":"<!-- This site is optimized with the Yoast SEO plugin v27.4 - https:\/\/yoast.com\/product\/yoast-seo-wordpress\/ -->\n<title>Livraison et retour - Laboratoire Textile<\/title>\n<meta name=\"description\" content=\"Commander sur laboratoiretextile.ca, c&#039;est commander chez un atelier-artisan. D\u00e9couvrez nos conditions de livraison et de retour.\" \/>\n<meta name=\"robots\" content=\"index, follow, max-snippet:-1, max-image-preview:large, max-video-preview:-1\" \/>\n<link rel=\"canonical\" href=\"https:\/\/laboratoiretextile.ca\/fr\/livraison-et-retour\/\" \/>\n<meta property=\"og:locale\" content=\"fr_FR\" \/>\n<meta property=\"og:type\" content=\"article\" \/>\n<meta property=\"og:title\" content=\"Livraison et retour - Laboratoire Textile\" \/>\n<meta property=\"og:description\" content=\"Commander sur laboratoiretextile.ca, c&#039;est commander chez un atelier-artisan. D\u00e9couvrez nos conditions de livraison et de retour.\" \/>\n<meta property=\"og:url\" content=\"https:\/\/laboratoiretextile.ca\/fr\/livraison-et-retour\/\" \/>\n<meta property=\"og:site_name\" content=\"Laboratoire Textile\" \/>\n<meta property=\"article:publisher\" content=\"https:\/\/fr-fr.facebook.com\/LaboratoireTextile\" \/>\n<meta property=\"article:modified_time\" content=\"2024-12-18T17:02:28+00:00\" \/>\n<meta property=\"og:image\" content=\"https:\/\/laboratoiretextile.ca\/wp-content\/uploads\/2024\/12\/Laboratoire_Textile-Livraisons-et-retours.jpg\" \/>\n\t<meta property=\"og:image:width\" content=\"900\" \/>\n\t<meta property=\"og:image:height\" content=\"675\" \/>\n\t<meta property=\"og:image:type\" content=\"image\/jpeg\" \/>\n<meta name=\"twitter:card\" content=\"summary_large_image\" \/>\n<meta name=\"twitter:label1\" content=\"Dur\u00e9e de lecture estim\u00e9e\" \/>\n\t<meta name=\"twitter:data1\" content=\"2 minutes\" \/>\n<script type=\"application\/ld+json\" class=\"yoast-schema-graph\">{\"@context\":\"https:\\\/\\\/schema.org\",\"@graph\":[{\"@type\":\"WebPage\",\"@id\":\"https:\\\/\\\/laboratoiretextile.ca\\\/livraison-et-retour\\\/\",\"url\":\"https:\\\/\\\/laboratoiretextile.ca\\\/livraison-et-retour\\\/\",\"name\":\"Livraison et retour - Laboratoire Textile\",\"isPartOf\":{\"@id\":\"https:\\\/\\\/laboratoiretextile.ca\\\/#website\"},\"primaryImageOfPage\":{\"@id\":\"https:\\\/\\\/laboratoiretextile.ca\\\/livraison-et-retour\\\/#primaryimage\"},\"image\":{\"@id\":\"https:\\\/\\\/laboratoiretextile.ca\\\/livraison-et-retour\\\/#primaryimage\"},\"thumbnailUrl\":\"https:\\\/\\\/laboratoiretextile.ca\\\/wp-content\\\/uploads\\\/2024\\\/12\\\/Laboratoire_Textile-Livraisons-et-retours.jpg\",\"datePublished\":\"2021-11-29T16:29:08+00:00\",\"dateModified\":\"2024-12-18T17:02:28+00:00\",\"description\":\"Commander sur laboratoiretextile.ca, c'est commander chez un atelier-artisan. D\u00e9couvrez nos conditions de livraison et de retour.\",\"breadcrumb\":{\"@id\":\"https:\\\/\\\/laboratoiretextile.ca\\\/livraison-et-retour\\\/#breadcrumb\"},\"inLanguage\":\"fr-FR\",\"potentialAction\":[{\"@type\":\"ReadAction\",\"target\":[\"https:\\\/\\\/laboratoiretextile.ca\\\/livraison-et-retour\\\/\"]}]},{\"@type\":\"ImageObject\",\"inLanguage\":\"fr-FR\",\"@id\":\"https:\\\/\\\/laboratoiretextile.ca\\\/livraison-et-retour\\\/#primaryimage\",\"url\":\"https:\\\/\\\/laboratoiretextile.ca\\\/wp-content\\\/uploads\\\/2024\\\/12\\\/Laboratoire_Textile-Livraisons-et-retours.jpg\",\"contentUrl\":\"https:\\\/\\\/laboratoiretextile.ca\\\/wp-content\\\/uploads\\\/2024\\\/12\\\/Laboratoire_Textile-Livraisons-et-retours.jpg\",\"width\":900,\"height\":675,\"caption\":\"Livraison et retour\"},{\"@type\":\"BreadcrumbList\",\"@id\":\"https:\\\/\\\/laboratoiretextile.ca\\\/livraison-et-retour\\\/#breadcrumb\",\"itemListElement\":[{\"@type\":\"ListItem\",\"position\":1,\"name\":\"Accueil\",\"item\":\"https:\\\/\\\/laboratoiretextile.ca\\\/\"},{\"@type\":\"ListItem\",\"position\":2,\"name\":\"Livraison et retour\"}]},{\"@type\":\"WebSite\",\"@id\":\"https:\\\/\\\/laboratoiretextile.ca\\\/#website\",\"url\":\"https:\\\/\\\/laboratoiretextile.ca\\\/\",\"name\":\"Laboratoire Textile\",\"description\":\"Plier la lumi\u00e8re\",\"publisher\":{\"@id\":\"https:\\\/\\\/laboratoiretextile.ca\\\/#organization\"},\"potentialAction\":[{\"@type\":\"SearchAction\",\"target\":{\"@type\":\"EntryPoint\",\"urlTemplate\":\"https:\\\/\\\/laboratoiretextile.ca\\\/?s={search_term_string}\"},\"query-input\":{\"@type\":\"PropertyValueSpecification\",\"valueRequired\":true,\"valueName\":\"search_term_string\"}}],\"inLanguage\":\"fr-FR\"},{\"@type\":\"Organization\",\"@id\":\"https:\\\/\\\/laboratoiretextile.ca\\\/#organization\",\"name\":\"Laboratoire Textile\",\"url\":\"https:\\\/\\\/laboratoiretextile.ca\\\/\",\"logo\":{\"@type\":\"ImageObject\",\"inLanguage\":\"fr-FR\",\"@id\":\"https:\\\/\\\/laboratoiretextile.ca\\\/#\\\/schema\\\/logo\\\/image\\\/\",\"url\":\"https:\\\/\\\/laboratoiretextile.ca\\\/wp-content\\\/uploads\\\/2021\\\/11\\\/Laboratoire-Textile-N302-Chevrons-Blanc-02.jpg\",\"contentUrl\":\"https:\\\/\\\/laboratoiretextile.ca\\\/wp-content\\\/uploads\\\/2021\\\/11\\\/Laboratoire-Textile-N302-Chevrons-Blanc-02.jpg\",\"width\":1200,\"height\":1200,\"caption\":\"Laboratoire Textile\"},\"image\":{\"@id\":\"https:\\\/\\\/laboratoiretextile.ca\\\/#\\\/schema\\\/logo\\\/image\\\/\"},\"sameAs\":[\"https:\\\/\\\/fr-fr.facebook.com\\\/LaboratoireTextile\",\"https:\\\/\\\/www.instagram.com\\\/laboratoiretextile\\\/?hl=fr\",\"https:\\\/\\\/www.pinterest.ca\\\/Laboratoiretext\\\/\"]}]}<\/script>\n<!-- \/ Yoast SEO plugin. -->","yoast_head_json":{"title":"Livraison et retour - Laboratoire Textile","description":"Commander sur laboratoiretextile.ca, c'est commander chez un atelier-artisan. D\u00e9couvrez nos conditions de livraison et de retour.","robots":{"index":"index","follow":"follow","max-snippet":"max-snippet:-1","max-image-preview":"max-image-preview:large","max-video-preview":"max-video-preview:-1"},"canonical":"https:\/\/laboratoiretextile.ca\/fr\/livraison-et-retour\/","og_locale":"fr_FR","og_type":"article","og_title":"Livraison et retour - Laboratoire Textile","og_description":"Commander sur laboratoiretextile.ca, c'est commander chez un atelier-artisan. D\u00e9couvrez nos conditions de livraison et de retour.","og_url":"https:\/\/laboratoiretextile.ca\/fr\/livraison-et-retour\/","og_site_name":"Laboratoire Textile","article_publisher":"https:\/\/fr-fr.facebook.com\/LaboratoireTextile","article_modified_time":"2024-12-18T17:02:28+00:00","og_image":[{"width":900,"height":675,"url":"https:\/\/laboratoiretextile.ca\/wp-content\/uploads\/2024\/12\/Laboratoire_Textile-Livraisons-et-retours.jpg","type":"image\/jpeg"}],"twitter_card":"summary_large_image","twitter_misc":{"Dur\u00e9e de lecture estim\u00e9e":"2 minutes"},"schema":{"@context":"https:\/\/schema.org","@graph":[{"@type":"WebPage","@id":"https:\/\/laboratoiretextile.ca\/livraison-et-retour\/","url":"https:\/\/laboratoiretextile.ca\/livraison-et-retour\/","name":"Livraison et retour - Laboratoire Textile","isPartOf":{"@id":"https:\/\/laboratoiretextile.ca\/#website"},"primaryImageOfPage":{"@id":"https:\/\/laboratoiretextile.ca\/livraison-et-retour\/#primaryimage"},"image":{"@id":"https:\/\/laboratoiretextile.ca\/livraison-et-retour\/#primaryimage"},"thumbnailUrl":"https:\/\/laboratoiretextile.ca\/wp-content\/uploads\/2024\/12\/Laboratoire_Textile-Livraisons-et-retours.jpg","datePublished":"2021-11-29T16:29:08+00:00","dateModified":"2024-12-18T17:02:28+00:00","description":"Commander sur laboratoiretextile.ca, c'est commander chez un atelier-artisan. D\u00e9couvrez nos conditions de livraison et de retour.","breadcrumb":{"@id":"https:\/\/laboratoiretextile.ca\/livraison-et-retour\/#breadcrumb"},"inLanguage":"fr-FR","potentialAction":[{"@type":"ReadAction","target":["https:\/\/laboratoiretextile.ca\/livraison-et-retour\/"]}]},{"@type":"ImageObject","inLanguage":"fr-FR","@id":"https:\/\/laboratoiretextile.ca\/livraison-et-retour\/#primaryimage","url":"https:\/\/laboratoiretextile.ca\/wp-content\/uploads\/2024\/12\/Laboratoire_Textile-Livraisons-et-retours.jpg","contentUrl":"https:\/\/laboratoiretextile.ca\/wp-content\/uploads\/2024\/12\/Laboratoire_Textile-Livraisons-et-retours.jpg","width":900,"height":675,"caption":"Livraison et retour"},{"@type":"BreadcrumbList","@id":"https:\/\/laboratoiretextile.ca\/livraison-et-retour\/#breadcrumb","itemListElement":[{"@type":"ListItem","position":1,"name":"Accueil","item":"https:\/\/laboratoiretextile.ca\/"},{"@type":"ListItem","position":2,"name":"Livraison et retour"}]},{"@type":"WebSite","@id":"https:\/\/laboratoiretextile.ca\/#website","url":"https:\/\/laboratoiretextile.ca\/","name":"Laboratoire Textile","description":"Plier la lumi\u00e8re","publisher":{"@id":"https:\/\/laboratoiretextile.ca\/#organization"},"potentialAction":[{"@type":"SearchAction","target":{"@type":"EntryPoint","urlTemplate":"https:\/\/laboratoiretextile.ca\/?s={search_term_string}"},"query-input":{"@type":"PropertyValueSpecification","valueRequired":true,"valueName":"search_term_string"}}],"inLanguage":"fr-FR"},{"@type":"Organization","@id":"https:\/\/laboratoiretextile.ca\/#organization","name":"Laboratoire Textile","url":"https:\/\/laboratoiretextile.ca\/","logo":{"@type":"ImageObject","inLanguage":"fr-FR","@id":"https:\/\/laboratoiretextile.ca\/#\/schema\/logo\/image\/","url":"https:\/\/laboratoiretextile.ca\/wp-content\/uploads\/2021\/11\/Laboratoire-Textile-N302-Chevrons-Blanc-02.jpg","contentUrl":"https:\/\/laboratoiretextile.ca\/wp-content\/uploads\/2021\/11\/Laboratoire-Textile-N302-Chevrons-Blanc-02.jpg","width":1200,"height":1200,"caption":"Laboratoire Textile"},"image":{"@id":"https:\/\/laboratoiretextile.ca\/#\/schema\/logo\/image\/"},"sameAs":["https:\/\/fr-fr.facebook.com\/LaboratoireTextile","https:\/\/www.instagram.com\/laboratoiretextile\/?hl=fr","https:\/\/www.pinterest.ca\/Laboratoiretext\/"]}]}},"jetpack_sharing_enabled":true,"_links":{"self":[{"href":"https:\/\/laboratoiretextile.ca\/fr\/wp-json\/wp\/v2\/pages\/1246","targetHints":{"allow":["GET"]}}],"collection":[{"href":"https:\/\/laboratoiretextile.ca\/fr\/wp-json\/wp\/v2\/pages"}],"about":[{"href":"https:\/\/laboratoiretextile.ca\/fr\/wp-json\/wp\/v2\/types\/page"}],"author":[{"embeddable":true,"href":"https:\/\/laboratoiretextile.ca\/fr\/wp-json\/wp\/v2\/users\/1"}],"replies":[{"embeddable":true,"href":"https:\/\/laboratoiretextile.ca\/fr\/wp-json\/wp\/v2\/comments?post=1246"}],"version-history":[{"count":48,"href":"https:\/\/laboratoiretextile.ca\/fr\/wp-json\/wp\/v2\/pages\/1246\/revisions"}],"predecessor-version":[{"id":3911,"href":"https:\/\/laboratoiretextile.ca\/fr\/wp-json\/wp\/v2\/pages\/1246\/revisions\/3911"}],"wp:featuredmedia":[{"embeddable":true,"href":"https:\/\/laboratoiretextile.ca\/fr\/wp-json\/wp\/v2\/media\/3688"}],"wp:attachment":[{"href":"https:\/\/laboratoiretextile.ca\/fr\/wp-json\/wp\/v2\/media?parent=1246"}],"curies":[{"name":"wp","href":"https:\/\/api.w.org\/{rel}","templated":true}]}}