{"id":1396,"date":"2022-04-26T11:14:52","date_gmt":"2022-04-26T15:14:52","guid":{"rendered":"https:\/\/laboratoiretextile.ca\/?page_id=1396"},"modified":"2026-01-19T14:46:07","modified_gmt":"2026-01-19T19:46:07","slug":"nouveautes","status":"publish","type":"page","link":"https:\/\/laboratoiretextile.ca\/fr\/boutique\/nouveautes\/","title":{"rendered":"Nouveaut\u00e9s"},"content":{"rendered":"\n<div class=\"wp-block-group is-layout-flow wp-block-group-is-layout-flow\">\n<div class=\"wp-block-columns is-layout-flex wp-container-core-columns-is-layout-0d4ecdcd wp-block-columns-is-layout-flex\" style=\"margin-top:2rem\">\n<div class=\"wp-block-column is-layout-flow wp-block-column-is-layout-flow\">\n<div class=\"wp-block-group is-vertical is-content-justification-center is-layout-flex wp-container-core-group-is-layout-b6c1f246 wp-block-group-is-layout-flex\" style=\"min-height:100%\">\n<h2 class=\"wp-block-heading has-text-align-center has-text-color has-x-large-font-size\" style=\"color:#121212\">\u2726<br>Nouveaut\u00e9s<\/h2>\n\n\n\n<p class=\"has-text-align-center has-text-color has-medium-font-size\" style=\"color:#303037\">Nous explorons sans cesse les formes et les plis.<br>D\u00e9couvrez ici nos toutes derni\u00e8res cr\u00e9ations.<br><\/p>\n<\/div>\n<\/div>\n\n\n\n<div class=\"wp-block-column has-background-background-color has-background is-layout-flow wp-block-column-is-layout-flow\" style=\"flex-basis:35vw\">\n<figure class=\"wp-block-image size-large\"><img loading=\"lazy\" decoding=\"async\" width=\"683\" height=\"1024\" src=\"https:\/\/laboratoiretextile.ca\/wp-content\/uploads\/2026\/01\/LABORATOIRE_TEXTILE_JUJUBE-683x1024.jpg\" alt=\"\" class=\"wp-image-5174\" style=\"aspect-ratio:1;object-fit:cover\" srcset=\"https:\/\/laboratoiretextile.ca\/wp-content\/uploads\/2026\/01\/LABORATOIRE_TEXTILE_JUJUBE-683x1024.jpg 683w, https:\/\/laboratoiretextile.ca\/wp-content\/uploads\/2026\/01\/LABORATOIRE_TEXTILE_JUJUBE-200x300.jpg 200w, https:\/\/laboratoiretextile.ca\/wp-content\/uploads\/2026\/01\/LABORATOIRE_TEXTILE_JUJUBE-768x1152.jpg 768w, https:\/\/laboratoiretextile.ca\/wp-content\/uploads\/2026\/01\/LABORATOIRE_TEXTILE_JUJUBE-1024x1536.jpg 1024w, https:\/\/laboratoiretextile.ca\/wp-content\/uploads\/2026\/01\/LABORATOIRE_TEXTILE_JUJUBE-1365x2048.jpg 1365w, https:\/\/laboratoiretextile.ca\/wp-content\/uploads\/2026\/01\/LABORATOIRE_TEXTILE_JUJUBE-8x12.jpg 8w, https:\/\/laboratoiretextile.ca\/wp-content\/uploads\/2026\/01\/LABORATOIRE_TEXTILE_JUJUBE-500x750.jpg 500w, https:\/\/laboratoiretextile.ca\/wp-content\/uploads\/2026\/01\/LABORATOIRE_TEXTILE_JUJUBE-scaled.jpg 1707w\" sizes=\"auto, (max-width: 683px) 100vw, 683px\" \/><\/figure>\n<\/div>\n<\/div>\n<\/div>\n\n\n\n<div style=\"height:3vh\" aria-hidden=\"true\" class=\"wp-block-spacer\"><\/div>\n\n\n\n<div class=\"wp-block-group is-layout-constrained wp-block-group-is-layout-constrained\"><\/div>\n\n\n\n<div style=\"height:6vh\" aria-hidden=\"true\" class=\"wp-block-spacer\"><\/div>\n\n\n\n<div class=\"wp-block-group is-layout-constrained wp-block-group-is-layout-constrained\" style=\"margin-top:3rem;margin-bottom:6rem\">\n<div class=\"wp-block-buttons is-layout-flex wp-block-buttons-is-layout-flex\">\n<div class=\"wp-block-button aligncenter is-style-outline is-style-outline--1\"><a class=\"wp-block-button__link has-white-background-color has-background wp-element-button\" href=\"https:\/\/laboratoiretextile.ca\/fr\/boutique\/\">VISITER LA BOUTIQUE<\/a><\/div>\n<\/div>\n<\/div>\n\n\n\n<div class=\"wp-block-group has-border-color has-foreground-border-color is-layout-flow wp-block-group-is-layout-flow\" style=\"border-width:1px\">\n<div class=\"wp-block-columns is-layout-flex wp-container-core-columns-is-layout-28f84493 wp-block-columns-is-layout-flex\">\n<div class=\"wp-block-column has-background-background-color has-background is-layout-flow wp-block-column-is-layout-flow\" style=\"flex-basis:35vw\">\n<figure class=\"wp-block-image size-large\"><img loading=\"lazy\" decoding=\"async\" width=\"1024\" height=\"1024\" src=\"https:\/\/laboratoiretextile.ca\/wp-content\/uploads\/2023\/12\/Laboratoire_Textile-135-ecailles-noires-03-1024x1024.jpg\" alt=\"Laboratoire Textile - Lampe N135 motif \u00c9cailles\" class=\"wp-image-2964\" style=\"aspect-ratio:1;object-fit:cover\" srcset=\"https:\/\/laboratoiretextile.ca\/wp-content\/uploads\/2023\/12\/Laboratoire_Textile-135-ecailles-noires-03-1024x1024.jpg 1024w, https:\/\/laboratoiretextile.ca\/wp-content\/uploads\/2023\/12\/Laboratoire_Textile-135-ecailles-noires-03-500x500.jpg 500w, https:\/\/laboratoiretextile.ca\/wp-content\/uploads\/2023\/12\/Laboratoire_Textile-135-ecailles-noires-03-300x300.jpg 300w, https:\/\/laboratoiretextile.ca\/wp-content\/uploads\/2023\/12\/Laboratoire_Textile-135-ecailles-noires-03-150x150.jpg 150w, https:\/\/laboratoiretextile.ca\/wp-content\/uploads\/2023\/12\/Laboratoire_Textile-135-ecailles-noires-03-768x768.jpg 768w, https:\/\/laboratoiretextile.ca\/wp-content\/uploads\/2023\/12\/Laboratoire_Textile-135-ecailles-noires-03-12x12.jpg 12w, https:\/\/laboratoiretextile.ca\/wp-content\/uploads\/2023\/12\/Laboratoire_Textile-135-ecailles-noires-03.jpg 1200w\" sizes=\"auto, (max-width: 1024px) 100vw, 1024px\" \/><\/figure>\n<\/div>\n\n\n\n<div class=\"wp-block-column is-layout-flow wp-block-column-is-layout-flow\">\n<div class=\"wp-block-group is-vertical is-content-justification-center is-layout-flex wp-container-core-group-is-layout-30191723 wp-block-group-is-layout-flex\" style=\"min-height:100%;padding-top:2rem;padding-bottom:3rem\">\n<h2 class=\"wp-block-heading has-text-align-center has-text-color has-x-large-font-size\" style=\"color:#121212\">Restez \u00e9clair\u00e9<\/h2>\n\n\n\n<p class=\"has-text-align-center has-text-color has-medium-font-size\" style=\"color:#303037\">D\u00e9couvrez les nouveaut\u00e9s et \u00e9v\u00e9nements \u00e0 venir. <\/p>\n\n\n\n<div class=\"wp-block-buttons is-layout-flex wp-block-buttons-is-layout-flex\">\n<div class=\"wp-block-button\"><a class=\"wp-block-button__link wp-element-button\" href=\"https:\/\/laboratoiretextile.ca\/infolettre\/\">Inscrivez-vous \u00e0 l&rsquo;infolettre<\/a><\/div>\n<\/div>\n<\/div>\n<\/div>\n<\/div>\n<\/div>\n\n\n\n<div style=\"height:6vh\" aria-hidden=\"true\" class=\"wp-block-spacer\"><\/div>\n","protected":false},"excerpt":{"rendered":"<p>\u2726Nouveaut\u00e9s Nous explorons sans cesse les formes et les plis.D\u00e9couvrez ici nos toutes derni\u00e8res cr\u00e9ations. Restez \u00e9clair\u00e9 D\u00e9couvrez les nouveaut\u00e9s et \u00e9v\u00e9nements \u00e0 venir.<\/p>\n","protected":false},"author":1,"featured_media":0,"parent":755,"menu_order":1,"comment_status":"closed","ping_status":"closed","template":"page-no-title","meta":{"iawp_total_views":133,"footnotes":""},"class_list":["post-1396","page","type-page","status-publish","hentry"],"yoast_head":"<!-- This site is optimized with the Yoast SEO plugin v27.5 - https:\/\/yoast.com\/product\/yoast-seo-wordpress\/ -->\n<title>Nouveaut\u00e9s - Laboratoire Textile<\/title>\n<meta name=\"robots\" content=\"index, follow, max-snippet:-1, max-image-preview:large, max-video-preview:-1\" \/>\n<link rel=\"canonical\" href=\"https:\/\/laboratoiretextile.ca\/fr\/boutique\/nouveautes\/\" \/>\n<meta property=\"og:locale\" content=\"fr_FR\" \/>\n<meta property=\"og:type\" content=\"article\" \/>\n<meta property=\"og:title\" content=\"Nouveaut\u00e9s - Laboratoire Textile\" \/>\n<meta property=\"og:description\" content=\"\u2726Nouveaut\u00e9s Nous explorons sans cesse les formes et les plis.D\u00e9couvrez ici nos toutes derni\u00e8res cr\u00e9ations. Restez \u00e9clair\u00e9 D\u00e9couvrez les nouveaut\u00e9s et \u00e9v\u00e9nements \u00e0 venir.\" \/>\n<meta property=\"og:url\" content=\"https:\/\/laboratoiretextile.ca\/fr\/boutique\/nouveautes\/\" \/>\n<meta property=\"og:site_name\" content=\"Laboratoire Textile\" \/>\n<meta property=\"article:publisher\" content=\"https:\/\/fr-fr.facebook.com\/LaboratoireTextile\" \/>\n<meta property=\"article:modified_time\" content=\"2026-01-19T19:46:07+00:00\" \/>\n<meta property=\"og:image\" content=\"https:\/\/laboratoiretextile.ca\/wp-content\/uploads\/2026\/01\/LABORATOIRE_TEXTILE_JUJUBE-scaled.jpg\" \/>\n\t<meta property=\"og:image:width\" content=\"1707\" \/>\n\t<meta property=\"og:image:height\" content=\"2560\" \/>\n\t<meta property=\"og:image:type\" content=\"image\/jpeg\" \/>\n<meta name=\"twitter:card\" content=\"summary_large_image\" \/>\n<meta name=\"twitter:label1\" content=\"Dur\u00e9e de lecture estim\u00e9e\" \/>\n\t<meta name=\"twitter:data1\" content=\"1 minute\" \/>\n<script type=\"application\/ld+json\" class=\"yoast-schema-graph\">{\"@context\":\"https:\\\/\\\/schema.org\",\"@graph\":[{\"@type\":\"WebPage\",\"@id\":\"https:\\\/\\\/laboratoiretextile.ca\\\/boutique\\\/nouveautes\\\/\",\"url\":\"https:\\\/\\\/laboratoiretextile.ca\\\/boutique\\\/nouveautes\\\/\",\"name\":\"Nouveaut\u00e9s - Laboratoire Textile\",\"isPartOf\":{\"@id\":\"https:\\\/\\\/laboratoiretextile.ca\\\/#website\"},\"primaryImageOfPage\":{\"@id\":\"https:\\\/\\\/laboratoiretextile.ca\\\/boutique\\\/nouveautes\\\/#primaryimage\"},\"image\":{\"@id\":\"https:\\\/\\\/laboratoiretextile.ca\\\/boutique\\\/nouveautes\\\/#primaryimage\"},\"thumbnailUrl\":\"https:\\\/\\\/laboratoiretextile.ca\\\/wp-content\\\/uploads\\\/2026\\\/01\\\/LABORATOIRE_TEXTILE_JUJUBE-683x1024.jpg\",\"datePublished\":\"2022-04-26T15:14:52+00:00\",\"dateModified\":\"2026-01-19T19:46:07+00:00\",\"breadcrumb\":{\"@id\":\"https:\\\/\\\/laboratoiretextile.ca\\\/boutique\\\/nouveautes\\\/#breadcrumb\"},\"inLanguage\":\"fr-FR\",\"potentialAction\":[{\"@type\":\"ReadAction\",\"target\":[\"https:\\\/\\\/laboratoiretextile.ca\\\/boutique\\\/nouveautes\\\/\"]}]},{\"@type\":\"ImageObject\",\"inLanguage\":\"fr-FR\",\"@id\":\"https:\\\/\\\/laboratoiretextile.ca\\\/boutique\\\/nouveautes\\\/#primaryimage\",\"url\":\"https:\\\/\\\/laboratoiretextile.ca\\\/wp-content\\\/uploads\\\/2026\\\/01\\\/LABORATOIRE_TEXTILE_JUJUBE-683x1024.jpg\",\"contentUrl\":\"https:\\\/\\\/laboratoiretextile.ca\\\/wp-content\\\/uploads\\\/2026\\\/01\\\/LABORATOIRE_TEXTILE_JUJUBE-683x1024.jpg\"},{\"@type\":\"BreadcrumbList\",\"@id\":\"https:\\\/\\\/laboratoiretextile.ca\\\/boutique\\\/nouveautes\\\/#breadcrumb\",\"itemListElement\":[{\"@type\":\"ListItem\",\"position\":1,\"name\":\"Accueil\",\"item\":\"https:\\\/\\\/laboratoiretextile.ca\\\/\"},{\"@type\":\"ListItem\",\"position\":2,\"name\":\"Boutique\",\"item\":\"https:\\\/\\\/laboratoiretextile.ca\\\/boutique\\\/\"},{\"@type\":\"ListItem\",\"position\":3,\"name\":\"Nouveaut\u00e9s\"}]},{\"@type\":\"WebSite\",\"@id\":\"https:\\\/\\\/laboratoiretextile.ca\\\/#website\",\"url\":\"https:\\\/\\\/laboratoiretextile.ca\\\/\",\"name\":\"Laboratoire Textile\",\"description\":\"Plier la lumi\u00e8re\",\"publisher\":{\"@id\":\"https:\\\/\\\/laboratoiretextile.ca\\\/#organization\"},\"potentialAction\":[{\"@type\":\"SearchAction\",\"target\":{\"@type\":\"EntryPoint\",\"urlTemplate\":\"https:\\\/\\\/laboratoiretextile.ca\\\/?s={search_term_string}\"},\"query-input\":{\"@type\":\"PropertyValueSpecification\",\"valueRequired\":true,\"valueName\":\"search_term_string\"}}],\"inLanguage\":\"fr-FR\"},{\"@type\":\"Organization\",\"@id\":\"https:\\\/\\\/laboratoiretextile.ca\\\/#organization\",\"name\":\"Laboratoire Textile\",\"url\":\"https:\\\/\\\/laboratoiretextile.ca\\\/\",\"logo\":{\"@type\":\"ImageObject\",\"inLanguage\":\"fr-FR\",\"@id\":\"https:\\\/\\\/laboratoiretextile.ca\\\/#\\\/schema\\\/logo\\\/image\\\/\",\"url\":\"https:\\\/\\\/laboratoiretextile.ca\\\/wp-content\\\/uploads\\\/2021\\\/11\\\/Laboratoire-Textile-N302-Chevrons-Blanc-02.jpg\",\"contentUrl\":\"https:\\\/\\\/laboratoiretextile.ca\\\/wp-content\\\/uploads\\\/2021\\\/11\\\/Laboratoire-Textile-N302-Chevrons-Blanc-02.jpg\",\"width\":1200,\"height\":1200,\"caption\":\"Laboratoire Textile\"},\"image\":{\"@id\":\"https:\\\/\\\/laboratoiretextile.ca\\\/#\\\/schema\\\/logo\\\/image\\\/\"},\"sameAs\":[\"https:\\\/\\\/fr-fr.facebook.com\\\/LaboratoireTextile\",\"https:\\\/\\\/www.instagram.com\\\/laboratoiretextile\\\/?hl=fr\",\"https:\\\/\\\/www.pinterest.ca\\\/Laboratoiretext\\\/\"]}]}<\/script>\n<!-- \/ Yoast SEO plugin. -->","yoast_head_json":{"title":"Nouveaut\u00e9s - Laboratoire Textile","robots":{"index":"index","follow":"follow","max-snippet":"max-snippet:-1","max-image-preview":"max-image-preview:large","max-video-preview":"max-video-preview:-1"},"canonical":"https:\/\/laboratoiretextile.ca\/fr\/boutique\/nouveautes\/","og_locale":"fr_FR","og_type":"article","og_title":"Nouveaut\u00e9s - Laboratoire Textile","og_description":"\u2726Nouveaut\u00e9s Nous explorons sans cesse les formes et les plis.D\u00e9couvrez ici nos toutes derni\u00e8res cr\u00e9ations. Restez \u00e9clair\u00e9 D\u00e9couvrez les nouveaut\u00e9s et \u00e9v\u00e9nements \u00e0 venir.","og_url":"https:\/\/laboratoiretextile.ca\/fr\/boutique\/nouveautes\/","og_site_name":"Laboratoire Textile","article_publisher":"https:\/\/fr-fr.facebook.com\/LaboratoireTextile","article_modified_time":"2026-01-19T19:46:07+00:00","og_image":[{"width":1707,"height":2560,"url":"https:\/\/laboratoiretextile.ca\/wp-content\/uploads\/2026\/01\/LABORATOIRE_TEXTILE_JUJUBE-scaled.jpg","type":"image\/jpeg"}],"twitter_card":"summary_large_image","twitter_misc":{"Dur\u00e9e de lecture estim\u00e9e":"1 minute"},"schema":{"@context":"https:\/\/schema.org","@graph":[{"@type":"WebPage","@id":"https:\/\/laboratoiretextile.ca\/boutique\/nouveautes\/","url":"https:\/\/laboratoiretextile.ca\/boutique\/nouveautes\/","name":"Nouveaut\u00e9s - Laboratoire Textile","isPartOf":{"@id":"https:\/\/laboratoiretextile.ca\/#website"},"primaryImageOfPage":{"@id":"https:\/\/laboratoiretextile.ca\/boutique\/nouveautes\/#primaryimage"},"image":{"@id":"https:\/\/laboratoiretextile.ca\/boutique\/nouveautes\/#primaryimage"},"thumbnailUrl":"https:\/\/laboratoiretextile.ca\/wp-content\/uploads\/2026\/01\/LABORATOIRE_TEXTILE_JUJUBE-683x1024.jpg","datePublished":"2022-04-26T15:14:52+00:00","dateModified":"2026-01-19T19:46:07+00:00","breadcrumb":{"@id":"https:\/\/laboratoiretextile.ca\/boutique\/nouveautes\/#breadcrumb"},"inLanguage":"fr-FR","potentialAction":[{"@type":"ReadAction","target":["https:\/\/laboratoiretextile.ca\/boutique\/nouveautes\/"]}]},{"@type":"ImageObject","inLanguage":"fr-FR","@id":"https:\/\/laboratoiretextile.ca\/boutique\/nouveautes\/#primaryimage","url":"https:\/\/laboratoiretextile.ca\/wp-content\/uploads\/2026\/01\/LABORATOIRE_TEXTILE_JUJUBE-683x1024.jpg","contentUrl":"https:\/\/laboratoiretextile.ca\/wp-content\/uploads\/2026\/01\/LABORATOIRE_TEXTILE_JUJUBE-683x1024.jpg"},{"@type":"BreadcrumbList","@id":"https:\/\/laboratoiretextile.ca\/boutique\/nouveautes\/#breadcrumb","itemListElement":[{"@type":"ListItem","position":1,"name":"Accueil","item":"https:\/\/laboratoiretextile.ca\/"},{"@type":"ListItem","position":2,"name":"Boutique","item":"https:\/\/laboratoiretextile.ca\/boutique\/"},{"@type":"ListItem","position":3,"name":"Nouveaut\u00e9s"}]},{"@type":"WebSite","@id":"https:\/\/laboratoiretextile.ca\/#website","url":"https:\/\/laboratoiretextile.ca\/","name":"Laboratoire Textile","description":"Plier la lumi\u00e8re","publisher":{"@id":"https:\/\/laboratoiretextile.ca\/#organization"},"potentialAction":[{"@type":"SearchAction","target":{"@type":"EntryPoint","urlTemplate":"https:\/\/laboratoiretextile.ca\/?s={search_term_string}"},"query-input":{"@type":"PropertyValueSpecification","valueRequired":true,"valueName":"search_term_string"}}],"inLanguage":"fr-FR"},{"@type":"Organization","@id":"https:\/\/laboratoiretextile.ca\/#organization","name":"Laboratoire Textile","url":"https:\/\/laboratoiretextile.ca\/","logo":{"@type":"ImageObject","inLanguage":"fr-FR","@id":"https:\/\/laboratoiretextile.ca\/#\/schema\/logo\/image\/","url":"https:\/\/laboratoiretextile.ca\/wp-content\/uploads\/2021\/11\/Laboratoire-Textile-N302-Chevrons-Blanc-02.jpg","contentUrl":"https:\/\/laboratoiretextile.ca\/wp-content\/uploads\/2021\/11\/Laboratoire-Textile-N302-Chevrons-Blanc-02.jpg","width":1200,"height":1200,"caption":"Laboratoire Textile"},"image":{"@id":"https:\/\/laboratoiretextile.ca\/#\/schema\/logo\/image\/"},"sameAs":["https:\/\/fr-fr.facebook.com\/LaboratoireTextile","https:\/\/www.instagram.com\/laboratoiretextile\/?hl=fr","https:\/\/www.pinterest.ca\/Laboratoiretext\/"]}]}},"jetpack_sharing_enabled":true,"_links":{"self":[{"href":"https:\/\/laboratoiretextile.ca\/fr\/wp-json\/wp\/v2\/pages\/1396","targetHints":{"allow":["GET"]}}],"collection":[{"href":"https:\/\/laboratoiretextile.ca\/fr\/wp-json\/wp\/v2\/pages"}],"about":[{"href":"https:\/\/laboratoiretextile.ca\/fr\/wp-json\/wp\/v2\/types\/page"}],"author":[{"embeddable":true,"href":"https:\/\/laboratoiretextile.ca\/fr\/wp-json\/wp\/v2\/users\/1"}],"replies":[{"embeddable":true,"href":"https:\/\/laboratoiretextile.ca\/fr\/wp-json\/wp\/v2\/comments?post=1396"}],"version-history":[{"count":49,"href":"https:\/\/laboratoiretextile.ca\/fr\/wp-json\/wp\/v2\/pages\/1396\/revisions"}],"predecessor-version":[{"id":5180,"href":"https:\/\/laboratoiretextile.ca\/fr\/wp-json\/wp\/v2\/pages\/1396\/revisions\/5180"}],"up":[{"embeddable":true,"href":"https:\/\/laboratoiretextile.ca\/fr\/wp-json\/wp\/v2\/pages\/755"}],"wp:attachment":[{"href":"https:\/\/laboratoiretextile.ca\/fr\/wp-json\/wp\/v2\/media?parent=1396"}],"curies":[{"name":"wp","href":"https:\/\/api.w.org\/{rel}","templated":true}]}}