{"id":25,"date":"2021-06-09T19:00:13","date_gmt":"2021-06-09T23:00:13","guid":{"rendered":"https:\/\/laboratoiretextile.ca\/?page_id=25"},"modified":"2025-10-10T10:12:18","modified_gmt":"2025-10-10T14:12:18","slug":"faq","status":"publish","type":"page","link":"https:\/\/laboratoiretextile.ca\/fr\/faq\/","title":{"rendered":"Foire aux questions"},"content":{"rendered":"\n<div class=\"wp-block-media-text has-media-on-the-right is-stacked-on-mobile is-vertically-aligned-center is-style-overlap-media-text\" style=\"grid-template-columns:auto 55%\"><div class=\"wp-block-media-text__content\">\n<blockquote class=\"wp-block-quote is-style-border-quote is-layout-flow wp-block-quote-is-layout-flow is-style-border-quote--1\">\n<p><strong>Chaque pi\u00e8ce est unique<br><\/strong>Nous apportons le plus grand soin \u00e0 la fabrication de nos produits. Chaque pi\u00e8ce est unique et fabriqu\u00e9e enti\u00e8rement \u00e0 la main.<br>De par la confection artisanale de nos produits, de l\u00e9g\u00e8res variations dans l\u2019impression ou l\u2019assemblage sont \u00e0 pr\u00e9voir. Elles n\u2019affectent en rien la qualit\u00e9, l\u2019esth\u00e9tique ou le fonctionnement de votre produit.<\/p>\n<\/blockquote>\n<\/div><figure  class=\"wp-block-media-text__media\"><img loading=\"lazy\" decoding=\"async\" width=\"1920\" height=\"1200\" alt=\"Laboratoire Textile - Points de vente\" src=\"https:\/\/laboratoiretextile.ca\/wp-content\/uploads\/2021\/08\/Laboratoire_Textile-FAQ.jpg\" class=\"wp-image-307 size-full\" srcset=\"https:\/\/laboratoiretextile.ca\/wp-content\/uploads\/2021\/08\/Laboratoire_Textile-FAQ.jpg 1920w, https:\/\/laboratoiretextile.ca\/wp-content\/uploads\/2021\/08\/Laboratoire_Textile-FAQ-500x313.jpg 500w, https:\/\/laboratoiretextile.ca\/wp-content\/uploads\/2021\/08\/Laboratoire_Textile-FAQ-300x188.jpg 300w, https:\/\/laboratoiretextile.ca\/wp-content\/uploads\/2021\/08\/Laboratoire_Textile-FAQ-1024x640.jpg 1024w, https:\/\/laboratoiretextile.ca\/wp-content\/uploads\/2021\/08\/Laboratoire_Textile-FAQ-768x480.jpg 768w, https:\/\/laboratoiretextile.ca\/wp-content\/uploads\/2021\/08\/Laboratoire_Textile-FAQ-1536x960.jpg 1536w, https:\/\/laboratoiretextile.ca\/wp-content\/uploads\/2021\/08\/Laboratoire_Textile-FAQ-18x12.jpg 18w, https:\/\/laboratoiretextile.ca\/wp-content\/uploads\/2021\/08\/Laboratoire_Textile-FAQ-200x125.jpg 200w\" sizes=\"auto, (max-width: 1920px) 100vw, 1920px\" \/><\/figure><\/div>\n\n\n\n<div style=\"height:3vh\" aria-hidden=\"true\" class=\"wp-block-spacer\"><\/div>\n\n\n\n<div class=\"wp-block-group is-layout-constrained wp-block-group-is-layout-constrained\">\n<div class=\"wp-block-group is-layout-flow wp-block-group-is-layout-flow\">\n<div class=\"wp-block-group is-layout-constrained wp-container-core-group-is-layout-e555385e wp-block-group-is-layout-constrained\">\n<h2 class=\"wp-block-heading has-quicksand-font-family has-medium-font-size\"><strong>D\u00e9lais de fabrication<\/strong><\/h2>\n\n\n\n<p>La plupart de nos luminaires sont fabriqu\u00e9s sur commande. Nous traiterons votre commande au plus vite mais un d\u00e9lais de production peut varier entre une et deux semaine selon les p\u00e9riodes de l&rsquo;ann\u00e9e.<\/p>\n<\/div>\n\n\n\n<div style=\"height:25px\" aria-hidden=\"true\" class=\"wp-block-spacer\"><\/div>\n\n\n\n<div class=\"wp-block-group is-layout-constrained wp-container-core-group-is-layout-e555385e wp-block-group-is-layout-constrained\">\n<h2 class=\"wp-block-heading has-quicksand-font-family has-medium-font-size\"><strong>Traitement des abats-jours<\/strong><\/h2>\n\n\n\n<p>Tous nos luminaires sont trait\u00e9s \u00e0 l\u2019aide d\u2019un produit ignifuge non toxique afin de rendre l&rsquo;utilisation de nos produits plus s\u00e9curitaire.<\/p>\n<\/div>\n\n\n\n<div style=\"height:25px\" aria-hidden=\"true\" class=\"wp-block-spacer\"><\/div>\n\n\n\n<div class=\"wp-block-group is-layout-constrained wp-container-core-group-is-layout-e555385e wp-block-group-is-layout-constrained\">\n<h2 class=\"wp-block-heading has-quicksand-font-family has-medium-font-size\"><strong>Entretien<\/strong><\/h2>\n\n\n\n<p>Nettoyage \u00e0 sec uniquement. Pour \u00e9pousseter votre lampe, utilisez simplement un chiffon sec et doux.<\/p>\n<\/div>\n\n\n\n<div style=\"height:25px\" aria-hidden=\"true\" class=\"wp-block-spacer\"><\/div>\n\n\n\n<div class=\"wp-block-group is-layout-constrained wp-container-core-group-is-layout-e555385e wp-block-group-is-layout-constrained\">\n<h2 class=\"wp-block-heading has-quicksand-font-family has-medium-font-size\"><strong>Quelle ampoule choisir?<\/strong><\/h2>\n\n\n\n<p>Toutes nos lampes sont compatibles uniquement avec des ampoules \u00e0 LED de 60 w maximum pour une utilisation s\u00e9curitaire. En aucun cas Laboratoire Textile ne saurait \u00eatre tenu responsable du choix d&rsquo;ampoule fait pas le ou la client.e.<\/p>\n<\/div>\n\n\n\n<div style=\"height:25px\" aria-hidden=\"true\" class=\"wp-block-spacer\"><\/div>\n\n\n\n<div class=\"wp-block-group is-layout-constrained wp-container-core-group-is-layout-e555385e wp-block-group-is-layout-constrained\">\n<h2 class=\"wp-block-heading has-quicksand-font-family has-medium-font-size\"><strong>L\u2019ampoule est-elle fournie?<\/strong><\/h2>\n\n\n\n<p>Nous ne fournissons pas l\u2019ampoule pour vous permettre de d\u00e9finir l&rsquo;atmosph\u00e8re que vous souhaitez cr\u00e9er. <br>Il existe une large gamme d\u2019ampoules LED disponibles sur le march\u00e9. Pour vous aider \u00e0 faire votre choix, <a href=\"https:\/\/laboratoiretextile.ca\/fr\/quelle-ampoule-choisir\/\" target=\"_blank\" rel=\"noreferrer noopener\">nous avons pr\u00e9par\u00e9 un article \u00e0 ce sujet.<\/a><\/p>\n<\/div>\n\n\n\n<div style=\"height:25px\" aria-hidden=\"true\" class=\"wp-block-spacer\"><\/div>\n\n\n\n<div class=\"wp-block-group is-layout-constrained wp-container-core-group-is-layout-e555385e wp-block-group-is-layout-constrained\">\n<h2 class=\"wp-block-heading has-quicksand-font-family has-medium-font-size\"><strong>Quelles branchements \u00e9lectriques sont utilis\u00e9s?<\/strong><\/h2>\n\n\n\n<p>Nous fournissons deux types de branchements avec nos luminaires. Vous pouvez choisir entre une prise murale am\u00e9ricaine (type A), ou une installation plafonnier. Les syst\u00e8mes \u00e9lectriques fournis avec votre abat-jour sont certifi\u00e9s C-UL-US. Nous ne sommes prenons pas en charge l&rsquo;installation. En aucun cas nous ne serions tenu responsable d&rsquo;une mauvaise utilisation, d&rsquo;une mauvaise installation ou d&rsquo;un d\u00e9faut du branchement \u00e9lectrique.<\/p>\n<\/div>\n\n\n\n<div style=\"height:25px\" aria-hidden=\"true\" class=\"wp-block-spacer\"><\/div>\n\n\n\n<div class=\"wp-block-group is-layout-constrained wp-container-core-group-is-layout-e555385e wp-block-group-is-layout-constrained\">\n<h2 class=\"wp-block-heading has-quicksand-font-family has-medium-font-size\"><strong>Quelles mati\u00e8res sont utilis\u00e9es dans la fabrication des lampes?<\/strong><\/h2>\n\n\n\n<p>Nous ne travaillons qu&rsquo;avec mat\u00e9riaux de qualit\u00e9 \u00e0 l&rsquo;impact environnemental r\u00e9duit. Nos lampes sont fabriqu\u00e9es \u00e0 l&rsquo;aide d&rsquo;un textile non tiss\u00e9 compos\u00e9 de fibres synth\u00e9tiques recycl\u00e9es et naturelles recycl\u00e9es post-consommation.<\/p>\n<\/div>\n\n\n\n<div style=\"height:25px\" aria-hidden=\"true\" class=\"wp-block-spacer\"><\/div>\n\n\n\n<div class=\"wp-block-group is-layout-constrained wp-container-core-group-is-layout-e555385e wp-block-group-is-layout-constrained\">\n<h2 class=\"wp-block-heading has-quicksand-font-family has-medium-font-size\"><strong>Peut-on installer les lampes Laboratoire Textile \u00e0 l&rsquo;ext\u00e9rieur?<\/strong><\/h2>\n\n\n\n<p>Non. Nos luminaires sont con\u00e7us pour une utilisation \u00e0 l&rsquo;int\u00e9rieur uniquement.<\/p>\n<\/div>\n\n\n\n<div style=\"height:25px\" aria-hidden=\"true\" class=\"wp-block-spacer\"><\/div>\n\n\n\n<div class=\"wp-block-group is-layout-constrained wp-container-core-group-is-layout-e555385e wp-block-group-is-layout-constrained\">\n<h2 class=\"wp-block-heading has-quicksand-font-family has-medium-font-size\"><strong>Pr\u00e9sentation des produits<\/strong><\/h2>\n\n\n\n<p>Nous nous effor\u00e7ons de pr\u00e9senter avec le plus de pr\u00e9cisions tous nos produits. Cependant l\u2019affichage des couleurs peut varier selon les r\u00e9glages de votre \u00e9cran.<\/p>\n<\/div>\n\n\n\n<div style=\"height:25px\" aria-hidden=\"true\" class=\"wp-block-spacer\"><\/div>\n\n\n\n<div class=\"wp-block-group is-layout-constrained wp-container-core-group-is-layout-e555385e wp-block-group-is-layout-constrained\">\n<h2 class=\"wp-block-heading has-quicksand-font-family has-medium-font-size\"><strong>Comment modifier mes informations personnelles ?<\/strong><\/h2>\n\n\n\n<p>Vous pouvez modifier toutes vos informations dans la section \u00ab<a href=\"https:\/\/laboratoiretextile.ca\/mon-compte\/\"> Mon compte<\/a> \u00bb.<\/p>\n<\/div>\n\n\n\n<div style=\"height:25px\" aria-hidden=\"true\" class=\"wp-block-spacer\"><\/div>\n\n\n\n<div class=\"wp-block-group is-layout-constrained wp-container-core-group-is-layout-e555385e wp-block-group-is-layout-constrained\">\n<h2 class=\"wp-block-heading has-quicksand-font-family has-medium-font-size\"><strong>Projet sur mesure<\/strong><\/h2>\n\n\n\n<p>Pour toute demande de projet personnalis\u00e9, n&rsquo;h\u00e9sitez pas \u00e0 nous contacter \u00e0 <a href=\"mailto:info@laboratoiretextile.com\">info@laboratoiretextile.com<\/a><\/p>\n<\/div>\n<\/div>\n\n\n\n<div style=\"height:100px\" aria-hidden=\"true\" class=\"wp-block-spacer\"><\/div>\n\n\n\n<p><strong>Plus d&rsquo;informations&#8230;<\/strong><\/p>\n\n\n\n<hr class=\"wp-block-separator has-alpha-channel-opacity is-style-wide\"\/>\n\n\n\n<div class=\"wp-block-buttons is-horizontal is-content-justification-center is-layout-flex wp-container-core-buttons-is-layout-03627597 wp-block-buttons-is-layout-flex\">\n<div class=\"wp-block-button\"><a class=\"wp-block-button__link has-white-background-color has-text-color has-background wp-element-button\" href=\"https:\/\/laboratoiretextile.ca\/termes-conditions\/\" style=\"color:#121212\">Termes &amp; conditions<\/a><\/div>\n\n\n\n<div class=\"wp-block-button\"><a class=\"wp-block-button__link has-white-background-color has-text-color has-background wp-element-button\" href=\"https:\/\/laboratoiretextile.ca\/politique-de-confidentialite\/\" style=\"color:#121212\">Politique de confidentialit\u00e9<\/a><\/div>\n<\/div>\n\n\n\n<hr class=\"wp-block-separator has-alpha-channel-opacity is-style-wide\"\/>\n<\/div>\n","protected":false},"excerpt":{"rendered":"<p>D\u00e9lais de fabrication La plupart de nos luminaires sont fabriqu\u00e9s sur commande. Nous traiterons votre commande au plus vite mais un d\u00e9lais de production peut varier entre une et deux semaine selon les p\u00e9riodes de l&rsquo;ann\u00e9e. Traitement des abats-jours Tous nos luminaires sont trait\u00e9s \u00e0 l\u2019aide d\u2019un produit ignifuge non toxique afin de rendre l&rsquo;utilisation [&hellip;]<\/p>\n","protected":false},"author":1,"featured_media":307,"parent":0,"menu_order":4,"comment_status":"closed","ping_status":"closed","template":"","meta":{"iawp_total_views":118,"footnotes":""},"class_list":["post-25","page","type-page","status-publish","has-post-thumbnail","hentry"],"yoast_head":"<!-- This site is optimized with the Yoast SEO plugin v27.5 - https:\/\/yoast.com\/product\/yoast-seo-wordpress\/ -->\n<title>Foire aux questions - Laboratoire Textile<\/title>\n<meta name=\"description\" content=\"La boutique en ligne Laboratoire Textile propose une gamme de luminaires contemporains, fabriqu\u00e9s \u00e0 la main autour de l&#039;origami - FAQ\" \/>\n<meta name=\"robots\" content=\"index, follow, max-snippet:-1, max-image-preview:large, max-video-preview:-1\" \/>\n<link rel=\"canonical\" href=\"https:\/\/laboratoiretextile.ca\/fr\/faq\/\" \/>\n<meta property=\"og:locale\" content=\"fr_FR\" \/>\n<meta property=\"og:type\" content=\"article\" \/>\n<meta property=\"og:title\" content=\"Foire aux questions - Laboratoire Textile\" \/>\n<meta property=\"og:description\" content=\"La boutique en ligne Laboratoire Textile propose une gamme de luminaires contemporains, fabriqu\u00e9s \u00e0 la main autour de l&#039;origami - FAQ\" \/>\n<meta property=\"og:url\" content=\"https:\/\/laboratoiretextile.ca\/fr\/faq\/\" \/>\n<meta property=\"og:site_name\" content=\"Laboratoire Textile\" \/>\n<meta property=\"article:publisher\" content=\"https:\/\/fr-fr.facebook.com\/LaboratoireTextile\" \/>\n<meta property=\"article:modified_time\" content=\"2025-10-10T14:12:18+00:00\" \/>\n<meta property=\"og:image\" content=\"https:\/\/laboratoiretextile.ca\/wp-content\/uploads\/2021\/08\/Laboratoire_Textile-FAQ.jpg\" \/>\n\t<meta property=\"og:image:width\" content=\"1920\" \/>\n\t<meta property=\"og:image:height\" content=\"1200\" \/>\n\t<meta property=\"og:image:type\" content=\"image\/jpeg\" \/>\n<meta name=\"twitter:card\" content=\"summary_large_image\" \/>\n<meta name=\"twitter:label1\" content=\"Dur\u00e9e de lecture estim\u00e9e\" \/>\n\t<meta name=\"twitter:data1\" content=\"3 minutes\" \/>\n<script type=\"application\/ld+json\" class=\"yoast-schema-graph\">{\"@context\":\"https:\\\/\\\/schema.org\",\"@graph\":[{\"@type\":[\"WebPage\",\"FAQPage\"],\"@id\":\"https:\\\/\\\/laboratoiretextile.ca\\\/faq\\\/\",\"url\":\"https:\\\/\\\/laboratoiretextile.ca\\\/faq\\\/\",\"name\":\"Foire aux questions - Laboratoire Textile\",\"isPartOf\":{\"@id\":\"https:\\\/\\\/laboratoiretextile.ca\\\/#website\"},\"primaryImageOfPage\":{\"@id\":\"https:\\\/\\\/laboratoiretextile.ca\\\/faq\\\/#primaryimage\"},\"image\":{\"@id\":\"https:\\\/\\\/laboratoiretextile.ca\\\/faq\\\/#primaryimage\"},\"thumbnailUrl\":\"https:\\\/\\\/laboratoiretextile.ca\\\/wp-content\\\/uploads\\\/2021\\\/08\\\/Laboratoire_Textile-FAQ.jpg\",\"datePublished\":\"2021-06-09T23:00:13+00:00\",\"dateModified\":\"2025-10-10T14:12:18+00:00\",\"description\":\"La boutique en ligne Laboratoire Textile propose une gamme de luminaires contemporains, fabriqu\u00e9s \u00e0 la main autour de l'origami - FAQ\",\"breadcrumb\":{\"@id\":\"https:\\\/\\\/laboratoiretextile.ca\\\/faq\\\/#breadcrumb\"},\"inLanguage\":\"fr-FR\",\"potentialAction\":[{\"@type\":\"ReadAction\",\"target\":[\"https:\\\/\\\/laboratoiretextile.ca\\\/faq\\\/\"]}]},{\"@type\":\"ImageObject\",\"inLanguage\":\"fr-FR\",\"@id\":\"https:\\\/\\\/laboratoiretextile.ca\\\/faq\\\/#primaryimage\",\"url\":\"https:\\\/\\\/laboratoiretextile.ca\\\/wp-content\\\/uploads\\\/2021\\\/08\\\/Laboratoire_Textile-FAQ.jpg\",\"contentUrl\":\"https:\\\/\\\/laboratoiretextile.ca\\\/wp-content\\\/uploads\\\/2021\\\/08\\\/Laboratoire_Textile-FAQ.jpg\",\"width\":1920,\"height\":1200,\"caption\":\"Laboratoire Textile - Points de vente\"},{\"@type\":\"BreadcrumbList\",\"@id\":\"https:\\\/\\\/laboratoiretextile.ca\\\/faq\\\/#breadcrumb\",\"itemListElement\":[{\"@type\":\"ListItem\",\"position\":1,\"name\":\"Accueil\",\"item\":\"https:\\\/\\\/laboratoiretextile.ca\\\/\"},{\"@type\":\"ListItem\",\"position\":2,\"name\":\"Foire aux questions\"}]},{\"@type\":\"WebSite\",\"@id\":\"https:\\\/\\\/laboratoiretextile.ca\\\/#website\",\"url\":\"https:\\\/\\\/laboratoiretextile.ca\\\/\",\"name\":\"Laboratoire Textile\",\"description\":\"Plier la lumi\u00e8re\",\"publisher\":{\"@id\":\"https:\\\/\\\/laboratoiretextile.ca\\\/#organization\"},\"potentialAction\":[{\"@type\":\"SearchAction\",\"target\":{\"@type\":\"EntryPoint\",\"urlTemplate\":\"https:\\\/\\\/laboratoiretextile.ca\\\/?s={search_term_string}\"},\"query-input\":{\"@type\":\"PropertyValueSpecification\",\"valueRequired\":true,\"valueName\":\"search_term_string\"}}],\"inLanguage\":\"fr-FR\"},{\"@type\":\"Organization\",\"@id\":\"https:\\\/\\\/laboratoiretextile.ca\\\/#organization\",\"name\":\"Laboratoire Textile\",\"url\":\"https:\\\/\\\/laboratoiretextile.ca\\\/\",\"logo\":{\"@type\":\"ImageObject\",\"inLanguage\":\"fr-FR\",\"@id\":\"https:\\\/\\\/laboratoiretextile.ca\\\/#\\\/schema\\\/logo\\\/image\\\/\",\"url\":\"https:\\\/\\\/laboratoiretextile.ca\\\/wp-content\\\/uploads\\\/2021\\\/11\\\/Laboratoire-Textile-N302-Chevrons-Blanc-02.jpg\",\"contentUrl\":\"https:\\\/\\\/laboratoiretextile.ca\\\/wp-content\\\/uploads\\\/2021\\\/11\\\/Laboratoire-Textile-N302-Chevrons-Blanc-02.jpg\",\"width\":1200,\"height\":1200,\"caption\":\"Laboratoire Textile\"},\"image\":{\"@id\":\"https:\\\/\\\/laboratoiretextile.ca\\\/#\\\/schema\\\/logo\\\/image\\\/\"},\"sameAs\":[\"https:\\\/\\\/fr-fr.facebook.com\\\/LaboratoireTextile\",\"https:\\\/\\\/www.instagram.com\\\/laboratoiretextile\\\/?hl=fr\",\"https:\\\/\\\/www.pinterest.ca\\\/Laboratoiretext\\\/\"]}]}<\/script>\n<!-- \/ Yoast SEO plugin. -->","yoast_head_json":{"title":"Foire aux questions - Laboratoire Textile","description":"La boutique en ligne Laboratoire Textile propose une gamme de luminaires contemporains, fabriqu\u00e9s \u00e0 la main autour de l'origami - FAQ","robots":{"index":"index","follow":"follow","max-snippet":"max-snippet:-1","max-image-preview":"max-image-preview:large","max-video-preview":"max-video-preview:-1"},"canonical":"https:\/\/laboratoiretextile.ca\/fr\/faq\/","og_locale":"fr_FR","og_type":"article","og_title":"Foire aux questions - Laboratoire Textile","og_description":"La boutique en ligne Laboratoire Textile propose une gamme de luminaires contemporains, fabriqu\u00e9s \u00e0 la main autour de l'origami - FAQ","og_url":"https:\/\/laboratoiretextile.ca\/fr\/faq\/","og_site_name":"Laboratoire Textile","article_publisher":"https:\/\/fr-fr.facebook.com\/LaboratoireTextile","article_modified_time":"2025-10-10T14:12:18+00:00","og_image":[{"width":1920,"height":1200,"url":"https:\/\/laboratoiretextile.ca\/wp-content\/uploads\/2021\/08\/Laboratoire_Textile-FAQ.jpg","type":"image\/jpeg"}],"twitter_card":"summary_large_image","twitter_misc":{"Dur\u00e9e de lecture estim\u00e9e":"3 minutes"},"schema":{"@context":"https:\/\/schema.org","@graph":[{"@type":["WebPage","FAQPage"],"@id":"https:\/\/laboratoiretextile.ca\/faq\/","url":"https:\/\/laboratoiretextile.ca\/faq\/","name":"Foire aux questions - Laboratoire Textile","isPartOf":{"@id":"https:\/\/laboratoiretextile.ca\/#website"},"primaryImageOfPage":{"@id":"https:\/\/laboratoiretextile.ca\/faq\/#primaryimage"},"image":{"@id":"https:\/\/laboratoiretextile.ca\/faq\/#primaryimage"},"thumbnailUrl":"https:\/\/laboratoiretextile.ca\/wp-content\/uploads\/2021\/08\/Laboratoire_Textile-FAQ.jpg","datePublished":"2021-06-09T23:00:13+00:00","dateModified":"2025-10-10T14:12:18+00:00","description":"La boutique en ligne Laboratoire Textile propose une gamme de luminaires contemporains, fabriqu\u00e9s \u00e0 la main autour de l'origami - FAQ","breadcrumb":{"@id":"https:\/\/laboratoiretextile.ca\/faq\/#breadcrumb"},"inLanguage":"fr-FR","potentialAction":[{"@type":"ReadAction","target":["https:\/\/laboratoiretextile.ca\/faq\/"]}]},{"@type":"ImageObject","inLanguage":"fr-FR","@id":"https:\/\/laboratoiretextile.ca\/faq\/#primaryimage","url":"https:\/\/laboratoiretextile.ca\/wp-content\/uploads\/2021\/08\/Laboratoire_Textile-FAQ.jpg","contentUrl":"https:\/\/laboratoiretextile.ca\/wp-content\/uploads\/2021\/08\/Laboratoire_Textile-FAQ.jpg","width":1920,"height":1200,"caption":"Laboratoire Textile - Points de vente"},{"@type":"BreadcrumbList","@id":"https:\/\/laboratoiretextile.ca\/faq\/#breadcrumb","itemListElement":[{"@type":"ListItem","position":1,"name":"Accueil","item":"https:\/\/laboratoiretextile.ca\/"},{"@type":"ListItem","position":2,"name":"Foire aux questions"}]},{"@type":"WebSite","@id":"https:\/\/laboratoiretextile.ca\/#website","url":"https:\/\/laboratoiretextile.ca\/","name":"Laboratoire Textile","description":"Plier la lumi\u00e8re","publisher":{"@id":"https:\/\/laboratoiretextile.ca\/#organization"},"potentialAction":[{"@type":"SearchAction","target":{"@type":"EntryPoint","urlTemplate":"https:\/\/laboratoiretextile.ca\/?s={search_term_string}"},"query-input":{"@type":"PropertyValueSpecification","valueRequired":true,"valueName":"search_term_string"}}],"inLanguage":"fr-FR"},{"@type":"Organization","@id":"https:\/\/laboratoiretextile.ca\/#organization","name":"Laboratoire Textile","url":"https:\/\/laboratoiretextile.ca\/","logo":{"@type":"ImageObject","inLanguage":"fr-FR","@id":"https:\/\/laboratoiretextile.ca\/#\/schema\/logo\/image\/","url":"https:\/\/laboratoiretextile.ca\/wp-content\/uploads\/2021\/11\/Laboratoire-Textile-N302-Chevrons-Blanc-02.jpg","contentUrl":"https:\/\/laboratoiretextile.ca\/wp-content\/uploads\/2021\/11\/Laboratoire-Textile-N302-Chevrons-Blanc-02.jpg","width":1200,"height":1200,"caption":"Laboratoire Textile"},"image":{"@id":"https:\/\/laboratoiretextile.ca\/#\/schema\/logo\/image\/"},"sameAs":["https:\/\/fr-fr.facebook.com\/LaboratoireTextile","https:\/\/www.instagram.com\/laboratoiretextile\/?hl=fr","https:\/\/www.pinterest.ca\/Laboratoiretext\/"]}]}},"jetpack_sharing_enabled":true,"_links":{"self":[{"href":"https:\/\/laboratoiretextile.ca\/fr\/wp-json\/wp\/v2\/pages\/25","targetHints":{"allow":["GET"]}}],"collection":[{"href":"https:\/\/laboratoiretextile.ca\/fr\/wp-json\/wp\/v2\/pages"}],"about":[{"href":"https:\/\/laboratoiretextile.ca\/fr\/wp-json\/wp\/v2\/types\/page"}],"author":[{"embeddable":true,"href":"https:\/\/laboratoiretextile.ca\/fr\/wp-json\/wp\/v2\/users\/1"}],"replies":[{"embeddable":true,"href":"https:\/\/laboratoiretextile.ca\/fr\/wp-json\/wp\/v2\/comments?post=25"}],"version-history":[{"count":174,"href":"https:\/\/laboratoiretextile.ca\/fr\/wp-json\/wp\/v2\/pages\/25\/revisions"}],"predecessor-version":[{"id":5088,"href":"https:\/\/laboratoiretextile.ca\/fr\/wp-json\/wp\/v2\/pages\/25\/revisions\/5088"}],"wp:featuredmedia":[{"embeddable":true,"href":"https:\/\/laboratoiretextile.ca\/fr\/wp-json\/wp\/v2\/media\/307"}],"wp:attachment":[{"href":"https:\/\/laboratoiretextile.ca\/fr\/wp-json\/wp\/v2\/media?parent=25"}],"curies":[{"name":"wp","href":"https:\/\/api.w.org\/{rel}","templated":true}]}}