{"id":4732,"date":"2025-01-06T16:13:52","date_gmt":"2025-01-06T21:13:52","guid":{"rendered":"https:\/\/laboratoiretextile.ca\/?page_id=4732"},"modified":"2025-01-07T10:36:10","modified_gmt":"2025-01-07T15:36:10","slug":"collection-canopee","status":"publish","type":"page","link":"https:\/\/laboratoiretextile.ca\/fr\/boutique\/collection-canopee\/","title":{"rendered":"Collection Canop\u00e9e"},"content":{"rendered":"\n<div class=\"wp-block-group is-layout-constrained wp-block-group-is-layout-constrained\">\n<div class=\"wp-block-columns alignfull is-layout-flex wp-container-core-columns-is-layout-28f84493 wp-block-columns-is-layout-flex\">\n<div class=\"wp-block-column is-layout-flow wp-block-column-is-layout-flow\" style=\"flex-basis:50%\">\n<figure class=\"wp-block-image size-full\"><img loading=\"lazy\" decoding=\"async\" width=\"1536\" height=\"2048\" src=\"https:\/\/laboratoiretextile.ca\/wp-content\/uploads\/2025\/01\/471628321_896105392512288_848596966296565220_n.jpg\" alt=\"Ombres du feuillage\" class=\"wp-image-4733\" srcset=\"https:\/\/laboratoiretextile.ca\/wp-content\/uploads\/2025\/01\/471628321_896105392512288_848596966296565220_n.jpg 1536w, https:\/\/laboratoiretextile.ca\/wp-content\/uploads\/2025\/01\/471628321_896105392512288_848596966296565220_n-225x300.jpg 225w, https:\/\/laboratoiretextile.ca\/wp-content\/uploads\/2025\/01\/471628321_896105392512288_848596966296565220_n-768x1024.jpg 768w, https:\/\/laboratoiretextile.ca\/wp-content\/uploads\/2025\/01\/471628321_896105392512288_848596966296565220_n-1152x1536.jpg 1152w, https:\/\/laboratoiretextile.ca\/wp-content\/uploads\/2025\/01\/471628321_896105392512288_848596966296565220_n-9x12.jpg 9w, https:\/\/laboratoiretextile.ca\/wp-content\/uploads\/2025\/01\/471628321_896105392512288_848596966296565220_n-500x667.jpg 500w\" sizes=\"auto, (max-width: 1536px) 100vw, 1536px\" \/><\/figure>\n<\/div>\n\n\n\n<div class=\"wp-block-column is-vertically-aligned-stretch has-tertiary-background-color has-background is-layout-flow wp-block-column-is-layout-flow\">\n<div class=\"wp-block-group is-vertical is-content-justification-center is-layout-flex wp-container-core-group-is-layout-b6c1f246 wp-block-group-is-layout-flex\" style=\"min-height:100%\">\n<div class=\"wp-block-group has-tertiary-background-color has-background is-content-justification-center is-layout-constrained wp-container-core-group-is-layout-878ff88c wp-block-group-is-layout-constrained\">\n<div class=\"wp-block-group is-layout-constrained wp-container-core-group-is-layout-e555385e wp-block-group-is-layout-constrained\">\n<p class=\"has-text-align-center\">COLLECTION<\/p>\n\n\n\n<h1 class=\"wp-block-heading has-text-align-center\">Canop\u00e9e<\/h1>\n<\/div>\n\n\n\n<p><br>botanique: formation v\u00e9g\u00e9tale I\u00a0n. f<\/p>\n\n\n\n<p>Zone d&rsquo;une for\u00eat qui correspond \u00e0 la cime des grands arbres.<br><\/p>\n\n\n\n<p class=\"has-text-align-right\">\u2013\u00a0<em>Dictionnaire Le Robert<\/em><br><\/p>\n<\/div>\n<\/div>\n<\/div>\n<\/div>\n\n\n\n<div style=\"height:10vh\" aria-hidden=\"true\" class=\"wp-block-spacer\"><\/div>\n\n\n\n<div class=\"wp-block-group alignwide is-layout-constrained wp-block-group-is-layout-constrained\">\n<div class=\"wp-block-columns alignwide are-vertically-aligned-top is-layout-flex wp-container-core-columns-is-layout-28f84493 wp-block-columns-is-layout-flex\">\n<div class=\"wp-block-column is-layout-flow wp-block-column-is-layout-flow\" style=\"flex-basis:13.33%\">\n<figure class=\"wp-block-image\"><img loading=\"lazy\" decoding=\"async\" width=\"768\" height=\"1024\" src=\"https:\/\/laboratoiretextile.ca\/wp-content\/uploads\/2025\/01\/472004504_896105455845615_2463503518476770461_n-768x1024.jpg\" alt=\"\" class=\"wp-image-4734\" srcset=\"https:\/\/laboratoiretextile.ca\/wp-content\/uploads\/2025\/01\/472004504_896105455845615_2463503518476770461_n-768x1024.jpg 768w, https:\/\/laboratoiretextile.ca\/wp-content\/uploads\/2025\/01\/472004504_896105455845615_2463503518476770461_n-225x300.jpg 225w, https:\/\/laboratoiretextile.ca\/wp-content\/uploads\/2025\/01\/472004504_896105455845615_2463503518476770461_n-1152x1536.jpg 1152w, https:\/\/laboratoiretextile.ca\/wp-content\/uploads\/2025\/01\/472004504_896105455845615_2463503518476770461_n-9x12.jpg 9w, https:\/\/laboratoiretextile.ca\/wp-content\/uploads\/2025\/01\/472004504_896105455845615_2463503518476770461_n-500x667.jpg 500w, https:\/\/laboratoiretextile.ca\/wp-content\/uploads\/2025\/01\/472004504_896105455845615_2463503518476770461_n.jpg 1536w\" sizes=\"auto, (max-width: 768px) 100vw, 768px\" \/><\/figure>\n<\/div>\n\n\n\n<div class=\"wp-block-column is-layout-flow wp-block-column-is-layout-flow\" style=\"flex-basis:53.34%\">\n<div style=\"height:4rem\" aria-hidden=\"true\" class=\"wp-block-spacer\"><\/div>\n\n\n\n<p>45\u00b0 57\u2032 N. 73\u00b0 51\u2032 O.<br>L&rsquo;imprim\u00e9 de la Collection Canop\u00e9e s&rsquo;inspire de l&rsquo;observation des ombres du feuillage sur une voile d&rsquo;ombrage par un apr\u00e8s midi d&rsquo;\u00e9t\u00e9.<\/p>\n\n\n\n<p>Ces photos ont \u00e9t\u00e9 prises en 2018 par un apr\u00e8s-midi d&rsquo;\u00e9t\u00e9 \u00e0 Sainte Calixte, dans la r\u00e9gion de Lanaudi\u00e8re au Qu\u00e9bec.<\/p>\n\n\n\n<p>Le motif n&rsquo;a pris forme que quelques ann\u00e9es plus tard \u00e0 partir de ces photos. Imprim\u00e9 \u00e0 la main en s\u00e9rigraphie,  le motif tente de capturer le contraste des jeux d&rsquo;ombres.<\/p>\n<\/div>\n\n\n\n<div class=\"wp-block-column is-layout-flow wp-block-column-is-layout-flow\" style=\"flex-basis:33.33%\"><\/div>\n<\/div>\n<\/div>\n\n\n\n<div style=\"height:8vh\" aria-hidden=\"true\" class=\"wp-block-spacer\"><\/div>\n\n\n\n<div class=\"wp-block-group alignwide is-layout-constrained wp-block-group-is-layout-constrained\">\n<div class=\"wp-block-group alignwide is-layout-grid wp-container-core-group-is-layout-8da69725 wp-block-group-is-layout-grid\">\n<div class=\"wp-block-columns is-layout-flex wp-container-core-columns-is-layout-28f84493 wp-block-columns-is-layout-flex\">\n<div class=\"wp-block-column is-layout-flow wp-block-column-is-layout-flow\" style=\"flex-basis:100%\"><\/div>\n<\/div>\n\n\n\n\n\n<div class=\"wp-block-group has-foreground-background-color has-background wp-container-content-ee860f63 is-vertical is-layout-flex wp-container-core-group-is-layout-fed7e1b2 wp-block-group-is-layout-flex\">\n<p class=\"has-text-align-left has-background-color has-text-color has-link-color wp-elements-eea5fed142cb13b3f7919c7736813c18\">D\u00e9couvrez toute la collection Canop\u00e9e et plongez-vous dans ce souvenir d&rsquo;\u00e9t\u00e9.<\/p>\n\n\n\n<div class=\"wp-block-buttons is-content-justification-center is-layout-flex wp-container-core-buttons-is-layout-a89b3969 wp-block-buttons-is-layout-flex\">\n<div class=\"wp-block-button has-custom-font-size is-style-outline has-small-font-size is-style-outline--1\"><a class=\"wp-block-button__link has-foreground-color has-background-background-color has-text-color has-background has-link-color wp-element-button\" href=\"https:\/\/laboratoiretextile.ca\/fr\/categorie-produit\/canopee\/\" target=\"_blank\" rel=\"noreferrer noopener\">Voir la collection<\/a><\/div>\n<\/div>\n<\/div>\n<\/div>\n<\/div>\n<\/div>\n\n\n\n<div style=\"height:8vh\" aria-hidden=\"true\" class=\"wp-block-spacer\"><\/div>\n\n\n\n<div class=\"wp-block-group has-background-background-color has-background is-layout-flow wp-block-group-is-layout-flow\">\n<div class=\"wp-block-cover alignfull\" style=\"min-height:500px;aspect-ratio:unset;\"><span aria-hidden=\"true\" class=\"wp-block-cover__background has-background-dim-0 has-background-dim\" style=\"background-color:#5c5956\"><\/span><img loading=\"lazy\" decoding=\"async\" width=\"1536\" height=\"2048\" class=\"wp-block-cover__image-background wp-image-4735\" alt=\"\" src=\"https:\/\/laboratoiretextile.ca\/wp-content\/uploads\/2025\/01\/471851823_896105399178954_646434082009084455_n.jpg\" style=\"object-position:32% 0%\" data-object-fit=\"cover\" data-object-position=\"32% 0%\" srcset=\"https:\/\/laboratoiretextile.ca\/wp-content\/uploads\/2025\/01\/471851823_896105399178954_646434082009084455_n.jpg 1536w, https:\/\/laboratoiretextile.ca\/wp-content\/uploads\/2025\/01\/471851823_896105399178954_646434082009084455_n-225x300.jpg 225w, https:\/\/laboratoiretextile.ca\/wp-content\/uploads\/2025\/01\/471851823_896105399178954_646434082009084455_n-768x1024.jpg 768w, https:\/\/laboratoiretextile.ca\/wp-content\/uploads\/2025\/01\/471851823_896105399178954_646434082009084455_n-1152x1536.jpg 1152w, https:\/\/laboratoiretextile.ca\/wp-content\/uploads\/2025\/01\/471851823_896105399178954_646434082009084455_n-9x12.jpg 9w, https:\/\/laboratoiretextile.ca\/wp-content\/uploads\/2025\/01\/471851823_896105399178954_646434082009084455_n-500x667.jpg 500w\" sizes=\"auto, (max-width: 1536px) 100vw, 1536px\" \/><div class=\"wp-block-cover__inner-container is-layout-flow wp-block-cover-is-layout-flow\">\n<p class=\"has-text-align-center has-large-font-size\"><\/p>\n<\/div><\/div>\n<\/div>\n","protected":false},"excerpt":{"rendered":"<p>COLLECTION Canop\u00e9e botanique: formation v\u00e9g\u00e9tale I\u00a0n. f Zone d&rsquo;une for\u00eat qui correspond \u00e0 la cime des grands arbres. \u2013\u00a0Dictionnaire Le Robert 45\u00b0 57\u2032 N. 73\u00b0 51\u2032 O.L&rsquo;imprim\u00e9 de la Collection Canop\u00e9e s&rsquo;inspire de l&rsquo;observation des ombres du feuillage sur une voile d&rsquo;ombrage par un apr\u00e8s midi d&rsquo;\u00e9t\u00e9. Ces photos ont \u00e9t\u00e9 prises en 2018 par [&hellip;]<\/p>\n","protected":false},"author":1,"featured_media":0,"parent":755,"menu_order":0,"comment_status":"closed","ping_status":"closed","template":"page-no-title","meta":{"iawp_total_views":55,"footnotes":""},"class_list":["post-4732","page","type-page","status-publish","hentry"],"yoast_head":"<!-- This site is optimized with the Yoast SEO plugin v27.4 - https:\/\/yoast.com\/product\/yoast-seo-wordpress\/ -->\n<title>Collection Canop\u00e9e - Laboratoire Textile<\/title>\n<meta name=\"description\" content=\"L&#039;imprim\u00e9 de la Collection Canop\u00e9e s&#039;inspire de l&#039;observation des ombres du feuillage sur une voile d&#039;ombrage par un apr\u00e8s midi d&#039;\u00e9t\u00e9.\" \/>\n<meta name=\"robots\" content=\"index, follow, max-snippet:-1, max-image-preview:large, max-video-preview:-1\" \/>\n<link rel=\"canonical\" href=\"https:\/\/laboratoiretextile.ca\/fr\/boutique\/collection-canopee\/\" \/>\n<meta property=\"og:locale\" content=\"fr_FR\" \/>\n<meta property=\"og:type\" content=\"article\" \/>\n<meta property=\"og:title\" content=\"Collection Canop\u00e9e - Laboratoire Textile\" \/>\n<meta property=\"og:description\" content=\"L&#039;imprim\u00e9 de la Collection Canop\u00e9e s&#039;inspire de l&#039;observation des ombres du feuillage sur une voile d&#039;ombrage par un apr\u00e8s midi d&#039;\u00e9t\u00e9.\" \/>\n<meta property=\"og:url\" content=\"https:\/\/laboratoiretextile.ca\/fr\/boutique\/collection-canopee\/\" \/>\n<meta property=\"og:site_name\" content=\"Laboratoire Textile\" \/>\n<meta property=\"article:publisher\" content=\"https:\/\/fr-fr.facebook.com\/LaboratoireTextile\" \/>\n<meta property=\"article:modified_time\" content=\"2025-01-07T15:36:10+00:00\" \/>\n<meta property=\"og:image\" content=\"https:\/\/laboratoiretextile.ca\/wp-content\/uploads\/2025\/01\/471628321_896105392512288_848596966296565220_n.jpg\" \/>\n\t<meta property=\"og:image:width\" content=\"1536\" \/>\n\t<meta property=\"og:image:height\" content=\"2048\" \/>\n\t<meta property=\"og:image:type\" content=\"image\/jpeg\" \/>\n<meta name=\"twitter:card\" content=\"summary_large_image\" \/>\n<meta name=\"twitter:label1\" content=\"Dur\u00e9e de lecture estim\u00e9e\" \/>\n\t<meta name=\"twitter:data1\" content=\"2 minutes\" \/>\n<script type=\"application\/ld+json\" class=\"yoast-schema-graph\">{\"@context\":\"https:\\\/\\\/schema.org\",\"@graph\":[{\"@type\":\"WebPage\",\"@id\":\"https:\\\/\\\/laboratoiretextile.ca\\\/boutique\\\/collection-canopee\\\/\",\"url\":\"https:\\\/\\\/laboratoiretextile.ca\\\/boutique\\\/collection-canopee\\\/\",\"name\":\"Collection Canop\u00e9e - Laboratoire Textile\",\"isPartOf\":{\"@id\":\"https:\\\/\\\/laboratoiretextile.ca\\\/#website\"},\"primaryImageOfPage\":{\"@id\":\"https:\\\/\\\/laboratoiretextile.ca\\\/boutique\\\/collection-canopee\\\/#primaryimage\"},\"image\":{\"@id\":\"https:\\\/\\\/laboratoiretextile.ca\\\/boutique\\\/collection-canopee\\\/#primaryimage\"},\"thumbnailUrl\":\"https:\\\/\\\/laboratoiretextile.ca\\\/wp-content\\\/uploads\\\/2025\\\/01\\\/471628321_896105392512288_848596966296565220_n.jpg\",\"datePublished\":\"2025-01-06T21:13:52+00:00\",\"dateModified\":\"2025-01-07T15:36:10+00:00\",\"description\":\"L'imprim\u00e9 de la Collection Canop\u00e9e s'inspire de l'observation des ombres du feuillage sur une voile d'ombrage par un apr\u00e8s midi d'\u00e9t\u00e9.\",\"breadcrumb\":{\"@id\":\"https:\\\/\\\/laboratoiretextile.ca\\\/boutique\\\/collection-canopee\\\/#breadcrumb\"},\"inLanguage\":\"fr-FR\",\"potentialAction\":[{\"@type\":\"ReadAction\",\"target\":[\"https:\\\/\\\/laboratoiretextile.ca\\\/boutique\\\/collection-canopee\\\/\"]}]},{\"@type\":\"ImageObject\",\"inLanguage\":\"fr-FR\",\"@id\":\"https:\\\/\\\/laboratoiretextile.ca\\\/boutique\\\/collection-canopee\\\/#primaryimage\",\"url\":\"https:\\\/\\\/laboratoiretextile.ca\\\/wp-content\\\/uploads\\\/2025\\\/01\\\/471628321_896105392512288_848596966296565220_n.jpg\",\"contentUrl\":\"https:\\\/\\\/laboratoiretextile.ca\\\/wp-content\\\/uploads\\\/2025\\\/01\\\/471628321_896105392512288_848596966296565220_n.jpg\"},{\"@type\":\"BreadcrumbList\",\"@id\":\"https:\\\/\\\/laboratoiretextile.ca\\\/boutique\\\/collection-canopee\\\/#breadcrumb\",\"itemListElement\":[{\"@type\":\"ListItem\",\"position\":1,\"name\":\"Accueil\",\"item\":\"https:\\\/\\\/laboratoiretextile.ca\\\/\"},{\"@type\":\"ListItem\",\"position\":2,\"name\":\"Boutique\",\"item\":\"https:\\\/\\\/laboratoiretextile.ca\\\/boutique\\\/\"},{\"@type\":\"ListItem\",\"position\":3,\"name\":\"Collection Canop\u00e9e\"}]},{\"@type\":\"WebSite\",\"@id\":\"https:\\\/\\\/laboratoiretextile.ca\\\/#website\",\"url\":\"https:\\\/\\\/laboratoiretextile.ca\\\/\",\"name\":\"Laboratoire Textile\",\"description\":\"Plier la lumi\u00e8re\",\"publisher\":{\"@id\":\"https:\\\/\\\/laboratoiretextile.ca\\\/#organization\"},\"potentialAction\":[{\"@type\":\"SearchAction\",\"target\":{\"@type\":\"EntryPoint\",\"urlTemplate\":\"https:\\\/\\\/laboratoiretextile.ca\\\/?s={search_term_string}\"},\"query-input\":{\"@type\":\"PropertyValueSpecification\",\"valueRequired\":true,\"valueName\":\"search_term_string\"}}],\"inLanguage\":\"fr-FR\"},{\"@type\":\"Organization\",\"@id\":\"https:\\\/\\\/laboratoiretextile.ca\\\/#organization\",\"name\":\"Laboratoire Textile\",\"url\":\"https:\\\/\\\/laboratoiretextile.ca\\\/\",\"logo\":{\"@type\":\"ImageObject\",\"inLanguage\":\"fr-FR\",\"@id\":\"https:\\\/\\\/laboratoiretextile.ca\\\/#\\\/schema\\\/logo\\\/image\\\/\",\"url\":\"https:\\\/\\\/laboratoiretextile.ca\\\/wp-content\\\/uploads\\\/2021\\\/11\\\/Laboratoire-Textile-N302-Chevrons-Blanc-02.jpg\",\"contentUrl\":\"https:\\\/\\\/laboratoiretextile.ca\\\/wp-content\\\/uploads\\\/2021\\\/11\\\/Laboratoire-Textile-N302-Chevrons-Blanc-02.jpg\",\"width\":1200,\"height\":1200,\"caption\":\"Laboratoire Textile\"},\"image\":{\"@id\":\"https:\\\/\\\/laboratoiretextile.ca\\\/#\\\/schema\\\/logo\\\/image\\\/\"},\"sameAs\":[\"https:\\\/\\\/fr-fr.facebook.com\\\/LaboratoireTextile\",\"https:\\\/\\\/www.instagram.com\\\/laboratoiretextile\\\/?hl=fr\",\"https:\\\/\\\/www.pinterest.ca\\\/Laboratoiretext\\\/\"]}]}<\/script>\n<!-- \/ Yoast SEO plugin. -->","yoast_head_json":{"title":"Collection Canop\u00e9e - Laboratoire Textile","description":"L'imprim\u00e9 de la Collection Canop\u00e9e s'inspire de l'observation des ombres du feuillage sur une voile d'ombrage par un apr\u00e8s midi d'\u00e9t\u00e9.","robots":{"index":"index","follow":"follow","max-snippet":"max-snippet:-1","max-image-preview":"max-image-preview:large","max-video-preview":"max-video-preview:-1"},"canonical":"https:\/\/laboratoiretextile.ca\/fr\/boutique\/collection-canopee\/","og_locale":"fr_FR","og_type":"article","og_title":"Collection Canop\u00e9e - Laboratoire Textile","og_description":"L'imprim\u00e9 de la Collection Canop\u00e9e s'inspire de l'observation des ombres du feuillage sur une voile d'ombrage par un apr\u00e8s midi d'\u00e9t\u00e9.","og_url":"https:\/\/laboratoiretextile.ca\/fr\/boutique\/collection-canopee\/","og_site_name":"Laboratoire Textile","article_publisher":"https:\/\/fr-fr.facebook.com\/LaboratoireTextile","article_modified_time":"2025-01-07T15:36:10+00:00","og_image":[{"width":1536,"height":2048,"url":"https:\/\/laboratoiretextile.ca\/wp-content\/uploads\/2025\/01\/471628321_896105392512288_848596966296565220_n.jpg","type":"image\/jpeg"}],"twitter_card":"summary_large_image","twitter_misc":{"Dur\u00e9e de lecture estim\u00e9e":"2 minutes"},"schema":{"@context":"https:\/\/schema.org","@graph":[{"@type":"WebPage","@id":"https:\/\/laboratoiretextile.ca\/boutique\/collection-canopee\/","url":"https:\/\/laboratoiretextile.ca\/boutique\/collection-canopee\/","name":"Collection Canop\u00e9e - Laboratoire Textile","isPartOf":{"@id":"https:\/\/laboratoiretextile.ca\/#website"},"primaryImageOfPage":{"@id":"https:\/\/laboratoiretextile.ca\/boutique\/collection-canopee\/#primaryimage"},"image":{"@id":"https:\/\/laboratoiretextile.ca\/boutique\/collection-canopee\/#primaryimage"},"thumbnailUrl":"https:\/\/laboratoiretextile.ca\/wp-content\/uploads\/2025\/01\/471628321_896105392512288_848596966296565220_n.jpg","datePublished":"2025-01-06T21:13:52+00:00","dateModified":"2025-01-07T15:36:10+00:00","description":"L'imprim\u00e9 de la Collection Canop\u00e9e s'inspire de l'observation des ombres du feuillage sur une voile d'ombrage par un apr\u00e8s midi d'\u00e9t\u00e9.","breadcrumb":{"@id":"https:\/\/laboratoiretextile.ca\/boutique\/collection-canopee\/#breadcrumb"},"inLanguage":"fr-FR","potentialAction":[{"@type":"ReadAction","target":["https:\/\/laboratoiretextile.ca\/boutique\/collection-canopee\/"]}]},{"@type":"ImageObject","inLanguage":"fr-FR","@id":"https:\/\/laboratoiretextile.ca\/boutique\/collection-canopee\/#primaryimage","url":"https:\/\/laboratoiretextile.ca\/wp-content\/uploads\/2025\/01\/471628321_896105392512288_848596966296565220_n.jpg","contentUrl":"https:\/\/laboratoiretextile.ca\/wp-content\/uploads\/2025\/01\/471628321_896105392512288_848596966296565220_n.jpg"},{"@type":"BreadcrumbList","@id":"https:\/\/laboratoiretextile.ca\/boutique\/collection-canopee\/#breadcrumb","itemListElement":[{"@type":"ListItem","position":1,"name":"Accueil","item":"https:\/\/laboratoiretextile.ca\/"},{"@type":"ListItem","position":2,"name":"Boutique","item":"https:\/\/laboratoiretextile.ca\/boutique\/"},{"@type":"ListItem","position":3,"name":"Collection Canop\u00e9e"}]},{"@type":"WebSite","@id":"https:\/\/laboratoiretextile.ca\/#website","url":"https:\/\/laboratoiretextile.ca\/","name":"Laboratoire Textile","description":"Plier la lumi\u00e8re","publisher":{"@id":"https:\/\/laboratoiretextile.ca\/#organization"},"potentialAction":[{"@type":"SearchAction","target":{"@type":"EntryPoint","urlTemplate":"https:\/\/laboratoiretextile.ca\/?s={search_term_string}"},"query-input":{"@type":"PropertyValueSpecification","valueRequired":true,"valueName":"search_term_string"}}],"inLanguage":"fr-FR"},{"@type":"Organization","@id":"https:\/\/laboratoiretextile.ca\/#organization","name":"Laboratoire Textile","url":"https:\/\/laboratoiretextile.ca\/","logo":{"@type":"ImageObject","inLanguage":"fr-FR","@id":"https:\/\/laboratoiretextile.ca\/#\/schema\/logo\/image\/","url":"https:\/\/laboratoiretextile.ca\/wp-content\/uploads\/2021\/11\/Laboratoire-Textile-N302-Chevrons-Blanc-02.jpg","contentUrl":"https:\/\/laboratoiretextile.ca\/wp-content\/uploads\/2021\/11\/Laboratoire-Textile-N302-Chevrons-Blanc-02.jpg","width":1200,"height":1200,"caption":"Laboratoire Textile"},"image":{"@id":"https:\/\/laboratoiretextile.ca\/#\/schema\/logo\/image\/"},"sameAs":["https:\/\/fr-fr.facebook.com\/LaboratoireTextile","https:\/\/www.instagram.com\/laboratoiretextile\/?hl=fr","https:\/\/www.pinterest.ca\/Laboratoiretext\/"]}]}},"jetpack_sharing_enabled":true,"_links":{"self":[{"href":"https:\/\/laboratoiretextile.ca\/fr\/wp-json\/wp\/v2\/pages\/4732","targetHints":{"allow":["GET"]}}],"collection":[{"href":"https:\/\/laboratoiretextile.ca\/fr\/wp-json\/wp\/v2\/pages"}],"about":[{"href":"https:\/\/laboratoiretextile.ca\/fr\/wp-json\/wp\/v2\/types\/page"}],"author":[{"embeddable":true,"href":"https:\/\/laboratoiretextile.ca\/fr\/wp-json\/wp\/v2\/users\/1"}],"replies":[{"embeddable":true,"href":"https:\/\/laboratoiretextile.ca\/fr\/wp-json\/wp\/v2\/comments?post=4732"}],"version-history":[{"count":5,"href":"https:\/\/laboratoiretextile.ca\/fr\/wp-json\/wp\/v2\/pages\/4732\/revisions"}],"predecessor-version":[{"id":4771,"href":"https:\/\/laboratoiretextile.ca\/fr\/wp-json\/wp\/v2\/pages\/4732\/revisions\/4771"}],"up":[{"embeddable":true,"href":"https:\/\/laboratoiretextile.ca\/fr\/wp-json\/wp\/v2\/pages\/755"}],"wp:attachment":[{"href":"https:\/\/laboratoiretextile.ca\/fr\/wp-json\/wp\/v2\/media?parent=4732"}],"curies":[{"name":"wp","href":"https:\/\/api.w.org\/{rel}","templated":true}]}}