{"id":4752,"date":"2025-01-06T17:10:23","date_gmt":"2025-01-06T22:10:23","guid":{"rendered":"https:\/\/laboratoiretextile.ca\/?page_id=4752"},"modified":"2025-01-07T11:47:13","modified_gmt":"2025-01-07T16:47:13","slug":"collection-mille-et-un-plis","status":"publish","type":"page","link":"https:\/\/laboratoiretextile.ca\/fr\/boutique\/collection-mille-et-un-plis\/","title":{"rendered":"Collection Mille et un plis"},"content":{"rendered":"\n<div class=\"wp-block-group is-layout-constrained wp-block-group-is-layout-constrained\">\n<div class=\"wp-block-columns alignfull is-layout-flex wp-container-core-columns-is-layout-28f84493 wp-block-columns-is-layout-flex\">\n<div class=\"wp-block-column is-layout-flow wp-block-column-is-layout-flow\" style=\"flex-basis:50%\">\n<figure class=\"wp-block-image size-full\"><img loading=\"lazy\" decoding=\"async\" width=\"1440\" height=\"2560\" src=\"https:\/\/laboratoiretextile.ca\/wp-content\/uploads\/2025\/01\/PXL_20240605_100339483.MP_-scaled.jpg\" alt=\"\" class=\"wp-image-4789\" srcset=\"https:\/\/laboratoiretextile.ca\/wp-content\/uploads\/2025\/01\/PXL_20240605_100339483.MP_-scaled.jpg 1440w, https:\/\/laboratoiretextile.ca\/wp-content\/uploads\/2025\/01\/PXL_20240605_100339483.MP_-169x300.jpg 169w, https:\/\/laboratoiretextile.ca\/wp-content\/uploads\/2025\/01\/PXL_20240605_100339483.MP_-576x1024.jpg 576w, https:\/\/laboratoiretextile.ca\/wp-content\/uploads\/2025\/01\/PXL_20240605_100339483.MP_-768x1365.jpg 768w, https:\/\/laboratoiretextile.ca\/wp-content\/uploads\/2025\/01\/PXL_20240605_100339483.MP_-864x1536.jpg 864w, https:\/\/laboratoiretextile.ca\/wp-content\/uploads\/2025\/01\/PXL_20240605_100339483.MP_-1152x2048.jpg 1152w, https:\/\/laboratoiretextile.ca\/wp-content\/uploads\/2025\/01\/PXL_20240605_100339483.MP_-7x12.jpg 7w, https:\/\/laboratoiretextile.ca\/wp-content\/uploads\/2025\/01\/PXL_20240605_100339483.MP_-500x889.jpg 500w\" sizes=\"auto, (max-width: 1440px) 100vw, 1440px\" \/><\/figure>\n<\/div>\n\n\n\n<div class=\"wp-block-column is-vertically-aligned-stretch has-tertiary-background-color has-background is-layout-flow wp-block-column-is-layout-flow\">\n<div class=\"wp-block-group is-vertical is-content-justification-center is-layout-flex wp-container-core-group-is-layout-b6c1f246 wp-block-group-is-layout-flex\" style=\"min-height:100%\">\n<div class=\"wp-block-group has-tertiary-background-color has-background is-content-justification-center is-layout-constrained wp-container-core-group-is-layout-878ff88c wp-block-group-is-layout-constrained\">\n<div class=\"wp-block-group is-layout-constrained wp-container-core-group-is-layout-e555385e wp-block-group-is-layout-constrained\">\n<p class=\"has-text-align-center\">COLLECTION<\/p>\n\n\n\n<h1 class=\"wp-block-heading has-text-align-center\">Mille et un plis<\/h1>\n<\/div>\n\n\n\n<p><br><em>G\u00e9ologie<\/em> I Une montagne, c&rsquo;est un pli dans le paysage.<\/p>\n\n\n\n<p>Elle se forme lorsque deux plaques de la cro\u00fbte terrestre se rencontre et se chevauchent en plissant la plaque sup\u00e9rieure.<\/p>\n\n\n\n<p>En g\u00e9ologie, on parle de plis droits, plis couch\u00e9s, plis \u00e9tir\u00e9s et plis faill\u00e9s. En pliage, on parle de montagne et de vall\u00e9e selon la direction du pli.<\/p>\n\n\n\n<p>Mes objets sont un territoire dans lequel le regard se perd, une invitation \u00e0 la contemplation.<\/p>\n\n\n\n<p><\/p>\n<\/div>\n<\/div>\n<\/div>\n<\/div>\n\n\n\n<div style=\"height:10vh\" aria-hidden=\"true\" class=\"wp-block-spacer\"><\/div>\n\n\n\n<div class=\"wp-block-group alignwide is-layout-constrained wp-block-group-is-layout-constrained\">\n<div class=\"wp-block-media-text alignwide is-stacked-on-mobile is-vertically-aligned-top\" style=\"grid-template-columns:20% auto\"><figure class=\"wp-block-media-text__media\"><img loading=\"lazy\" decoding=\"async\" width=\"768\" height=\"1024\" src=\"https:\/\/laboratoiretextile.ca\/wp-content\/uploads\/2025\/01\/IMG_0600-768x1024.jpg\" alt=\"\" class=\"wp-image-4767 size-full\" srcset=\"https:\/\/laboratoiretextile.ca\/wp-content\/uploads\/2025\/01\/IMG_0600-768x1024.jpg 768w, https:\/\/laboratoiretextile.ca\/wp-content\/uploads\/2025\/01\/IMG_0600-225x300.jpg 225w, https:\/\/laboratoiretextile.ca\/wp-content\/uploads\/2025\/01\/IMG_0600-1152x1536.jpg 1152w, https:\/\/laboratoiretextile.ca\/wp-content\/uploads\/2025\/01\/IMG_0600-1536x2048.jpg 1536w, https:\/\/laboratoiretextile.ca\/wp-content\/uploads\/2025\/01\/IMG_0600-9x12.jpg 9w, https:\/\/laboratoiretextile.ca\/wp-content\/uploads\/2025\/01\/IMG_0600-500x667.jpg 500w, https:\/\/laboratoiretextile.ca\/wp-content\/uploads\/2025\/01\/IMG_0600-scaled.jpg 1920w\" sizes=\"auto, (max-width: 768px) 100vw, 768px\" \/><\/figure><div class=\"wp-block-media-text__content\">\n<div style=\"height:4rem\" aria-hidden=\"true\" class=\"wp-block-spacer\"><\/div>\n\n\n\n<p>La collection Mille et un plis regroupe toutes les formes des luminaires obtenues. Con\u00e7u dans un environnement o\u00f9 les hivers sont longs, chaque design est soigneusement pens\u00e9 pour s&rsquo;int\u00e9grer harmonieusement dans une multitude d&rsquo;espaces int\u00e9rieurs, offrant une esth\u00e9tique contemporaine et chaleureuse.<\/p>\n\n\n\n<p>Aussi simple soit-elle, l&rsquo;action du pliage permet de cr\u00e9er des formes complexes mettant en avant la puret\u00e9 des lignes, l&rsquo;\u00e9l\u00e9gance de la g\u00e9om\u00e9trie ainsi que les jeux d&rsquo;ombres cr\u00e9\u00e9s par les montagnes et les vall\u00e9es des plis.<\/p>\n<\/div><\/div>\n<\/div>\n\n\n\n<div class=\"wp-block-group alignwide is-layout-grid wp-container-core-group-is-layout-8da69725 wp-block-group-is-layout-grid\">\n<div class=\"wp-block-columns is-layout-flex wp-container-core-columns-is-layout-28f84493 wp-block-columns-is-layout-flex\">\n<div class=\"wp-block-column is-layout-flow wp-block-column-is-layout-flow\" style=\"flex-basis:100%\"><\/div>\n<\/div>\n\n\n\n\n\n<div class=\"wp-block-group has-foreground-background-color has-background wp-container-content-ee860f63 is-vertical is-layout-flex wp-container-core-group-is-layout-fed7e1b2 wp-block-group-is-layout-flex\">\n<p class=\"has-text-align-left has-background-color has-text-color has-link-color wp-elements-1d21bd73638e2e7630df23fa1598af3a\">D\u00e9couvrez toute la Mille et un plis aux lignes pures et \u00e9l\u00e9gantes.<\/p>\n\n\n\n<div class=\"wp-block-buttons is-content-justification-center is-layout-flex wp-container-core-buttons-is-layout-a89b3969 wp-block-buttons-is-layout-flex\">\n<div class=\"wp-block-button has-custom-font-size is-style-outline has-small-font-size is-style-outline--1\"><a class=\"wp-block-button__link has-foreground-color has-background-background-color has-text-color has-background has-link-color wp-element-button\" href=\"https:\/\/laboratoiretextile.ca\/fr\/categorie-produit\/mille-et-un-plis\/\" target=\"_blank\" rel=\"noreferrer noopener\">Voir la collection<\/a><\/div>\n<\/div>\n<\/div>\n\n\n\n<figure class=\"wp-block-image size-large\"><img loading=\"lazy\" decoding=\"async\" width=\"1024\" height=\"1024\" src=\"https:\/\/laboratoiretextile.ca\/wp-content\/uploads\/2024\/02\/Laboratoire-Textile-n690L-07-1024x1024.jpg\" alt=\"Laboratoire Textile - Lampe N690 unie\" class=\"wp-image-3068\" srcset=\"https:\/\/laboratoiretextile.ca\/wp-content\/uploads\/2024\/02\/Laboratoire-Textile-n690L-07-1024x1024.jpg 1024w, https:\/\/laboratoiretextile.ca\/wp-content\/uploads\/2024\/02\/Laboratoire-Textile-n690L-07-500x500.jpg 500w, https:\/\/laboratoiretextile.ca\/wp-content\/uploads\/2024\/02\/Laboratoire-Textile-n690L-07-300x300.jpg 300w, https:\/\/laboratoiretextile.ca\/wp-content\/uploads\/2024\/02\/Laboratoire-Textile-n690L-07-150x150.jpg 150w, https:\/\/laboratoiretextile.ca\/wp-content\/uploads\/2024\/02\/Laboratoire-Textile-n690L-07-768x768.jpg 768w, https:\/\/laboratoiretextile.ca\/wp-content\/uploads\/2024\/02\/Laboratoire-Textile-n690L-07-12x12.jpg 12w, https:\/\/laboratoiretextile.ca\/wp-content\/uploads\/2024\/02\/Laboratoire-Textile-n690L-07.jpg 1200w\" sizes=\"auto, (max-width: 1024px) 100vw, 1024px\" \/><\/figure>\n<\/div>\n\n\n\n<div class=\"wp-block-columns is-layout-flex wp-container-core-columns-is-layout-28f84493 wp-block-columns-is-layout-flex\">\n<div class=\"wp-block-column is-layout-flow wp-block-column-is-layout-flow\" style=\"flex-basis:100%\">\n<div class=\"wp-block-group alignwide is-layout-constrained wp-block-group-is-layout-constrained\"><\/div>\n<\/div>\n<\/div>\n<\/div>\n\n\n\n<div style=\"height:8vh\" aria-hidden=\"true\" class=\"wp-block-spacer\"><\/div>\n\n\n\n<div class=\"wp-block-group has-background-background-color has-background is-layout-flow wp-block-group-is-layout-flow\">\n<div class=\"wp-block-cover alignfull is-light\" style=\"min-height:500px;aspect-ratio:unset;\"><span aria-hidden=\"true\" class=\"wp-block-cover__background has-background-dim-0 has-background-dim\"><\/span><img loading=\"lazy\" decoding=\"async\" width=\"1024\" height=\"1024\" class=\"wp-block-cover__image-background wp-image-1909\" alt=\"Laboratoire Textile - Collection \u00c9clipse\" src=\"https:\/\/laboratoiretextile.ca\/wp-content\/uploads\/2023\/04\/IMG_20221129_111214_982-1024x1024.webp\" data-object-fit=\"cover\" srcset=\"https:\/\/laboratoiretextile.ca\/wp-content\/uploads\/2023\/04\/IMG_20221129_111214_982-1024x1024.webp 1024w, https:\/\/laboratoiretextile.ca\/wp-content\/uploads\/2023\/04\/IMG_20221129_111214_982-500x500.webp 500w, https:\/\/laboratoiretextile.ca\/wp-content\/uploads\/2023\/04\/IMG_20221129_111214_982-300x300.webp 300w, https:\/\/laboratoiretextile.ca\/wp-content\/uploads\/2023\/04\/IMG_20221129_111214_982-150x150.webp 150w, https:\/\/laboratoiretextile.ca\/wp-content\/uploads\/2023\/04\/IMG_20221129_111214_982-768x768.webp 768w, https:\/\/laboratoiretextile.ca\/wp-content\/uploads\/2023\/04\/IMG_20221129_111214_982-12x12.webp 12w, https:\/\/laboratoiretextile.ca\/wp-content\/uploads\/2023\/04\/IMG_20221129_111214_982-200x200.webp 200w, https:\/\/laboratoiretextile.ca\/wp-content\/uploads\/2023\/04\/IMG_20221129_111214_982.webp 1440w\" sizes=\"auto, (max-width: 1024px) 100vw, 1024px\" \/><div class=\"wp-block-cover__inner-container is-layout-flow wp-block-cover-is-layout-flow\">\n<p class=\"has-text-align-center has-large-font-size\"><\/p>\n<\/div><\/div>\n<\/div>\n","protected":false},"excerpt":{"rendered":"<p>COLLECTION Mille et un plis G\u00e9ologie I Une montagne, c&rsquo;est un pli dans le paysage. Elle se forme lorsque deux plaques de la cro\u00fbte terrestre se rencontre et se chevauchent en plissant la plaque sup\u00e9rieure. En g\u00e9ologie, on parle de plis droits, plis couch\u00e9s, plis \u00e9tir\u00e9s et plis faill\u00e9s. En pliage, on parle de montagne [&hellip;]<\/p>\n","protected":false},"author":1,"featured_media":0,"parent":755,"menu_order":4,"comment_status":"closed","ping_status":"closed","template":"page-no-title","meta":{"iawp_total_views":12,"footnotes":""},"class_list":["post-4752","page","type-page","status-publish","hentry"],"yoast_head":"<!-- This site is optimized with the Yoast SEO plugin v27.4 - https:\/\/yoast.com\/product\/yoast-seo-wordpress\/ -->\n<title>Collection Mille et un plis - Laboratoire Textile<\/title>\n<meta name=\"robots\" content=\"index, follow, max-snippet:-1, max-image-preview:large, max-video-preview:-1\" \/>\n<link rel=\"canonical\" href=\"https:\/\/laboratoiretextile.ca\/fr\/boutique\/collection-mille-et-un-plis\/\" \/>\n<meta property=\"og:locale\" content=\"fr_FR\" \/>\n<meta property=\"og:type\" content=\"article\" \/>\n<meta property=\"og:title\" content=\"Collection Mille et un plis - Laboratoire Textile\" \/>\n<meta property=\"og:description\" content=\"COLLECTION Mille et un plis G\u00e9ologie I Une montagne, c&rsquo;est un pli dans le paysage. Elle se forme lorsque deux plaques de la cro\u00fbte terrestre se rencontre et se chevauchent en plissant la plaque sup\u00e9rieure. En g\u00e9ologie, on parle de plis droits, plis couch\u00e9s, plis \u00e9tir\u00e9s et plis faill\u00e9s. En pliage, on parle de montagne [&hellip;]\" \/>\n<meta property=\"og:url\" content=\"https:\/\/laboratoiretextile.ca\/fr\/boutique\/collection-mille-et-un-plis\/\" \/>\n<meta property=\"og:site_name\" content=\"Laboratoire Textile\" \/>\n<meta property=\"article:publisher\" content=\"https:\/\/fr-fr.facebook.com\/LaboratoireTextile\" \/>\n<meta property=\"article:modified_time\" content=\"2025-01-07T16:47:13+00:00\" \/>\n<meta property=\"og:image\" content=\"https:\/\/laboratoiretextile.ca\/wp-content\/uploads\/2025\/01\/PXL_20240605_100339483.MP_-scaled.jpg\" \/>\n\t<meta property=\"og:image:width\" content=\"1440\" \/>\n\t<meta property=\"og:image:height\" content=\"2560\" \/>\n\t<meta property=\"og:image:type\" content=\"image\/jpeg\" \/>\n<meta name=\"twitter:card\" content=\"summary_large_image\" \/>\n<meta name=\"twitter:label1\" content=\"Dur\u00e9e de lecture estim\u00e9e\" \/>\n\t<meta name=\"twitter:data1\" content=\"3 minutes\" \/>\n<script type=\"application\/ld+json\" class=\"yoast-schema-graph\">{\"@context\":\"https:\\\/\\\/schema.org\",\"@graph\":[{\"@type\":\"WebPage\",\"@id\":\"https:\\\/\\\/laboratoiretextile.ca\\\/boutique\\\/collection-mille-et-un-plis\\\/\",\"url\":\"https:\\\/\\\/laboratoiretextile.ca\\\/boutique\\\/collection-mille-et-un-plis\\\/\",\"name\":\"Collection Mille et un plis - Laboratoire Textile\",\"isPartOf\":{\"@id\":\"https:\\\/\\\/laboratoiretextile.ca\\\/#website\"},\"primaryImageOfPage\":{\"@id\":\"https:\\\/\\\/laboratoiretextile.ca\\\/boutique\\\/collection-mille-et-un-plis\\\/#primaryimage\"},\"image\":{\"@id\":\"https:\\\/\\\/laboratoiretextile.ca\\\/boutique\\\/collection-mille-et-un-plis\\\/#primaryimage\"},\"thumbnailUrl\":\"https:\\\/\\\/laboratoiretextile.ca\\\/wp-content\\\/uploads\\\/2025\\\/01\\\/PXL_20240605_100339483.MP_-scaled.jpg\",\"datePublished\":\"2025-01-06T22:10:23+00:00\",\"dateModified\":\"2025-01-07T16:47:13+00:00\",\"breadcrumb\":{\"@id\":\"https:\\\/\\\/laboratoiretextile.ca\\\/boutique\\\/collection-mille-et-un-plis\\\/#breadcrumb\"},\"inLanguage\":\"fr-FR\",\"potentialAction\":[{\"@type\":\"ReadAction\",\"target\":[\"https:\\\/\\\/laboratoiretextile.ca\\\/boutique\\\/collection-mille-et-un-plis\\\/\"]}]},{\"@type\":\"ImageObject\",\"inLanguage\":\"fr-FR\",\"@id\":\"https:\\\/\\\/laboratoiretextile.ca\\\/boutique\\\/collection-mille-et-un-plis\\\/#primaryimage\",\"url\":\"https:\\\/\\\/laboratoiretextile.ca\\\/wp-content\\\/uploads\\\/2025\\\/01\\\/PXL_20240605_100339483.MP_-scaled.jpg\",\"contentUrl\":\"https:\\\/\\\/laboratoiretextile.ca\\\/wp-content\\\/uploads\\\/2025\\\/01\\\/PXL_20240605_100339483.MP_-scaled.jpg\"},{\"@type\":\"BreadcrumbList\",\"@id\":\"https:\\\/\\\/laboratoiretextile.ca\\\/boutique\\\/collection-mille-et-un-plis\\\/#breadcrumb\",\"itemListElement\":[{\"@type\":\"ListItem\",\"position\":1,\"name\":\"Accueil\",\"item\":\"https:\\\/\\\/laboratoiretextile.ca\\\/\"},{\"@type\":\"ListItem\",\"position\":2,\"name\":\"Boutique\",\"item\":\"https:\\\/\\\/laboratoiretextile.ca\\\/boutique\\\/\"},{\"@type\":\"ListItem\",\"position\":3,\"name\":\"Collection Mille et un plis\"}]},{\"@type\":\"WebSite\",\"@id\":\"https:\\\/\\\/laboratoiretextile.ca\\\/#website\",\"url\":\"https:\\\/\\\/laboratoiretextile.ca\\\/\",\"name\":\"Laboratoire Textile\",\"description\":\"Plier la lumi\u00e8re\",\"publisher\":{\"@id\":\"https:\\\/\\\/laboratoiretextile.ca\\\/#organization\"},\"potentialAction\":[{\"@type\":\"SearchAction\",\"target\":{\"@type\":\"EntryPoint\",\"urlTemplate\":\"https:\\\/\\\/laboratoiretextile.ca\\\/?s={search_term_string}\"},\"query-input\":{\"@type\":\"PropertyValueSpecification\",\"valueRequired\":true,\"valueName\":\"search_term_string\"}}],\"inLanguage\":\"fr-FR\"},{\"@type\":\"Organization\",\"@id\":\"https:\\\/\\\/laboratoiretextile.ca\\\/#organization\",\"name\":\"Laboratoire Textile\",\"url\":\"https:\\\/\\\/laboratoiretextile.ca\\\/\",\"logo\":{\"@type\":\"ImageObject\",\"inLanguage\":\"fr-FR\",\"@id\":\"https:\\\/\\\/laboratoiretextile.ca\\\/#\\\/schema\\\/logo\\\/image\\\/\",\"url\":\"https:\\\/\\\/laboratoiretextile.ca\\\/wp-content\\\/uploads\\\/2021\\\/11\\\/Laboratoire-Textile-N302-Chevrons-Blanc-02.jpg\",\"contentUrl\":\"https:\\\/\\\/laboratoiretextile.ca\\\/wp-content\\\/uploads\\\/2021\\\/11\\\/Laboratoire-Textile-N302-Chevrons-Blanc-02.jpg\",\"width\":1200,\"height\":1200,\"caption\":\"Laboratoire Textile\"},\"image\":{\"@id\":\"https:\\\/\\\/laboratoiretextile.ca\\\/#\\\/schema\\\/logo\\\/image\\\/\"},\"sameAs\":[\"https:\\\/\\\/fr-fr.facebook.com\\\/LaboratoireTextile\",\"https:\\\/\\\/www.instagram.com\\\/laboratoiretextile\\\/?hl=fr\",\"https:\\\/\\\/www.pinterest.ca\\\/Laboratoiretext\\\/\"]}]}<\/script>\n<!-- \/ Yoast SEO plugin. -->","yoast_head_json":{"title":"Collection Mille et un plis - Laboratoire Textile","robots":{"index":"index","follow":"follow","max-snippet":"max-snippet:-1","max-image-preview":"max-image-preview:large","max-video-preview":"max-video-preview:-1"},"canonical":"https:\/\/laboratoiretextile.ca\/fr\/boutique\/collection-mille-et-un-plis\/","og_locale":"fr_FR","og_type":"article","og_title":"Collection Mille et un plis - Laboratoire Textile","og_description":"COLLECTION Mille et un plis G\u00e9ologie I Une montagne, c&rsquo;est un pli dans le paysage. Elle se forme lorsque deux plaques de la cro\u00fbte terrestre se rencontre et se chevauchent en plissant la plaque sup\u00e9rieure. En g\u00e9ologie, on parle de plis droits, plis couch\u00e9s, plis \u00e9tir\u00e9s et plis faill\u00e9s. En pliage, on parle de montagne [&hellip;]","og_url":"https:\/\/laboratoiretextile.ca\/fr\/boutique\/collection-mille-et-un-plis\/","og_site_name":"Laboratoire Textile","article_publisher":"https:\/\/fr-fr.facebook.com\/LaboratoireTextile","article_modified_time":"2025-01-07T16:47:13+00:00","og_image":[{"width":1440,"height":2560,"url":"https:\/\/laboratoiretextile.ca\/wp-content\/uploads\/2025\/01\/PXL_20240605_100339483.MP_-scaled.jpg","type":"image\/jpeg"}],"twitter_card":"summary_large_image","twitter_misc":{"Dur\u00e9e de lecture estim\u00e9e":"3 minutes"},"schema":{"@context":"https:\/\/schema.org","@graph":[{"@type":"WebPage","@id":"https:\/\/laboratoiretextile.ca\/boutique\/collection-mille-et-un-plis\/","url":"https:\/\/laboratoiretextile.ca\/boutique\/collection-mille-et-un-plis\/","name":"Collection Mille et un plis - Laboratoire Textile","isPartOf":{"@id":"https:\/\/laboratoiretextile.ca\/#website"},"primaryImageOfPage":{"@id":"https:\/\/laboratoiretextile.ca\/boutique\/collection-mille-et-un-plis\/#primaryimage"},"image":{"@id":"https:\/\/laboratoiretextile.ca\/boutique\/collection-mille-et-un-plis\/#primaryimage"},"thumbnailUrl":"https:\/\/laboratoiretextile.ca\/wp-content\/uploads\/2025\/01\/PXL_20240605_100339483.MP_-scaled.jpg","datePublished":"2025-01-06T22:10:23+00:00","dateModified":"2025-01-07T16:47:13+00:00","breadcrumb":{"@id":"https:\/\/laboratoiretextile.ca\/boutique\/collection-mille-et-un-plis\/#breadcrumb"},"inLanguage":"fr-FR","potentialAction":[{"@type":"ReadAction","target":["https:\/\/laboratoiretextile.ca\/boutique\/collection-mille-et-un-plis\/"]}]},{"@type":"ImageObject","inLanguage":"fr-FR","@id":"https:\/\/laboratoiretextile.ca\/boutique\/collection-mille-et-un-plis\/#primaryimage","url":"https:\/\/laboratoiretextile.ca\/wp-content\/uploads\/2025\/01\/PXL_20240605_100339483.MP_-scaled.jpg","contentUrl":"https:\/\/laboratoiretextile.ca\/wp-content\/uploads\/2025\/01\/PXL_20240605_100339483.MP_-scaled.jpg"},{"@type":"BreadcrumbList","@id":"https:\/\/laboratoiretextile.ca\/boutique\/collection-mille-et-un-plis\/#breadcrumb","itemListElement":[{"@type":"ListItem","position":1,"name":"Accueil","item":"https:\/\/laboratoiretextile.ca\/"},{"@type":"ListItem","position":2,"name":"Boutique","item":"https:\/\/laboratoiretextile.ca\/boutique\/"},{"@type":"ListItem","position":3,"name":"Collection Mille et un plis"}]},{"@type":"WebSite","@id":"https:\/\/laboratoiretextile.ca\/#website","url":"https:\/\/laboratoiretextile.ca\/","name":"Laboratoire Textile","description":"Plier la lumi\u00e8re","publisher":{"@id":"https:\/\/laboratoiretextile.ca\/#organization"},"potentialAction":[{"@type":"SearchAction","target":{"@type":"EntryPoint","urlTemplate":"https:\/\/laboratoiretextile.ca\/?s={search_term_string}"},"query-input":{"@type":"PropertyValueSpecification","valueRequired":true,"valueName":"search_term_string"}}],"inLanguage":"fr-FR"},{"@type":"Organization","@id":"https:\/\/laboratoiretextile.ca\/#organization","name":"Laboratoire Textile","url":"https:\/\/laboratoiretextile.ca\/","logo":{"@type":"ImageObject","inLanguage":"fr-FR","@id":"https:\/\/laboratoiretextile.ca\/#\/schema\/logo\/image\/","url":"https:\/\/laboratoiretextile.ca\/wp-content\/uploads\/2021\/11\/Laboratoire-Textile-N302-Chevrons-Blanc-02.jpg","contentUrl":"https:\/\/laboratoiretextile.ca\/wp-content\/uploads\/2021\/11\/Laboratoire-Textile-N302-Chevrons-Blanc-02.jpg","width":1200,"height":1200,"caption":"Laboratoire Textile"},"image":{"@id":"https:\/\/laboratoiretextile.ca\/#\/schema\/logo\/image\/"},"sameAs":["https:\/\/fr-fr.facebook.com\/LaboratoireTextile","https:\/\/www.instagram.com\/laboratoiretextile\/?hl=fr","https:\/\/www.pinterest.ca\/Laboratoiretext\/"]}]}},"jetpack_sharing_enabled":true,"_links":{"self":[{"href":"https:\/\/laboratoiretextile.ca\/fr\/wp-json\/wp\/v2\/pages\/4752","targetHints":{"allow":["GET"]}}],"collection":[{"href":"https:\/\/laboratoiretextile.ca\/fr\/wp-json\/wp\/v2\/pages"}],"about":[{"href":"https:\/\/laboratoiretextile.ca\/fr\/wp-json\/wp\/v2\/types\/page"}],"author":[{"embeddable":true,"href":"https:\/\/laboratoiretextile.ca\/fr\/wp-json\/wp\/v2\/users\/1"}],"replies":[{"embeddable":true,"href":"https:\/\/laboratoiretextile.ca\/fr\/wp-json\/wp\/v2\/comments?post=4752"}],"version-history":[{"count":17,"href":"https:\/\/laboratoiretextile.ca\/fr\/wp-json\/wp\/v2\/pages\/4752\/revisions"}],"predecessor-version":[{"id":4801,"href":"https:\/\/laboratoiretextile.ca\/fr\/wp-json\/wp\/v2\/pages\/4752\/revisions\/4801"}],"up":[{"embeddable":true,"href":"https:\/\/laboratoiretextile.ca\/fr\/wp-json\/wp\/v2\/pages\/755"}],"wp:attachment":[{"href":"https:\/\/laboratoiretextile.ca\/fr\/wp-json\/wp\/v2\/media?parent=4752"}],"curies":[{"name":"wp","href":"https:\/\/api.w.org\/{rel}","templated":true}]}}