{"id":756,"date":"2021-08-15T13:19:52","date_gmt":"2021-08-15T17:19:52","guid":{"rendered":"https:\/\/laboratoiretextile.ca\/panier\/"},"modified":"2025-05-17T12:24:39","modified_gmt":"2025-05-17T16:24:39","slug":"panier","status":"publish","type":"page","link":"https:\/\/laboratoiretextile.ca\/fr\/panier\/","title":{"rendered":"Panier"},"content":{"rendered":"\n<div class=\"wp-block-group alignwide is-layout-flow wp-block-group-is-layout-flow\">\n<div style=\"height:40px\" aria-hidden=\"true\" class=\"wp-block-spacer\"><\/div>\n\n\n\n<h1 class=\"wp-block-heading\" style=\"font-size:3.25rem\">Mon panier<\/h1>\n\n\n\n<hr class=\"wp-block-separator has-text-color has-foreground-color has-alpha-channel-opacity has-foreground-background-color has-background is-style-wide\"\/>\n\n\n\n<div style=\"height:1em\" aria-hidden=\"true\" class=\"wp-block-spacer\"><\/div>\n\n\n\n\n\n\n<div style=\"height:50px\" aria-hidden=\"true\" class=\"wp-block-spacer\"><\/div>\n\n\n\n<p class=\"has-text-align-left\"><strong>* N.B: lampes exp\u00e9dition internationale: <a href=\"https:\/\/laboratoiretextile.ca\/fr\/contact\/\" target=\"_blank\" rel=\"noreferrer noopener\">contactez-nous<\/a> pour obtenir une soumission.<\/strong><\/p>\n\n\n\n<p class=\"has-text-align-left\"><strong>Les articles sold\u00e9s ne sont ni \u00e9changeables ni remboursables.<\/strong><\/p>\n\n\n\n<p>Votre num\u00e9ro de suivi vous sera envoy\u00e9 par courriel d\u00e8s que votre commande sera pr\u00eate.<\/p>\n\n\n\n<p><\/p>\n<\/div>\n\n\n\n<p><\/p>\n","protected":false},"excerpt":{"rendered":"<p>Mon panier * N.B: lampes exp\u00e9dition internationale: contactez-nous pour obtenir une soumission. Les articles sold\u00e9s ne sont ni \u00e9changeables ni remboursables. Votre num\u00e9ro de suivi vous sera envoy\u00e9 par courriel d\u00e8s que votre commande sera pr\u00eate.<\/p>\n","protected":false},"author":1,"featured_media":0,"parent":0,"menu_order":8,"comment_status":"closed","ping_status":"closed","template":"page-no-separators","meta":{"iawp_total_views":37,"footnotes":""},"class_list":["post-756","page","type-page","status-publish","hentry"],"yoast_head":"<!-- This site is optimized with the Yoast SEO plugin v27.4 - https:\/\/yoast.com\/product\/yoast-seo-wordpress\/ -->\n<title>Panier - Laboratoire Textile<\/title>\n<meta name=\"description\" content=\"La boutique en ligne Laboratoire Textile propose une gamme de luminaires contemporains. Consultez votre panier pour finaliser vos achats.\" \/>\n<meta name=\"robots\" content=\"index, follow, max-snippet:-1, max-image-preview:large, max-video-preview:-1\" \/>\n<link rel=\"canonical\" href=\"https:\/\/laboratoiretextile.ca\/fr\/panier\/\" \/>\n<meta property=\"og:locale\" content=\"fr_FR\" \/>\n<meta property=\"og:type\" content=\"article\" \/>\n<meta property=\"og:title\" content=\"Panier - Laboratoire Textile\" \/>\n<meta property=\"og:description\" content=\"La boutique en ligne Laboratoire Textile propose une gamme de luminaires contemporains. Consultez votre panier pour finaliser vos achats.\" \/>\n<meta property=\"og:url\" content=\"https:\/\/laboratoiretextile.ca\/fr\/panier\/\" \/>\n<meta property=\"og:site_name\" content=\"Laboratoire Textile\" \/>\n<meta property=\"article:publisher\" content=\"https:\/\/fr-fr.facebook.com\/LaboratoireTextile\" \/>\n<meta property=\"article:modified_time\" content=\"2025-05-17T16:24:39+00:00\" \/>\n<meta name=\"twitter:card\" content=\"summary_large_image\" \/>\n<meta name=\"twitter:label1\" content=\"Dur\u00e9e de lecture estim\u00e9e\" \/>\n\t<meta name=\"twitter:data1\" content=\"1 minute\" \/>\n<script type=\"application\/ld+json\" class=\"yoast-schema-graph\">{\"@context\":\"https:\\\/\\\/schema.org\",\"@graph\":[{\"@type\":[\"WebPage\",\"CheckoutPage\"],\"@id\":\"https:\\\/\\\/laboratoiretextile.ca\\\/panier\\\/\",\"url\":\"https:\\\/\\\/laboratoiretextile.ca\\\/panier\\\/\",\"name\":\"Panier - Laboratoire Textile\",\"isPartOf\":{\"@id\":\"https:\\\/\\\/laboratoiretextile.ca\\\/#website\"},\"datePublished\":\"2021-08-15T17:19:52+00:00\",\"dateModified\":\"2025-05-17T16:24:39+00:00\",\"description\":\"La boutique en ligne Laboratoire Textile propose une gamme de luminaires contemporains. Consultez votre panier pour finaliser vos achats.\",\"breadcrumb\":{\"@id\":\"https:\\\/\\\/laboratoiretextile.ca\\\/panier\\\/#breadcrumb\"},\"inLanguage\":\"fr-FR\",\"potentialAction\":[{\"@type\":\"ReadAction\",\"target\":[\"https:\\\/\\\/laboratoiretextile.ca\\\/panier\\\/\"]}]},{\"@type\":\"BreadcrumbList\",\"@id\":\"https:\\\/\\\/laboratoiretextile.ca\\\/panier\\\/#breadcrumb\",\"itemListElement\":[{\"@type\":\"ListItem\",\"position\":1,\"name\":\"Accueil\",\"item\":\"https:\\\/\\\/laboratoiretextile.ca\\\/\"},{\"@type\":\"ListItem\",\"position\":2,\"name\":\"Panier\"}]},{\"@type\":\"WebSite\",\"@id\":\"https:\\\/\\\/laboratoiretextile.ca\\\/#website\",\"url\":\"https:\\\/\\\/laboratoiretextile.ca\\\/\",\"name\":\"Laboratoire Textile\",\"description\":\"Plier la lumi\u00e8re\",\"publisher\":{\"@id\":\"https:\\\/\\\/laboratoiretextile.ca\\\/#organization\"},\"potentialAction\":[{\"@type\":\"SearchAction\",\"target\":{\"@type\":\"EntryPoint\",\"urlTemplate\":\"https:\\\/\\\/laboratoiretextile.ca\\\/?s={search_term_string}\"},\"query-input\":{\"@type\":\"PropertyValueSpecification\",\"valueRequired\":true,\"valueName\":\"search_term_string\"}}],\"inLanguage\":\"fr-FR\"},{\"@type\":\"Organization\",\"@id\":\"https:\\\/\\\/laboratoiretextile.ca\\\/#organization\",\"name\":\"Laboratoire Textile\",\"url\":\"https:\\\/\\\/laboratoiretextile.ca\\\/\",\"logo\":{\"@type\":\"ImageObject\",\"inLanguage\":\"fr-FR\",\"@id\":\"https:\\\/\\\/laboratoiretextile.ca\\\/#\\\/schema\\\/logo\\\/image\\\/\",\"url\":\"https:\\\/\\\/laboratoiretextile.ca\\\/wp-content\\\/uploads\\\/2021\\\/11\\\/Laboratoire-Textile-N302-Chevrons-Blanc-02.jpg\",\"contentUrl\":\"https:\\\/\\\/laboratoiretextile.ca\\\/wp-content\\\/uploads\\\/2021\\\/11\\\/Laboratoire-Textile-N302-Chevrons-Blanc-02.jpg\",\"width\":1200,\"height\":1200,\"caption\":\"Laboratoire Textile\"},\"image\":{\"@id\":\"https:\\\/\\\/laboratoiretextile.ca\\\/#\\\/schema\\\/logo\\\/image\\\/\"},\"sameAs\":[\"https:\\\/\\\/fr-fr.facebook.com\\\/LaboratoireTextile\",\"https:\\\/\\\/www.instagram.com\\\/laboratoiretextile\\\/?hl=fr\",\"https:\\\/\\\/www.pinterest.ca\\\/Laboratoiretext\\\/\"]}]}<\/script>\n<!-- \/ Yoast SEO plugin. -->","yoast_head_json":{"title":"Panier - Laboratoire Textile","description":"La boutique en ligne Laboratoire Textile propose une gamme de luminaires contemporains. Consultez votre panier pour finaliser vos achats.","robots":{"index":"index","follow":"follow","max-snippet":"max-snippet:-1","max-image-preview":"max-image-preview:large","max-video-preview":"max-video-preview:-1"},"canonical":"https:\/\/laboratoiretextile.ca\/fr\/panier\/","og_locale":"fr_FR","og_type":"article","og_title":"Panier - Laboratoire Textile","og_description":"La boutique en ligne Laboratoire Textile propose une gamme de luminaires contemporains. Consultez votre panier pour finaliser vos achats.","og_url":"https:\/\/laboratoiretextile.ca\/fr\/panier\/","og_site_name":"Laboratoire Textile","article_publisher":"https:\/\/fr-fr.facebook.com\/LaboratoireTextile","article_modified_time":"2025-05-17T16:24:39+00:00","twitter_card":"summary_large_image","twitter_misc":{"Dur\u00e9e de lecture estim\u00e9e":"1 minute"},"schema":{"@context":"https:\/\/schema.org","@graph":[{"@type":["WebPage","CheckoutPage"],"@id":"https:\/\/laboratoiretextile.ca\/panier\/","url":"https:\/\/laboratoiretextile.ca\/panier\/","name":"Panier - Laboratoire Textile","isPartOf":{"@id":"https:\/\/laboratoiretextile.ca\/#website"},"datePublished":"2021-08-15T17:19:52+00:00","dateModified":"2025-05-17T16:24:39+00:00","description":"La boutique en ligne Laboratoire Textile propose une gamme de luminaires contemporains. Consultez votre panier pour finaliser vos achats.","breadcrumb":{"@id":"https:\/\/laboratoiretextile.ca\/panier\/#breadcrumb"},"inLanguage":"fr-FR","potentialAction":[{"@type":"ReadAction","target":["https:\/\/laboratoiretextile.ca\/panier\/"]}]},{"@type":"BreadcrumbList","@id":"https:\/\/laboratoiretextile.ca\/panier\/#breadcrumb","itemListElement":[{"@type":"ListItem","position":1,"name":"Accueil","item":"https:\/\/laboratoiretextile.ca\/"},{"@type":"ListItem","position":2,"name":"Panier"}]},{"@type":"WebSite","@id":"https:\/\/laboratoiretextile.ca\/#website","url":"https:\/\/laboratoiretextile.ca\/","name":"Laboratoire Textile","description":"Plier la lumi\u00e8re","publisher":{"@id":"https:\/\/laboratoiretextile.ca\/#organization"},"potentialAction":[{"@type":"SearchAction","target":{"@type":"EntryPoint","urlTemplate":"https:\/\/laboratoiretextile.ca\/?s={search_term_string}"},"query-input":{"@type":"PropertyValueSpecification","valueRequired":true,"valueName":"search_term_string"}}],"inLanguage":"fr-FR"},{"@type":"Organization","@id":"https:\/\/laboratoiretextile.ca\/#organization","name":"Laboratoire Textile","url":"https:\/\/laboratoiretextile.ca\/","logo":{"@type":"ImageObject","inLanguage":"fr-FR","@id":"https:\/\/laboratoiretextile.ca\/#\/schema\/logo\/image\/","url":"https:\/\/laboratoiretextile.ca\/wp-content\/uploads\/2021\/11\/Laboratoire-Textile-N302-Chevrons-Blanc-02.jpg","contentUrl":"https:\/\/laboratoiretextile.ca\/wp-content\/uploads\/2021\/11\/Laboratoire-Textile-N302-Chevrons-Blanc-02.jpg","width":1200,"height":1200,"caption":"Laboratoire Textile"},"image":{"@id":"https:\/\/laboratoiretextile.ca\/#\/schema\/logo\/image\/"},"sameAs":["https:\/\/fr-fr.facebook.com\/LaboratoireTextile","https:\/\/www.instagram.com\/laboratoiretextile\/?hl=fr","https:\/\/www.pinterest.ca\/Laboratoiretext\/"]}]}},"jetpack_sharing_enabled":true,"_links":{"self":[{"href":"https:\/\/laboratoiretextile.ca\/fr\/wp-json\/wp\/v2\/pages\/756","targetHints":{"allow":["GET"]}}],"collection":[{"href":"https:\/\/laboratoiretextile.ca\/fr\/wp-json\/wp\/v2\/pages"}],"about":[{"href":"https:\/\/laboratoiretextile.ca\/fr\/wp-json\/wp\/v2\/types\/page"}],"author":[{"embeddable":true,"href":"https:\/\/laboratoiretextile.ca\/fr\/wp-json\/wp\/v2\/users\/1"}],"replies":[{"embeddable":true,"href":"https:\/\/laboratoiretextile.ca\/fr\/wp-json\/wp\/v2\/comments?post=756"}],"version-history":[{"count":23,"href":"https:\/\/laboratoiretextile.ca\/fr\/wp-json\/wp\/v2\/pages\/756\/revisions"}],"predecessor-version":[{"id":4947,"href":"https:\/\/laboratoiretextile.ca\/fr\/wp-json\/wp\/v2\/pages\/756\/revisions\/4947"}],"wp:attachment":[{"href":"https:\/\/laboratoiretextile.ca\/fr\/wp-json\/wp\/v2\/media?parent=756"}],"curies":[{"name":"wp","href":"https:\/\/api.w.org\/{rel}","templated":true}]}}