{"id":1421,"date":"2025-07-07T12:32:44","date_gmt":"2025-07-07T16:32:44","guid":{"rendered":"https:\/\/laboratoiretextile.ca\/?post_type=product&#038;p=1421"},"modified":"2026-01-20T18:06:48","modified_gmt":"2026-01-20T23:06:48","slug":"n135-unie","status":"publish","type":"product","link":"https:\/\/laboratoiretextile.ca\/fr\/boutique\/n135-unie\/","title":{"rendered":"n\u00b0135"},"content":{"rendered":"<p class=\"p1\"><span class=\"JsGRdQ\">Premier mod\u00e8le de la collection Mille et un plis, la lampe N\u00b0135 incarne l&rsquo;essence de la d\u00e9marche de Laboratoire Textile. <\/span><\/p>\n<p class=\"p1\"><span class=\"JsGRdQ\">Enti\u00e8rement fabriqu\u00e9e \u00e0 la main, cette lampe \u00e0 la silhouette g\u00e9om\u00e9trique compos\u00e9e de 135 plis s&rsquo;inspire du design nordique, c\u00e9l\u00e8bre pour ses lignes \u00e9pur\u00e9es et le go\u00fbt des formes simples.<\/span><\/p>\n<p class=\"p1\"><span class=\"JsGRdQ\">Elle apporte une touche graphique et \u00e9l\u00e9gante dans toutes les pi\u00e8ces de la maison gr\u00e2ce \u00e0 ses lignes minimalistes. <\/span>Pi\u00e8ce centrale ou luminaire d&rsquo;appoint, elle trouve sa place aussi bien dans le salon comme lampe de lecture que comme lampe de chevet dans la chambre o\u00f9 elle diffuse une lumi\u00e8re douce et chaleureuse.<\/p>\n<p><em>*Exp\u00e9dition internationale: <a href=\"https:\/\/laboratoiretextile.ca\/fr\/contact\/\">contactez-nous<\/a> pour obtenir une soumission des tarifs d&rsquo;exp\u00e9dition.<\/em><\/p>\n<p>&nbsp;<\/p>\n","protected":false},"excerpt":{"rendered":"<p class=\"p1\"><span class=\"JsGRdQ\">Cette lampe \u00e0 la silhouette g\u00e9om\u00e9trique et au style minimaliste apportera une touche graphique et chaleureuse dans toutes les pi\u00e8ces de la maison.<\/span><\/p>\n<p>Pi\u00e8ce centrale ou luminaire d&rsquo;appoint, elle trouvera sa place aussi bien dans le salon comme lampe de lecture que comme lampe de chevet dans la chambre.<\/p>\n<p>&nbsp;<\/p>\n","protected":false},"featured_media":1997,"template":"","meta":{"iawp_total_views":147},"product_brand":[],"product_cat":[260,174,218],"product_tag":[95,57,62,58,59,94,60,220],"class_list":{"0":"post-1421","1":"product","2":"type-product","3":"status-publish","4":"has-post-thumbnail","6":"product_cat-lampes","7":"product_cat-mille-et-un-plis","8":"product_cat-unie","9":"product_tag-ecoresponsable","10":"product_tag-laboratoire-textile","11":"product_tag-lampshade","12":"product_tag-lucie-leroux","13":"product_tag-luminaire","14":"product_tag-montreal","15":"product_tag-origami","16":"product_tag-unie","17":"product_shipping_class-livraison-gratuite","19":"first","20":"instock","21":"taxable","22":"shipping-taxable","23":"purchasable","24":"product-type-simple"},"yoast_head":"<!-- This site is optimized with the Yoast SEO plugin v27.4 - https:\/\/yoast.com\/product\/yoast-seo-wordpress\/ -->\n<title>n\u00b0135 - Laboratoire Textile<\/title>\n<meta name=\"description\" content=\"Cette lampe \u00e0 la silhouette g\u00e9om\u00e9trique apportera une touche graphique et chaleureuse dans toutes les pi\u00e8ces de la maison.\" \/>\n<meta name=\"robots\" content=\"index, follow, max-snippet:-1, max-image-preview:large, max-video-preview:-1\" \/>\n<link rel=\"canonical\" href=\"https:\/\/laboratoiretextile.ca\/fr\/boutique\/n135-unie\/\" \/>\n<meta property=\"og:locale\" content=\"fr_FR\" \/>\n<meta property=\"og:type\" content=\"article\" \/>\n<meta property=\"og:title\" content=\"n\u00b0135\" \/>\n<meta property=\"og:description\" content=\"Cette lampe \u00e0 la silhouette g\u00e9om\u00e9trique apportera une touche graphique et chaleureuse dans toutes les pi\u00e8ces de la maison.\" \/>\n<meta property=\"og:url\" content=\"https:\/\/laboratoiretextile.ca\/fr\/boutique\/n135-unie\/\" \/>\n<meta property=\"og:site_name\" content=\"Laboratoire Textile\" \/>\n<meta property=\"article:publisher\" content=\"https:\/\/fr-fr.facebook.com\/LaboratoireTextile\" \/>\n<meta property=\"article:modified_time\" content=\"2026-01-20T23:06:48+00:00\" \/>\n<meta property=\"og:image\" content=\"https:\/\/laboratoiretextile.ca\/wp-content\/uploads\/2022\/05\/Laboratoire-Textile-N135-uni-20.jpg\" \/>\n\t<meta property=\"og:image:width\" content=\"1200\" \/>\n\t<meta property=\"og:image:height\" content=\"1200\" \/>\n\t<meta property=\"og:image:type\" content=\"image\/jpeg\" \/>\n<meta name=\"twitter:card\" content=\"summary_large_image\" \/>\n<meta name=\"twitter:label1\" content=\"Dur\u00e9e de lecture estim\u00e9e\" \/>\n\t<meta name=\"twitter:data1\" content=\"1 minute\" \/>\n<script type=\"application\/ld+json\" class=\"yoast-schema-graph\">{\"@context\":\"https:\\\/\\\/schema.org\",\"@graph\":[{\"@type\":\"WebPage\",\"@id\":\"https:\\\/\\\/laboratoiretextile.ca\\\/boutique\\\/n135-unie\\\/\",\"url\":\"https:\\\/\\\/laboratoiretextile.ca\\\/boutique\\\/n135-unie\\\/\",\"name\":\"n\u00b0135 - Laboratoire Textile\",\"isPartOf\":{\"@id\":\"https:\\\/\\\/laboratoiretextile.ca\\\/#website\"},\"primaryImageOfPage\":{\"@id\":\"https:\\\/\\\/laboratoiretextile.ca\\\/boutique\\\/n135-unie\\\/#primaryimage\"},\"image\":{\"@id\":\"https:\\\/\\\/laboratoiretextile.ca\\\/boutique\\\/n135-unie\\\/#primaryimage\"},\"thumbnailUrl\":\"https:\\\/\\\/laboratoiretextile.ca\\\/wp-content\\\/uploads\\\/2022\\\/05\\\/Laboratoire-Textile-N135-uni-20.jpg\",\"datePublished\":\"2025-07-07T16:32:44+00:00\",\"dateModified\":\"2026-01-20T23:06:48+00:00\",\"description\":\"Cette lampe \u00e0 la silhouette g\u00e9om\u00e9trique apportera une touche graphique et chaleureuse dans toutes les pi\u00e8ces de la maison.\",\"breadcrumb\":{\"@id\":\"https:\\\/\\\/laboratoiretextile.ca\\\/boutique\\\/n135-unie\\\/#breadcrumb\"},\"inLanguage\":\"fr-FR\",\"potentialAction\":[{\"@type\":\"ReadAction\",\"target\":[\"https:\\\/\\\/laboratoiretextile.ca\\\/boutique\\\/n135-unie\\\/\"]}]},{\"@type\":\"ImageObject\",\"inLanguage\":\"fr-FR\",\"@id\":\"https:\\\/\\\/laboratoiretextile.ca\\\/boutique\\\/n135-unie\\\/#primaryimage\",\"url\":\"https:\\\/\\\/laboratoiretextile.ca\\\/wp-content\\\/uploads\\\/2022\\\/05\\\/Laboratoire-Textile-N135-uni-20.jpg\",\"contentUrl\":\"https:\\\/\\\/laboratoiretextile.ca\\\/wp-content\\\/uploads\\\/2022\\\/05\\\/Laboratoire-Textile-N135-uni-20.jpg\",\"width\":1200,\"height\":1200,\"caption\":\"Laboratoire Textile - Lampe N135 unie\"},{\"@type\":\"BreadcrumbList\",\"@id\":\"https:\\\/\\\/laboratoiretextile.ca\\\/boutique\\\/n135-unie\\\/#breadcrumb\",\"itemListElement\":[{\"@type\":\"ListItem\",\"position\":1,\"name\":\"Accueil\",\"item\":\"https:\\\/\\\/laboratoiretextile.ca\\\/\"},{\"@type\":\"ListItem\",\"position\":2,\"name\":\"Boutique\",\"item\":\"https:\\\/\\\/laboratoiretextile.ca\\\/boutique\\\/\"},{\"@type\":\"ListItem\",\"position\":3,\"name\":\"n\u00b0135\"}]},{\"@type\":\"WebSite\",\"@id\":\"https:\\\/\\\/laboratoiretextile.ca\\\/#website\",\"url\":\"https:\\\/\\\/laboratoiretextile.ca\\\/\",\"name\":\"Laboratoire Textile\",\"description\":\"Plier la lumi\u00e8re\",\"publisher\":{\"@id\":\"https:\\\/\\\/laboratoiretextile.ca\\\/#organization\"},\"potentialAction\":[{\"@type\":\"SearchAction\",\"target\":{\"@type\":\"EntryPoint\",\"urlTemplate\":\"https:\\\/\\\/laboratoiretextile.ca\\\/?s={search_term_string}\"},\"query-input\":{\"@type\":\"PropertyValueSpecification\",\"valueRequired\":true,\"valueName\":\"search_term_string\"}}],\"inLanguage\":\"fr-FR\"},{\"@type\":\"Organization\",\"@id\":\"https:\\\/\\\/laboratoiretextile.ca\\\/#organization\",\"name\":\"Laboratoire Textile\",\"url\":\"https:\\\/\\\/laboratoiretextile.ca\\\/\",\"logo\":{\"@type\":\"ImageObject\",\"inLanguage\":\"fr-FR\",\"@id\":\"https:\\\/\\\/laboratoiretextile.ca\\\/#\\\/schema\\\/logo\\\/image\\\/\",\"url\":\"https:\\\/\\\/laboratoiretextile.ca\\\/wp-content\\\/uploads\\\/2021\\\/11\\\/Laboratoire-Textile-N302-Chevrons-Blanc-02.jpg\",\"contentUrl\":\"https:\\\/\\\/laboratoiretextile.ca\\\/wp-content\\\/uploads\\\/2021\\\/11\\\/Laboratoire-Textile-N302-Chevrons-Blanc-02.jpg\",\"width\":1200,\"height\":1200,\"caption\":\"Laboratoire Textile\"},\"image\":{\"@id\":\"https:\\\/\\\/laboratoiretextile.ca\\\/#\\\/schema\\\/logo\\\/image\\\/\"},\"sameAs\":[\"https:\\\/\\\/fr-fr.facebook.com\\\/LaboratoireTextile\",\"https:\\\/\\\/www.instagram.com\\\/laboratoiretextile\\\/?hl=fr\",\"https:\\\/\\\/www.pinterest.ca\\\/Laboratoiretext\\\/\"]}]}<\/script>\n<!-- \/ Yoast SEO plugin. -->","yoast_head_json":{"title":"n\u00b0135 - Laboratoire Textile","description":"Cette lampe \u00e0 la silhouette g\u00e9om\u00e9trique apportera une touche graphique et chaleureuse dans toutes les pi\u00e8ces de la maison.","robots":{"index":"index","follow":"follow","max-snippet":"max-snippet:-1","max-image-preview":"max-image-preview:large","max-video-preview":"max-video-preview:-1"},"canonical":"https:\/\/laboratoiretextile.ca\/fr\/boutique\/n135-unie\/","og_locale":"fr_FR","og_type":"article","og_title":"n\u00b0135","og_description":"Cette lampe \u00e0 la silhouette g\u00e9om\u00e9trique apportera une touche graphique et chaleureuse dans toutes les pi\u00e8ces de la maison.","og_url":"https:\/\/laboratoiretextile.ca\/fr\/boutique\/n135-unie\/","og_site_name":"Laboratoire Textile","article_publisher":"https:\/\/fr-fr.facebook.com\/LaboratoireTextile","article_modified_time":"2026-01-20T23:06:48+00:00","og_image":[{"width":1200,"height":1200,"url":"https:\/\/laboratoiretextile.ca\/wp-content\/uploads\/2022\/05\/Laboratoire-Textile-N135-uni-20.jpg","type":"image\/jpeg"}],"twitter_card":"summary_large_image","twitter_misc":{"Dur\u00e9e de lecture estim\u00e9e":"1 minute"},"schema":{"@context":"https:\/\/schema.org","@graph":[{"@type":"WebPage","@id":"https:\/\/laboratoiretextile.ca\/boutique\/n135-unie\/","url":"https:\/\/laboratoiretextile.ca\/boutique\/n135-unie\/","name":"n\u00b0135 - Laboratoire Textile","isPartOf":{"@id":"https:\/\/laboratoiretextile.ca\/#website"},"primaryImageOfPage":{"@id":"https:\/\/laboratoiretextile.ca\/boutique\/n135-unie\/#primaryimage"},"image":{"@id":"https:\/\/laboratoiretextile.ca\/boutique\/n135-unie\/#primaryimage"},"thumbnailUrl":"https:\/\/laboratoiretextile.ca\/wp-content\/uploads\/2022\/05\/Laboratoire-Textile-N135-uni-20.jpg","datePublished":"2025-07-07T16:32:44+00:00","dateModified":"2026-01-20T23:06:48+00:00","description":"Cette lampe \u00e0 la silhouette g\u00e9om\u00e9trique apportera une touche graphique et chaleureuse dans toutes les pi\u00e8ces de la maison.","breadcrumb":{"@id":"https:\/\/laboratoiretextile.ca\/boutique\/n135-unie\/#breadcrumb"},"inLanguage":"fr-FR","potentialAction":[{"@type":"ReadAction","target":["https:\/\/laboratoiretextile.ca\/boutique\/n135-unie\/"]}]},{"@type":"ImageObject","inLanguage":"fr-FR","@id":"https:\/\/laboratoiretextile.ca\/boutique\/n135-unie\/#primaryimage","url":"https:\/\/laboratoiretextile.ca\/wp-content\/uploads\/2022\/05\/Laboratoire-Textile-N135-uni-20.jpg","contentUrl":"https:\/\/laboratoiretextile.ca\/wp-content\/uploads\/2022\/05\/Laboratoire-Textile-N135-uni-20.jpg","width":1200,"height":1200,"caption":"Laboratoire Textile - Lampe N135 unie"},{"@type":"BreadcrumbList","@id":"https:\/\/laboratoiretextile.ca\/boutique\/n135-unie\/#breadcrumb","itemListElement":[{"@type":"ListItem","position":1,"name":"Accueil","item":"https:\/\/laboratoiretextile.ca\/"},{"@type":"ListItem","position":2,"name":"Boutique","item":"https:\/\/laboratoiretextile.ca\/boutique\/"},{"@type":"ListItem","position":3,"name":"n\u00b0135"}]},{"@type":"WebSite","@id":"https:\/\/laboratoiretextile.ca\/#website","url":"https:\/\/laboratoiretextile.ca\/","name":"Laboratoire Textile","description":"Plier la lumi\u00e8re","publisher":{"@id":"https:\/\/laboratoiretextile.ca\/#organization"},"potentialAction":[{"@type":"SearchAction","target":{"@type":"EntryPoint","urlTemplate":"https:\/\/laboratoiretextile.ca\/?s={search_term_string}"},"query-input":{"@type":"PropertyValueSpecification","valueRequired":true,"valueName":"search_term_string"}}],"inLanguage":"fr-FR"},{"@type":"Organization","@id":"https:\/\/laboratoiretextile.ca\/#organization","name":"Laboratoire Textile","url":"https:\/\/laboratoiretextile.ca\/","logo":{"@type":"ImageObject","inLanguage":"fr-FR","@id":"https:\/\/laboratoiretextile.ca\/#\/schema\/logo\/image\/","url":"https:\/\/laboratoiretextile.ca\/wp-content\/uploads\/2021\/11\/Laboratoire-Textile-N302-Chevrons-Blanc-02.jpg","contentUrl":"https:\/\/laboratoiretextile.ca\/wp-content\/uploads\/2021\/11\/Laboratoire-Textile-N302-Chevrons-Blanc-02.jpg","width":1200,"height":1200,"caption":"Laboratoire Textile"},"image":{"@id":"https:\/\/laboratoiretextile.ca\/#\/schema\/logo\/image\/"},"sameAs":["https:\/\/fr-fr.facebook.com\/LaboratoireTextile","https:\/\/www.instagram.com\/laboratoiretextile\/?hl=fr","https:\/\/www.pinterest.ca\/Laboratoiretext\/"]}]}},"jetpack_sharing_enabled":true,"_links":{"self":[{"href":"https:\/\/laboratoiretextile.ca\/fr\/wp-json\/wp\/v2\/product\/1421","targetHints":{"allow":["GET"]}}],"collection":[{"href":"https:\/\/laboratoiretextile.ca\/fr\/wp-json\/wp\/v2\/product"}],"about":[{"href":"https:\/\/laboratoiretextile.ca\/fr\/wp-json\/wp\/v2\/types\/product"}],"wp:featuredmedia":[{"embeddable":true,"href":"https:\/\/laboratoiretextile.ca\/fr\/wp-json\/wp\/v2\/media\/1997"}],"wp:attachment":[{"href":"https:\/\/laboratoiretextile.ca\/fr\/wp-json\/wp\/v2\/media?parent=1421"}],"wp:term":[{"taxonomy":"product_brand","embeddable":true,"href":"https:\/\/laboratoiretextile.ca\/fr\/wp-json\/wp\/v2\/product_brand?post=1421"},{"taxonomy":"product_cat","embeddable":true,"href":"https:\/\/laboratoiretextile.ca\/fr\/wp-json\/wp\/v2\/product_cat?post=1421"},{"taxonomy":"product_tag","embeddable":true,"href":"https:\/\/laboratoiretextile.ca\/fr\/wp-json\/wp\/v2\/product_tag?post=1421"}],"curies":[{"name":"wp","href":"https:\/\/api.w.org\/{rel}","templated":true}]}}