{"id":1851,"date":"2025-06-28T10:00:02","date_gmt":"2025-06-28T14:00:02","guid":{"rendered":"https:\/\/laboratoiretextile.ca\/?post_type=product&#038;p=1851"},"modified":"2025-07-08T11:54:45","modified_gmt":"2025-07-08T15:54:45","slug":"n135-eclipse","status":"publish","type":"product","link":"https:\/\/laboratoiretextile.ca\/fr\/boutique\/n135-eclipse\/","title":{"rendered":"n\u00b0135 \u00c9clipse"},"content":{"rendered":"<p class=\"p1\">La collection \u00c9clipse est n\u00e9e de l\u2019observation de ce rare et fascinant ph\u00e9nom\u00e8ne qui joue avec la lumi\u00e8re.<br \/>\nImprim\u00e9 \u00e0 la main en s\u00e9rigraphie, le motif \u00e9voquant la lune recouvre la moiti\u00e9 de la lampe. Il devient un \u00e9l\u00e9ment fonctionnel en permettant de moduler l&rsquo;\u00e9clairage par la simple rotation de l&rsquo;objet, un autre clin d&rsquo;oeil \u00e0 la r\u00e9volution des objets c\u00e9lestes.<\/p>\n<p class=\"p1\">Alliant puret\u00e9 des lignes et motif contrast\u00e9, la lampe N\u00b0135 apportera une touche graphique et chaleureuse dans toutes les pi\u00e8ces de la maison.<\/p>\n<p><em>*Exp\u00e9dition internationale: <a href=\"https:\/\/laboratoiretextile.ca\/fr\/contact\/\">contactez-nous<\/a> pour obtenir une soumission des tarifs d&rsquo;exp\u00e9dition.<\/em><\/p>\n<p>&nbsp;<\/p>\n","protected":false},"excerpt":{"rendered":"<p><!-- wp:paragraph --><\/p>\n<p>La collection \u00c9clipse est n\u00e9e de l&rsquo;observation de ce rare et fascinant ph\u00e9nom\u00e8ne qui joue avec la lumi\u00e8re.<\/p>\n<p>Le motif prend la forme d&rsquo;un grand aplat en forme de demi-lune, imprim\u00e9 \u00e0 la main en s\u00e9rigraphie. \u00c0 vous de moduler l&rsquo;\u00e9clairage par la rotation de l&rsquo;objet pour choisir la position du motif.<\/p>\n<p>&nbsp;<\/p>\n<p><!-- \/wp:paragraph --><\/p>\n<p><!-- \/wp:paragraph --><\/p>\n","protected":false},"featured_media":1966,"template":"","meta":{"iawp_total_views":70},"product_brand":[],"product_cat":[155,260],"product_tag":[95,57,62,58,59,94,60],"class_list":{"0":"post-1851","1":"product","2":"type-product","3":"status-publish","4":"has-post-thumbnail","6":"product_cat-eclipse","7":"product_cat-lampes","8":"product_tag-ecoresponsable","9":"product_tag-laboratoire-textile","10":"product_tag-lampshade","11":"product_tag-lucie-leroux","12":"product_tag-luminaire","13":"product_tag-montreal","14":"product_tag-origami","15":"product_shipping_class-livraison-gratuite","17":"first","18":"instock","19":"taxable","20":"shipping-taxable","21":"purchasable","22":"product-type-simple"},"yoast_head":"<!-- This site is optimized with the Yoast SEO plugin v27.4 - https:\/\/yoast.com\/product\/yoast-seo-wordpress\/ -->\n<title>n\u00b0135 \u00c9clipse - Laboratoire Textile<\/title>\n<meta name=\"description\" content=\"Imprim\u00e9 \u00e0 la main en s\u00e9rigraphie, le motif de la collection Eclipse \u00e9voque la lune. Un luminaire qui invite \u00e0 la contemplation.\" \/>\n<meta name=\"robots\" content=\"index, follow, max-snippet:-1, max-image-preview:large, max-video-preview:-1\" \/>\n<link rel=\"canonical\" href=\"https:\/\/laboratoiretextile.ca\/fr\/boutique\/n135-eclipse\/\" \/>\n<meta property=\"og:locale\" content=\"fr_FR\" \/>\n<meta property=\"og:type\" content=\"article\" \/>\n<meta property=\"og:title\" content=\"n\u00b0135 \u00c9clipse - Laboratoire Textile\" \/>\n<meta property=\"og:description\" content=\"Imprim\u00e9 \u00e0 la main en s\u00e9rigraphie, le motif de la collection Eclipse \u00e9voque la lune. Un luminaire qui invite \u00e0 la contemplation.\" \/>\n<meta property=\"og:url\" content=\"https:\/\/laboratoiretextile.ca\/fr\/boutique\/n135-eclipse\/\" \/>\n<meta property=\"og:site_name\" content=\"Laboratoire Textile\" \/>\n<meta property=\"article:publisher\" content=\"https:\/\/fr-fr.facebook.com\/LaboratoireTextile\" \/>\n<meta property=\"article:modified_time\" content=\"2025-07-08T15:54:45+00:00\" \/>\n<meta property=\"og:image\" content=\"https:\/\/laboratoiretextile.ca\/wp-content\/uploads\/2022\/12\/Laboratoire_Textile-N135-eclipse-01-copie-1.jpg\" \/>\n\t<meta property=\"og:image:width\" content=\"1200\" \/>\n\t<meta property=\"og:image:height\" content=\"1200\" \/>\n\t<meta property=\"og:image:type\" content=\"image\/jpeg\" \/>\n<meta name=\"twitter:card\" content=\"summary_large_image\" \/>\n<meta name=\"twitter:label1\" content=\"Dur\u00e9e de lecture estim\u00e9e\" \/>\n\t<meta name=\"twitter:data1\" content=\"1 minute\" \/>\n<script type=\"application\/ld+json\" class=\"yoast-schema-graph\">{\"@context\":\"https:\\\/\\\/schema.org\",\"@graph\":[{\"@type\":\"WebPage\",\"@id\":\"https:\\\/\\\/laboratoiretextile.ca\\\/boutique\\\/n135-eclipse\\\/\",\"url\":\"https:\\\/\\\/laboratoiretextile.ca\\\/boutique\\\/n135-eclipse\\\/\",\"name\":\"n\u00b0135 \u00c9clipse - Laboratoire Textile\",\"isPartOf\":{\"@id\":\"https:\\\/\\\/laboratoiretextile.ca\\\/#website\"},\"primaryImageOfPage\":{\"@id\":\"https:\\\/\\\/laboratoiretextile.ca\\\/boutique\\\/n135-eclipse\\\/#primaryimage\"},\"image\":{\"@id\":\"https:\\\/\\\/laboratoiretextile.ca\\\/boutique\\\/n135-eclipse\\\/#primaryimage\"},\"thumbnailUrl\":\"https:\\\/\\\/laboratoiretextile.ca\\\/wp-content\\\/uploads\\\/2022\\\/12\\\/Laboratoire_Textile-N135-eclipse-01-copie-1.jpg\",\"datePublished\":\"2025-06-28T14:00:02+00:00\",\"dateModified\":\"2025-07-08T15:54:45+00:00\",\"description\":\"Imprim\u00e9 \u00e0 la main en s\u00e9rigraphie, le motif de la collection Eclipse \u00e9voque la lune. Un luminaire qui invite \u00e0 la contemplation.\",\"breadcrumb\":{\"@id\":\"https:\\\/\\\/laboratoiretextile.ca\\\/boutique\\\/n135-eclipse\\\/#breadcrumb\"},\"inLanguage\":\"fr-FR\",\"potentialAction\":[{\"@type\":\"ReadAction\",\"target\":[\"https:\\\/\\\/laboratoiretextile.ca\\\/boutique\\\/n135-eclipse\\\/\"]}]},{\"@type\":\"ImageObject\",\"inLanguage\":\"fr-FR\",\"@id\":\"https:\\\/\\\/laboratoiretextile.ca\\\/boutique\\\/n135-eclipse\\\/#primaryimage\",\"url\":\"https:\\\/\\\/laboratoiretextile.ca\\\/wp-content\\\/uploads\\\/2022\\\/12\\\/Laboratoire_Textile-N135-eclipse-01-copie-1.jpg\",\"contentUrl\":\"https:\\\/\\\/laboratoiretextile.ca\\\/wp-content\\\/uploads\\\/2022\\\/12\\\/Laboratoire_Textile-N135-eclipse-01-copie-1.jpg\",\"width\":1200,\"height\":1200,\"caption\":\"Laboratoire Textile - lampe N135 \u00c9clipse\"},{\"@type\":\"BreadcrumbList\",\"@id\":\"https:\\\/\\\/laboratoiretextile.ca\\\/boutique\\\/n135-eclipse\\\/#breadcrumb\",\"itemListElement\":[{\"@type\":\"ListItem\",\"position\":1,\"name\":\"Accueil\",\"item\":\"https:\\\/\\\/laboratoiretextile.ca\\\/\"},{\"@type\":\"ListItem\",\"position\":2,\"name\":\"Boutique\",\"item\":\"https:\\\/\\\/laboratoiretextile.ca\\\/boutique\\\/\"},{\"@type\":\"ListItem\",\"position\":3,\"name\":\"n\u00b0135 \u00c9clipse\"}]},{\"@type\":\"WebSite\",\"@id\":\"https:\\\/\\\/laboratoiretextile.ca\\\/#website\",\"url\":\"https:\\\/\\\/laboratoiretextile.ca\\\/\",\"name\":\"Laboratoire Textile\",\"description\":\"Plier la lumi\u00e8re\",\"publisher\":{\"@id\":\"https:\\\/\\\/laboratoiretextile.ca\\\/#organization\"},\"potentialAction\":[{\"@type\":\"SearchAction\",\"target\":{\"@type\":\"EntryPoint\",\"urlTemplate\":\"https:\\\/\\\/laboratoiretextile.ca\\\/?s={search_term_string}\"},\"query-input\":{\"@type\":\"PropertyValueSpecification\",\"valueRequired\":true,\"valueName\":\"search_term_string\"}}],\"inLanguage\":\"fr-FR\"},{\"@type\":\"Organization\",\"@id\":\"https:\\\/\\\/laboratoiretextile.ca\\\/#organization\",\"name\":\"Laboratoire Textile\",\"url\":\"https:\\\/\\\/laboratoiretextile.ca\\\/\",\"logo\":{\"@type\":\"ImageObject\",\"inLanguage\":\"fr-FR\",\"@id\":\"https:\\\/\\\/laboratoiretextile.ca\\\/#\\\/schema\\\/logo\\\/image\\\/\",\"url\":\"https:\\\/\\\/laboratoiretextile.ca\\\/wp-content\\\/uploads\\\/2021\\\/11\\\/Laboratoire-Textile-N302-Chevrons-Blanc-02.jpg\",\"contentUrl\":\"https:\\\/\\\/laboratoiretextile.ca\\\/wp-content\\\/uploads\\\/2021\\\/11\\\/Laboratoire-Textile-N302-Chevrons-Blanc-02.jpg\",\"width\":1200,\"height\":1200,\"caption\":\"Laboratoire Textile\"},\"image\":{\"@id\":\"https:\\\/\\\/laboratoiretextile.ca\\\/#\\\/schema\\\/logo\\\/image\\\/\"},\"sameAs\":[\"https:\\\/\\\/fr-fr.facebook.com\\\/LaboratoireTextile\",\"https:\\\/\\\/www.instagram.com\\\/laboratoiretextile\\\/?hl=fr\",\"https:\\\/\\\/www.pinterest.ca\\\/Laboratoiretext\\\/\"]}]}<\/script>\n<!-- \/ Yoast SEO plugin. -->","yoast_head_json":{"title":"n\u00b0135 \u00c9clipse - Laboratoire Textile","description":"Imprim\u00e9 \u00e0 la main en s\u00e9rigraphie, le motif de la collection Eclipse \u00e9voque la lune. Un luminaire qui invite \u00e0 la contemplation.","robots":{"index":"index","follow":"follow","max-snippet":"max-snippet:-1","max-image-preview":"max-image-preview:large","max-video-preview":"max-video-preview:-1"},"canonical":"https:\/\/laboratoiretextile.ca\/fr\/boutique\/n135-eclipse\/","og_locale":"fr_FR","og_type":"article","og_title":"n\u00b0135 \u00c9clipse - Laboratoire Textile","og_description":"Imprim\u00e9 \u00e0 la main en s\u00e9rigraphie, le motif de la collection Eclipse \u00e9voque la lune. Un luminaire qui invite \u00e0 la contemplation.","og_url":"https:\/\/laboratoiretextile.ca\/fr\/boutique\/n135-eclipse\/","og_site_name":"Laboratoire Textile","article_publisher":"https:\/\/fr-fr.facebook.com\/LaboratoireTextile","article_modified_time":"2025-07-08T15:54:45+00:00","og_image":[{"width":1200,"height":1200,"url":"https:\/\/laboratoiretextile.ca\/wp-content\/uploads\/2022\/12\/Laboratoire_Textile-N135-eclipse-01-copie-1.jpg","type":"image\/jpeg"}],"twitter_card":"summary_large_image","twitter_misc":{"Dur\u00e9e de lecture estim\u00e9e":"1 minute"},"schema":{"@context":"https:\/\/schema.org","@graph":[{"@type":"WebPage","@id":"https:\/\/laboratoiretextile.ca\/boutique\/n135-eclipse\/","url":"https:\/\/laboratoiretextile.ca\/boutique\/n135-eclipse\/","name":"n\u00b0135 \u00c9clipse - Laboratoire Textile","isPartOf":{"@id":"https:\/\/laboratoiretextile.ca\/#website"},"primaryImageOfPage":{"@id":"https:\/\/laboratoiretextile.ca\/boutique\/n135-eclipse\/#primaryimage"},"image":{"@id":"https:\/\/laboratoiretextile.ca\/boutique\/n135-eclipse\/#primaryimage"},"thumbnailUrl":"https:\/\/laboratoiretextile.ca\/wp-content\/uploads\/2022\/12\/Laboratoire_Textile-N135-eclipse-01-copie-1.jpg","datePublished":"2025-06-28T14:00:02+00:00","dateModified":"2025-07-08T15:54:45+00:00","description":"Imprim\u00e9 \u00e0 la main en s\u00e9rigraphie, le motif de la collection Eclipse \u00e9voque la lune. Un luminaire qui invite \u00e0 la contemplation.","breadcrumb":{"@id":"https:\/\/laboratoiretextile.ca\/boutique\/n135-eclipse\/#breadcrumb"},"inLanguage":"fr-FR","potentialAction":[{"@type":"ReadAction","target":["https:\/\/laboratoiretextile.ca\/boutique\/n135-eclipse\/"]}]},{"@type":"ImageObject","inLanguage":"fr-FR","@id":"https:\/\/laboratoiretextile.ca\/boutique\/n135-eclipse\/#primaryimage","url":"https:\/\/laboratoiretextile.ca\/wp-content\/uploads\/2022\/12\/Laboratoire_Textile-N135-eclipse-01-copie-1.jpg","contentUrl":"https:\/\/laboratoiretextile.ca\/wp-content\/uploads\/2022\/12\/Laboratoire_Textile-N135-eclipse-01-copie-1.jpg","width":1200,"height":1200,"caption":"Laboratoire Textile - lampe N135 \u00c9clipse"},{"@type":"BreadcrumbList","@id":"https:\/\/laboratoiretextile.ca\/boutique\/n135-eclipse\/#breadcrumb","itemListElement":[{"@type":"ListItem","position":1,"name":"Accueil","item":"https:\/\/laboratoiretextile.ca\/"},{"@type":"ListItem","position":2,"name":"Boutique","item":"https:\/\/laboratoiretextile.ca\/boutique\/"},{"@type":"ListItem","position":3,"name":"n\u00b0135 \u00c9clipse"}]},{"@type":"WebSite","@id":"https:\/\/laboratoiretextile.ca\/#website","url":"https:\/\/laboratoiretextile.ca\/","name":"Laboratoire Textile","description":"Plier la lumi\u00e8re","publisher":{"@id":"https:\/\/laboratoiretextile.ca\/#organization"},"potentialAction":[{"@type":"SearchAction","target":{"@type":"EntryPoint","urlTemplate":"https:\/\/laboratoiretextile.ca\/?s={search_term_string}"},"query-input":{"@type":"PropertyValueSpecification","valueRequired":true,"valueName":"search_term_string"}}],"inLanguage":"fr-FR"},{"@type":"Organization","@id":"https:\/\/laboratoiretextile.ca\/#organization","name":"Laboratoire Textile","url":"https:\/\/laboratoiretextile.ca\/","logo":{"@type":"ImageObject","inLanguage":"fr-FR","@id":"https:\/\/laboratoiretextile.ca\/#\/schema\/logo\/image\/","url":"https:\/\/laboratoiretextile.ca\/wp-content\/uploads\/2021\/11\/Laboratoire-Textile-N302-Chevrons-Blanc-02.jpg","contentUrl":"https:\/\/laboratoiretextile.ca\/wp-content\/uploads\/2021\/11\/Laboratoire-Textile-N302-Chevrons-Blanc-02.jpg","width":1200,"height":1200,"caption":"Laboratoire Textile"},"image":{"@id":"https:\/\/laboratoiretextile.ca\/#\/schema\/logo\/image\/"},"sameAs":["https:\/\/fr-fr.facebook.com\/LaboratoireTextile","https:\/\/www.instagram.com\/laboratoiretextile\/?hl=fr","https:\/\/www.pinterest.ca\/Laboratoiretext\/"]}]}},"jetpack_sharing_enabled":true,"_links":{"self":[{"href":"https:\/\/laboratoiretextile.ca\/fr\/wp-json\/wp\/v2\/product\/1851","targetHints":{"allow":["GET"]}}],"collection":[{"href":"https:\/\/laboratoiretextile.ca\/fr\/wp-json\/wp\/v2\/product"}],"about":[{"href":"https:\/\/laboratoiretextile.ca\/fr\/wp-json\/wp\/v2\/types\/product"}],"wp:featuredmedia":[{"embeddable":true,"href":"https:\/\/laboratoiretextile.ca\/fr\/wp-json\/wp\/v2\/media\/1966"}],"wp:attachment":[{"href":"https:\/\/laboratoiretextile.ca\/fr\/wp-json\/wp\/v2\/media?parent=1851"}],"wp:term":[{"taxonomy":"product_brand","embeddable":true,"href":"https:\/\/laboratoiretextile.ca\/fr\/wp-json\/wp\/v2\/product_brand?post=1851"},{"taxonomy":"product_cat","embeddable":true,"href":"https:\/\/laboratoiretextile.ca\/fr\/wp-json\/wp\/v2\/product_cat?post=1851"},{"taxonomy":"product_tag","embeddable":true,"href":"https:\/\/laboratoiretextile.ca\/fr\/wp-json\/wp\/v2\/product_tag?post=1851"}],"curies":[{"name":"wp","href":"https:\/\/api.w.org\/{rel}","templated":true}]}}