{"id":2961,"date":"2023-12-12T15:07:23","date_gmt":"2023-12-12T20:07:23","guid":{"rendered":"https:\/\/laboratoiretextile.ca\/?post_type=product&#038;p=2961"},"modified":"2025-07-02T00:00:31","modified_gmt":"2025-07-02T04:00:31","slug":"n135","status":"publish","type":"product","link":"https:\/\/laboratoiretextile.ca\/fr\/boutique\/n135\/","title":{"rendered":"n\u00b0135 \u00c9cailles noire"},"content":{"rendered":"<p class=\"p1\">Laboratoire Textile revisite ce mod\u00e8le phare de la collection avec un nouveau imprim\u00e9 graphique et \u00e9l\u00e9gant. \u00c0 la rencontre du design et des arts visuels, la lampe N\u00b0135 s&rsquo;habille ici d&rsquo;un motif d&rsquo;\u00e9cailles imprim\u00e9 comme toujours en s\u00e9rigraphie \u00e0 la main. Le motif de lignes accompagne les plis de la lampe en apportant une \u00e9l\u00e9gante touche graphique \u00e0 votre int\u00e9rieur.<\/p>\n<p>Lampe d&rsquo;appoint ou lampe de chevet, elle diffuse une lumi\u00e8re douce et chaleureuse avec une touche de caract\u00e8re.<\/p>\n<h5><em>*Exp\u00e9dition internationale: <a href=\"https:\/\/laboratoiretextile.ca\/fr\/contact\/\">contactez-nous<\/a> pour obtenir une soumission des tarifs d&rsquo;exp\u00e9dition.<\/em><\/h5>\n<p><iframe loading=\"lazy\" title=\"N135 Scales print\" width=\"500\" height=\"281\" src=\"https:\/\/www.youtube.com\/embed\/xSsgeaZOfDA?feature=oembed\" frameborder=\"0\" allow=\"accelerometer; autoplay; clipboard-write; encrypted-media; gyroscope; picture-in-picture; web-share\" referrerpolicy=\"strict-origin-when-cross-origin\" allowfullscreen><\/iframe><\/p>\n","protected":false},"excerpt":{"rendered":"<p><!-- wp:paragraph --><\/p>\n<p>La collection \u00c9clipse est n\u00e9e de l&rsquo;observation de ce rare et fascinant ph\u00e9nom\u00e8ne qui joue avec la lumi\u00e8re.<\/p>\n<p>Le motif prend la forme d&rsquo;un grand aplat en forme de demi-lune, imprim\u00e9 \u00e0 la main en s\u00e9rigraphie. \u00c0 vous de moduler l&rsquo;\u00e9clairage par la rotation de l&rsquo;objet pour choisir la position du motif.<\/p>\n<p>&nbsp;<\/p>\n<p><!-- \/wp:paragraph --><\/p>\n<p><!-- \/wp:paragraph --><\/p>\n","protected":false},"featured_media":2962,"template":"","meta":{"iawp_total_views":264},"product_brand":[],"product_cat":[260,218],"product_tag":[95,57,62,58,59,94,60],"class_list":{"0":"post-2961","1":"product","2":"type-product","3":"status-publish","4":"has-post-thumbnail","6":"product_cat-lampes","7":"product_cat-unie","8":"product_tag-ecoresponsable","9":"product_tag-laboratoire-textile","10":"product_tag-lampshade","11":"product_tag-lucie-leroux","12":"product_tag-luminaire","13":"product_tag-montreal","14":"product_tag-origami","15":"product_shipping_class-livraison-gratuite","17":"first","18":"instock","19":"taxable","20":"shipping-taxable","21":"purchasable","22":"product-type-variable"},"yoast_head":"<!-- This site is optimized with the Yoast SEO plugin v27.4 - https:\/\/yoast.com\/product\/yoast-seo-wordpress\/ -->\n<title>n\u00b0135 \u00c9cailles noire - Laboratoire Textile<\/title>\n<meta name=\"description\" content=\"Imprim\u00e9 \u00e0 la main en s\u00e9rigraphie, le motif de la collection Eclipse \u00e9voque la lune. Un luminaire qui invite \u00e0 la contemplation.\" \/>\n<meta name=\"robots\" content=\"index, follow, max-snippet:-1, max-image-preview:large, max-video-preview:-1\" \/>\n<link rel=\"canonical\" href=\"https:\/\/laboratoiretextile.ca\/fr\/boutique\/n135\/\" \/>\n<meta property=\"og:locale\" content=\"fr_FR\" \/>\n<meta property=\"og:type\" content=\"article\" \/>\n<meta property=\"og:title\" content=\"n\u00b0135 \u00c9cailles noire - Laboratoire Textile\" \/>\n<meta property=\"og:description\" content=\"Imprim\u00e9 \u00e0 la main en s\u00e9rigraphie, le motif de la collection Eclipse \u00e9voque la lune. Un luminaire qui invite \u00e0 la contemplation.\" \/>\n<meta property=\"og:url\" content=\"https:\/\/laboratoiretextile.ca\/fr\/boutique\/n135\/\" \/>\n<meta property=\"og:site_name\" content=\"Laboratoire Textile\" \/>\n<meta property=\"article:publisher\" content=\"https:\/\/fr-fr.facebook.com\/LaboratoireTextile\" \/>\n<meta property=\"article:modified_time\" content=\"2025-07-02T04:00:31+00:00\" \/>\n<meta property=\"og:image\" content=\"https:\/\/laboratoiretextile.ca\/wp-content\/uploads\/2023\/12\/Laboratoire_Textile-135-ecailles-noires-02.jpg\" \/>\n\t<meta property=\"og:image:width\" content=\"1200\" \/>\n\t<meta property=\"og:image:height\" content=\"1200\" \/>\n\t<meta property=\"og:image:type\" content=\"image\/jpeg\" \/>\n<meta name=\"twitter:card\" content=\"summary_large_image\" \/>\n<meta name=\"twitter:label1\" content=\"Dur\u00e9e de lecture estim\u00e9e\" \/>\n\t<meta name=\"twitter:data1\" content=\"1 minute\" \/>\n<script type=\"application\/ld+json\" class=\"yoast-schema-graph\">{\"@context\":\"https:\\\/\\\/schema.org\",\"@graph\":[{\"@type\":\"WebPage\",\"@id\":\"https:\\\/\\\/laboratoiretextile.ca\\\/boutique\\\/n135\\\/\",\"url\":\"https:\\\/\\\/laboratoiretextile.ca\\\/boutique\\\/n135\\\/\",\"name\":\"n\u00b0135 \u00c9cailles noire - Laboratoire Textile\",\"isPartOf\":{\"@id\":\"https:\\\/\\\/laboratoiretextile.ca\\\/#website\"},\"primaryImageOfPage\":{\"@id\":\"https:\\\/\\\/laboratoiretextile.ca\\\/boutique\\\/n135\\\/#primaryimage\"},\"image\":{\"@id\":\"https:\\\/\\\/laboratoiretextile.ca\\\/boutique\\\/n135\\\/#primaryimage\"},\"thumbnailUrl\":\"https:\\\/\\\/laboratoiretextile.ca\\\/wp-content\\\/uploads\\\/2023\\\/12\\\/Laboratoire_Textile-135-ecailles-noires-02.jpg\",\"datePublished\":\"2023-12-12T20:07:23+00:00\",\"dateModified\":\"2025-07-02T04:00:31+00:00\",\"description\":\"Imprim\u00e9 \u00e0 la main en s\u00e9rigraphie, le motif de la collection Eclipse \u00e9voque la lune. Un luminaire qui invite \u00e0 la contemplation.\",\"breadcrumb\":{\"@id\":\"https:\\\/\\\/laboratoiretextile.ca\\\/boutique\\\/n135\\\/#breadcrumb\"},\"inLanguage\":\"fr-FR\",\"potentialAction\":[{\"@type\":\"ReadAction\",\"target\":[\"https:\\\/\\\/laboratoiretextile.ca\\\/boutique\\\/n135\\\/\"]}]},{\"@type\":\"ImageObject\",\"inLanguage\":\"fr-FR\",\"@id\":\"https:\\\/\\\/laboratoiretextile.ca\\\/boutique\\\/n135\\\/#primaryimage\",\"url\":\"https:\\\/\\\/laboratoiretextile.ca\\\/wp-content\\\/uploads\\\/2023\\\/12\\\/Laboratoire_Textile-135-ecailles-noires-02.jpg\",\"contentUrl\":\"https:\\\/\\\/laboratoiretextile.ca\\\/wp-content\\\/uploads\\\/2023\\\/12\\\/Laboratoire_Textile-135-ecailles-noires-02.jpg\",\"width\":1200,\"height\":1200,\"caption\":\"Laboratoire Textile - Lampe N135 motif \u00c9cailles\"},{\"@type\":\"BreadcrumbList\",\"@id\":\"https:\\\/\\\/laboratoiretextile.ca\\\/boutique\\\/n135\\\/#breadcrumb\",\"itemListElement\":[{\"@type\":\"ListItem\",\"position\":1,\"name\":\"Accueil\",\"item\":\"https:\\\/\\\/laboratoiretextile.ca\\\/\"},{\"@type\":\"ListItem\",\"position\":2,\"name\":\"Boutique\",\"item\":\"https:\\\/\\\/laboratoiretextile.ca\\\/boutique\\\/\"},{\"@type\":\"ListItem\",\"position\":3,\"name\":\"n\u00b0135 \u00c9cailles noire\"}]},{\"@type\":\"WebSite\",\"@id\":\"https:\\\/\\\/laboratoiretextile.ca\\\/#website\",\"url\":\"https:\\\/\\\/laboratoiretextile.ca\\\/\",\"name\":\"Laboratoire Textile\",\"description\":\"Plier la lumi\u00e8re\",\"publisher\":{\"@id\":\"https:\\\/\\\/laboratoiretextile.ca\\\/#organization\"},\"potentialAction\":[{\"@type\":\"SearchAction\",\"target\":{\"@type\":\"EntryPoint\",\"urlTemplate\":\"https:\\\/\\\/laboratoiretextile.ca\\\/?s={search_term_string}\"},\"query-input\":{\"@type\":\"PropertyValueSpecification\",\"valueRequired\":true,\"valueName\":\"search_term_string\"}}],\"inLanguage\":\"fr-FR\"},{\"@type\":\"Organization\",\"@id\":\"https:\\\/\\\/laboratoiretextile.ca\\\/#organization\",\"name\":\"Laboratoire Textile\",\"url\":\"https:\\\/\\\/laboratoiretextile.ca\\\/\",\"logo\":{\"@type\":\"ImageObject\",\"inLanguage\":\"fr-FR\",\"@id\":\"https:\\\/\\\/laboratoiretextile.ca\\\/#\\\/schema\\\/logo\\\/image\\\/\",\"url\":\"https:\\\/\\\/laboratoiretextile.ca\\\/wp-content\\\/uploads\\\/2021\\\/11\\\/Laboratoire-Textile-N302-Chevrons-Blanc-02.jpg\",\"contentUrl\":\"https:\\\/\\\/laboratoiretextile.ca\\\/wp-content\\\/uploads\\\/2021\\\/11\\\/Laboratoire-Textile-N302-Chevrons-Blanc-02.jpg\",\"width\":1200,\"height\":1200,\"caption\":\"Laboratoire Textile\"},\"image\":{\"@id\":\"https:\\\/\\\/laboratoiretextile.ca\\\/#\\\/schema\\\/logo\\\/image\\\/\"},\"sameAs\":[\"https:\\\/\\\/fr-fr.facebook.com\\\/LaboratoireTextile\",\"https:\\\/\\\/www.instagram.com\\\/laboratoiretextile\\\/?hl=fr\",\"https:\\\/\\\/www.pinterest.ca\\\/Laboratoiretext\\\/\"]}]}<\/script>\n<!-- \/ Yoast SEO plugin. -->","yoast_head_json":{"title":"n\u00b0135 \u00c9cailles noire - Laboratoire Textile","description":"Imprim\u00e9 \u00e0 la main en s\u00e9rigraphie, le motif de la collection Eclipse \u00e9voque la lune. Un luminaire qui invite \u00e0 la contemplation.","robots":{"index":"index","follow":"follow","max-snippet":"max-snippet:-1","max-image-preview":"max-image-preview:large","max-video-preview":"max-video-preview:-1"},"canonical":"https:\/\/laboratoiretextile.ca\/fr\/boutique\/n135\/","og_locale":"fr_FR","og_type":"article","og_title":"n\u00b0135 \u00c9cailles noire - Laboratoire Textile","og_description":"Imprim\u00e9 \u00e0 la main en s\u00e9rigraphie, le motif de la collection Eclipse \u00e9voque la lune. Un luminaire qui invite \u00e0 la contemplation.","og_url":"https:\/\/laboratoiretextile.ca\/fr\/boutique\/n135\/","og_site_name":"Laboratoire Textile","article_publisher":"https:\/\/fr-fr.facebook.com\/LaboratoireTextile","article_modified_time":"2025-07-02T04:00:31+00:00","og_image":[{"width":1200,"height":1200,"url":"https:\/\/laboratoiretextile.ca\/wp-content\/uploads\/2023\/12\/Laboratoire_Textile-135-ecailles-noires-02.jpg","type":"image\/jpeg"}],"twitter_card":"summary_large_image","twitter_misc":{"Dur\u00e9e de lecture estim\u00e9e":"1 minute"},"schema":{"@context":"https:\/\/schema.org","@graph":[{"@type":"WebPage","@id":"https:\/\/laboratoiretextile.ca\/boutique\/n135\/","url":"https:\/\/laboratoiretextile.ca\/boutique\/n135\/","name":"n\u00b0135 \u00c9cailles noire - Laboratoire Textile","isPartOf":{"@id":"https:\/\/laboratoiretextile.ca\/#website"},"primaryImageOfPage":{"@id":"https:\/\/laboratoiretextile.ca\/boutique\/n135\/#primaryimage"},"image":{"@id":"https:\/\/laboratoiretextile.ca\/boutique\/n135\/#primaryimage"},"thumbnailUrl":"https:\/\/laboratoiretextile.ca\/wp-content\/uploads\/2023\/12\/Laboratoire_Textile-135-ecailles-noires-02.jpg","datePublished":"2023-12-12T20:07:23+00:00","dateModified":"2025-07-02T04:00:31+00:00","description":"Imprim\u00e9 \u00e0 la main en s\u00e9rigraphie, le motif de la collection Eclipse \u00e9voque la lune. Un luminaire qui invite \u00e0 la contemplation.","breadcrumb":{"@id":"https:\/\/laboratoiretextile.ca\/boutique\/n135\/#breadcrumb"},"inLanguage":"fr-FR","potentialAction":[{"@type":"ReadAction","target":["https:\/\/laboratoiretextile.ca\/boutique\/n135\/"]}]},{"@type":"ImageObject","inLanguage":"fr-FR","@id":"https:\/\/laboratoiretextile.ca\/boutique\/n135\/#primaryimage","url":"https:\/\/laboratoiretextile.ca\/wp-content\/uploads\/2023\/12\/Laboratoire_Textile-135-ecailles-noires-02.jpg","contentUrl":"https:\/\/laboratoiretextile.ca\/wp-content\/uploads\/2023\/12\/Laboratoire_Textile-135-ecailles-noires-02.jpg","width":1200,"height":1200,"caption":"Laboratoire Textile - Lampe N135 motif \u00c9cailles"},{"@type":"BreadcrumbList","@id":"https:\/\/laboratoiretextile.ca\/boutique\/n135\/#breadcrumb","itemListElement":[{"@type":"ListItem","position":1,"name":"Accueil","item":"https:\/\/laboratoiretextile.ca\/"},{"@type":"ListItem","position":2,"name":"Boutique","item":"https:\/\/laboratoiretextile.ca\/boutique\/"},{"@type":"ListItem","position":3,"name":"n\u00b0135 \u00c9cailles noire"}]},{"@type":"WebSite","@id":"https:\/\/laboratoiretextile.ca\/#website","url":"https:\/\/laboratoiretextile.ca\/","name":"Laboratoire Textile","description":"Plier la lumi\u00e8re","publisher":{"@id":"https:\/\/laboratoiretextile.ca\/#organization"},"potentialAction":[{"@type":"SearchAction","target":{"@type":"EntryPoint","urlTemplate":"https:\/\/laboratoiretextile.ca\/?s={search_term_string}"},"query-input":{"@type":"PropertyValueSpecification","valueRequired":true,"valueName":"search_term_string"}}],"inLanguage":"fr-FR"},{"@type":"Organization","@id":"https:\/\/laboratoiretextile.ca\/#organization","name":"Laboratoire Textile","url":"https:\/\/laboratoiretextile.ca\/","logo":{"@type":"ImageObject","inLanguage":"fr-FR","@id":"https:\/\/laboratoiretextile.ca\/#\/schema\/logo\/image\/","url":"https:\/\/laboratoiretextile.ca\/wp-content\/uploads\/2021\/11\/Laboratoire-Textile-N302-Chevrons-Blanc-02.jpg","contentUrl":"https:\/\/laboratoiretextile.ca\/wp-content\/uploads\/2021\/11\/Laboratoire-Textile-N302-Chevrons-Blanc-02.jpg","width":1200,"height":1200,"caption":"Laboratoire Textile"},"image":{"@id":"https:\/\/laboratoiretextile.ca\/#\/schema\/logo\/image\/"},"sameAs":["https:\/\/fr-fr.facebook.com\/LaboratoireTextile","https:\/\/www.instagram.com\/laboratoiretextile\/?hl=fr","https:\/\/www.pinterest.ca\/Laboratoiretext\/"]}]}},"jetpack_sharing_enabled":true,"_links":{"self":[{"href":"https:\/\/laboratoiretextile.ca\/fr\/wp-json\/wp\/v2\/product\/2961","targetHints":{"allow":["GET"]}}],"collection":[{"href":"https:\/\/laboratoiretextile.ca\/fr\/wp-json\/wp\/v2\/product"}],"about":[{"href":"https:\/\/laboratoiretextile.ca\/fr\/wp-json\/wp\/v2\/types\/product"}],"wp:featuredmedia":[{"embeddable":true,"href":"https:\/\/laboratoiretextile.ca\/fr\/wp-json\/wp\/v2\/media\/2962"}],"wp:attachment":[{"href":"https:\/\/laboratoiretextile.ca\/fr\/wp-json\/wp\/v2\/media?parent=2961"}],"wp:term":[{"taxonomy":"product_brand","embeddable":true,"href":"https:\/\/laboratoiretextile.ca\/fr\/wp-json\/wp\/v2\/product_brand?post=2961"},{"taxonomy":"product_cat","embeddable":true,"href":"https:\/\/laboratoiretextile.ca\/fr\/wp-json\/wp\/v2\/product_cat?post=2961"},{"taxonomy":"product_tag","embeddable":true,"href":"https:\/\/laboratoiretextile.ca\/fr\/wp-json\/wp\/v2\/product_tag?post=2961"}],"curies":[{"name":"wp","href":"https:\/\/api.w.org\/{rel}","templated":true}]}}