{"id":3067,"date":"2025-07-01T12:34:47","date_gmt":"2025-07-01T16:34:47","guid":{"rendered":"https:\/\/laboratoiretextile.ca\/?post_type=product&#038;p=3067"},"modified":"2025-07-08T11:53:21","modified_gmt":"2025-07-08T15:53:21","slug":"n690-l","status":"publish","type":"product","link":"https:\/\/laboratoiretextile.ca\/fr\/boutique\/n690-l\/","title":{"rendered":"n\u00b0690 L"},"content":{"rendered":"<p>Compos\u00e9e de 690 plis fa\u00e7onn\u00e9s \u00e0 la main, la lampe N<b>\u00b0<\/b>690 L est l&rsquo;un des plus grand mod\u00e8les de la collection. Ses nombreux plis invitent le regard \u00e0 si perdre pour en appr\u00e9cier chaque d\u00e9tail.<\/p>\n<p>\u00c0 la fois raffin\u00e9e et \u00e9l\u00e9gante, ses dimensions g\u00e9n\u00e9reuses en font une pi\u00e8ce centrale de votre int\u00e9rieur, au dessus de la table \u00e0 d\u00eener, comme dans la chambre \u00e0 coucher.<\/p>\n<p><em>*Exp\u00e9dition internationale: <a href=\"https:\/\/laboratoiretextile.ca\/fr\/contact\/\">contactez-nous<\/a> pour obtenir une soumission des tarifs d&rsquo;exp\u00e9dition.<\/em><\/p>\n<p>&nbsp;<\/p>\n","protected":false},"excerpt":{"rendered":"<p>Compos\u00e9e de 690 plis fa\u00e7onn\u00e9s \u00e0 la main, la lampe N\u00b0690 L est l&rsquo;un des plus grand mod\u00e8les de la collection. Ses nombreux plis invitent le regard \u00e0 si perdre pour en appr\u00e9cier chaque d\u00e9tail. \u00c0 la fois raffin\u00e9e et \u00e9l\u00e9gante, ses dimensions g\u00e9n\u00e9reuses en font une pi\u00e8ce centrale de votre int\u00e9rieur, au dessus de [&hellip;]<\/p>\n","protected":false},"featured_media":3068,"template":"","meta":{"iawp_total_views":198},"product_brand":[],"product_cat":[260,174],"product_tag":[95,57,62,58,59,94,60],"class_list":{"0":"post-3067","1":"product","2":"type-product","3":"status-publish","4":"has-post-thumbnail","6":"product_cat-lampes","7":"product_cat-mille-et-un-plis","8":"product_tag-ecoresponsable","9":"product_tag-laboratoire-textile","10":"product_tag-lampshade","11":"product_tag-lucie-leroux","12":"product_tag-luminaire","13":"product_tag-montreal","14":"product_tag-origami","15":"product_shipping_class-livraison-gratuite","17":"first","18":"instock","19":"taxable","20":"shipping-taxable","21":"purchasable","22":"product-type-simple"},"yoast_head":"<!-- This site is optimized with the Yoast SEO plugin v27.4 - https:\/\/yoast.com\/product\/yoast-seo-wordpress\/ -->\n<title>n\u00b0690 L - Laboratoire Textile<\/title>\n<meta name=\"description\" content=\"Compos\u00e9e de 690 plis fa\u00e7onn\u00e9s \u00e0 la main, la lampe N\u00b0690 L est l&#039;un des plus grand mod\u00e8les de la collection. Ils invitent le regard \u00e0 si perdre pour en appr\u00e9cier chaque d\u00e9tail.\" \/>\n<meta name=\"robots\" content=\"index, follow, max-snippet:-1, max-image-preview:large, max-video-preview:-1\" \/>\n<link rel=\"canonical\" href=\"https:\/\/laboratoiretextile.ca\/fr\/boutique\/n690-l\/\" \/>\n<meta property=\"og:locale\" content=\"fr_FR\" \/>\n<meta property=\"og:type\" content=\"article\" \/>\n<meta property=\"og:title\" content=\"n\u00b0690 L - Laboratoire Textile\" \/>\n<meta property=\"og:description\" content=\"Compos\u00e9e de 690 plis fa\u00e7onn\u00e9s \u00e0 la main, la lampe N\u00b0690 L est l&#039;un des plus grand mod\u00e8les de la collection. Ils invitent le regard \u00e0 si perdre pour en appr\u00e9cier chaque d\u00e9tail.\" \/>\n<meta property=\"og:url\" content=\"https:\/\/laboratoiretextile.ca\/fr\/boutique\/n690-l\/\" \/>\n<meta property=\"og:site_name\" content=\"Laboratoire Textile\" \/>\n<meta property=\"article:publisher\" content=\"https:\/\/fr-fr.facebook.com\/LaboratoireTextile\" \/>\n<meta property=\"article:modified_time\" content=\"2025-07-08T15:53:21+00:00\" \/>\n<meta property=\"og:image\" content=\"https:\/\/laboratoiretextile.ca\/wp-content\/uploads\/2024\/02\/Laboratoire-Textile-n690L-07.jpg\" \/>\n\t<meta property=\"og:image:width\" content=\"1200\" \/>\n\t<meta property=\"og:image:height\" content=\"1200\" \/>\n\t<meta property=\"og:image:type\" content=\"image\/jpeg\" \/>\n<meta name=\"twitter:card\" content=\"summary_large_image\" \/>\n<meta name=\"twitter:label1\" content=\"Dur\u00e9e de lecture estim\u00e9e\" \/>\n\t<meta name=\"twitter:data1\" content=\"1 minute\" \/>\n<script type=\"application\/ld+json\" class=\"yoast-schema-graph\">{\"@context\":\"https:\\\/\\\/schema.org\",\"@graph\":[{\"@type\":\"WebPage\",\"@id\":\"https:\\\/\\\/laboratoiretextile.ca\\\/boutique\\\/n690-l\\\/\",\"url\":\"https:\\\/\\\/laboratoiretextile.ca\\\/boutique\\\/n690-l\\\/\",\"name\":\"n\u00b0690 L - Laboratoire Textile\",\"isPartOf\":{\"@id\":\"https:\\\/\\\/laboratoiretextile.ca\\\/#website\"},\"primaryImageOfPage\":{\"@id\":\"https:\\\/\\\/laboratoiretextile.ca\\\/boutique\\\/n690-l\\\/#primaryimage\"},\"image\":{\"@id\":\"https:\\\/\\\/laboratoiretextile.ca\\\/boutique\\\/n690-l\\\/#primaryimage\"},\"thumbnailUrl\":\"https:\\\/\\\/laboratoiretextile.ca\\\/wp-content\\\/uploads\\\/2024\\\/02\\\/Laboratoire-Textile-n690L-07.jpg\",\"datePublished\":\"2025-07-01T16:34:47+00:00\",\"dateModified\":\"2025-07-08T15:53:21+00:00\",\"description\":\"Compos\u00e9e de 690 plis fa\u00e7onn\u00e9s \u00e0 la main, la lampe N\u00b0690 L est l'un des plus grand mod\u00e8les de la collection. Ils invitent le regard \u00e0 si perdre pour en appr\u00e9cier chaque d\u00e9tail.\",\"breadcrumb\":{\"@id\":\"https:\\\/\\\/laboratoiretextile.ca\\\/boutique\\\/n690-l\\\/#breadcrumb\"},\"inLanguage\":\"fr-FR\",\"potentialAction\":[{\"@type\":\"ReadAction\",\"target\":[\"https:\\\/\\\/laboratoiretextile.ca\\\/boutique\\\/n690-l\\\/\"]}]},{\"@type\":\"ImageObject\",\"inLanguage\":\"fr-FR\",\"@id\":\"https:\\\/\\\/laboratoiretextile.ca\\\/boutique\\\/n690-l\\\/#primaryimage\",\"url\":\"https:\\\/\\\/laboratoiretextile.ca\\\/wp-content\\\/uploads\\\/2024\\\/02\\\/Laboratoire-Textile-n690L-07.jpg\",\"contentUrl\":\"https:\\\/\\\/laboratoiretextile.ca\\\/wp-content\\\/uploads\\\/2024\\\/02\\\/Laboratoire-Textile-n690L-07.jpg\",\"width\":1200,\"height\":1200,\"caption\":\"Laboratoire Textile - Lampe N690 unie\"},{\"@type\":\"BreadcrumbList\",\"@id\":\"https:\\\/\\\/laboratoiretextile.ca\\\/boutique\\\/n690-l\\\/#breadcrumb\",\"itemListElement\":[{\"@type\":\"ListItem\",\"position\":1,\"name\":\"Accueil\",\"item\":\"https:\\\/\\\/laboratoiretextile.ca\\\/\"},{\"@type\":\"ListItem\",\"position\":2,\"name\":\"Boutique\",\"item\":\"https:\\\/\\\/laboratoiretextile.ca\\\/boutique\\\/\"},{\"@type\":\"ListItem\",\"position\":3,\"name\":\"n\u00b0690 L\"}]},{\"@type\":\"WebSite\",\"@id\":\"https:\\\/\\\/laboratoiretextile.ca\\\/#website\",\"url\":\"https:\\\/\\\/laboratoiretextile.ca\\\/\",\"name\":\"Laboratoire Textile\",\"description\":\"Plier la lumi\u00e8re\",\"publisher\":{\"@id\":\"https:\\\/\\\/laboratoiretextile.ca\\\/#organization\"},\"potentialAction\":[{\"@type\":\"SearchAction\",\"target\":{\"@type\":\"EntryPoint\",\"urlTemplate\":\"https:\\\/\\\/laboratoiretextile.ca\\\/?s={search_term_string}\"},\"query-input\":{\"@type\":\"PropertyValueSpecification\",\"valueRequired\":true,\"valueName\":\"search_term_string\"}}],\"inLanguage\":\"fr-FR\"},{\"@type\":\"Organization\",\"@id\":\"https:\\\/\\\/laboratoiretextile.ca\\\/#organization\",\"name\":\"Laboratoire Textile\",\"url\":\"https:\\\/\\\/laboratoiretextile.ca\\\/\",\"logo\":{\"@type\":\"ImageObject\",\"inLanguage\":\"fr-FR\",\"@id\":\"https:\\\/\\\/laboratoiretextile.ca\\\/#\\\/schema\\\/logo\\\/image\\\/\",\"url\":\"https:\\\/\\\/laboratoiretextile.ca\\\/wp-content\\\/uploads\\\/2021\\\/11\\\/Laboratoire-Textile-N302-Chevrons-Blanc-02.jpg\",\"contentUrl\":\"https:\\\/\\\/laboratoiretextile.ca\\\/wp-content\\\/uploads\\\/2021\\\/11\\\/Laboratoire-Textile-N302-Chevrons-Blanc-02.jpg\",\"width\":1200,\"height\":1200,\"caption\":\"Laboratoire Textile\"},\"image\":{\"@id\":\"https:\\\/\\\/laboratoiretextile.ca\\\/#\\\/schema\\\/logo\\\/image\\\/\"},\"sameAs\":[\"https:\\\/\\\/fr-fr.facebook.com\\\/LaboratoireTextile\",\"https:\\\/\\\/www.instagram.com\\\/laboratoiretextile\\\/?hl=fr\",\"https:\\\/\\\/www.pinterest.ca\\\/Laboratoiretext\\\/\"]}]}<\/script>\n<!-- \/ Yoast SEO plugin. -->","yoast_head_json":{"title":"n\u00b0690 L - Laboratoire Textile","description":"Compos\u00e9e de 690 plis fa\u00e7onn\u00e9s \u00e0 la main, la lampe N\u00b0690 L est l'un des plus grand mod\u00e8les de la collection. Ils invitent le regard \u00e0 si perdre pour en appr\u00e9cier chaque d\u00e9tail.","robots":{"index":"index","follow":"follow","max-snippet":"max-snippet:-1","max-image-preview":"max-image-preview:large","max-video-preview":"max-video-preview:-1"},"canonical":"https:\/\/laboratoiretextile.ca\/fr\/boutique\/n690-l\/","og_locale":"fr_FR","og_type":"article","og_title":"n\u00b0690 L - Laboratoire Textile","og_description":"Compos\u00e9e de 690 plis fa\u00e7onn\u00e9s \u00e0 la main, la lampe N\u00b0690 L est l'un des plus grand mod\u00e8les de la collection. Ils invitent le regard \u00e0 si perdre pour en appr\u00e9cier chaque d\u00e9tail.","og_url":"https:\/\/laboratoiretextile.ca\/fr\/boutique\/n690-l\/","og_site_name":"Laboratoire Textile","article_publisher":"https:\/\/fr-fr.facebook.com\/LaboratoireTextile","article_modified_time":"2025-07-08T15:53:21+00:00","og_image":[{"width":1200,"height":1200,"url":"https:\/\/laboratoiretextile.ca\/wp-content\/uploads\/2024\/02\/Laboratoire-Textile-n690L-07.jpg","type":"image\/jpeg"}],"twitter_card":"summary_large_image","twitter_misc":{"Dur\u00e9e de lecture estim\u00e9e":"1 minute"},"schema":{"@context":"https:\/\/schema.org","@graph":[{"@type":"WebPage","@id":"https:\/\/laboratoiretextile.ca\/boutique\/n690-l\/","url":"https:\/\/laboratoiretextile.ca\/boutique\/n690-l\/","name":"n\u00b0690 L - Laboratoire Textile","isPartOf":{"@id":"https:\/\/laboratoiretextile.ca\/#website"},"primaryImageOfPage":{"@id":"https:\/\/laboratoiretextile.ca\/boutique\/n690-l\/#primaryimage"},"image":{"@id":"https:\/\/laboratoiretextile.ca\/boutique\/n690-l\/#primaryimage"},"thumbnailUrl":"https:\/\/laboratoiretextile.ca\/wp-content\/uploads\/2024\/02\/Laboratoire-Textile-n690L-07.jpg","datePublished":"2025-07-01T16:34:47+00:00","dateModified":"2025-07-08T15:53:21+00:00","description":"Compos\u00e9e de 690 plis fa\u00e7onn\u00e9s \u00e0 la main, la lampe N\u00b0690 L est l'un des plus grand mod\u00e8les de la collection. Ils invitent le regard \u00e0 si perdre pour en appr\u00e9cier chaque d\u00e9tail.","breadcrumb":{"@id":"https:\/\/laboratoiretextile.ca\/boutique\/n690-l\/#breadcrumb"},"inLanguage":"fr-FR","potentialAction":[{"@type":"ReadAction","target":["https:\/\/laboratoiretextile.ca\/boutique\/n690-l\/"]}]},{"@type":"ImageObject","inLanguage":"fr-FR","@id":"https:\/\/laboratoiretextile.ca\/boutique\/n690-l\/#primaryimage","url":"https:\/\/laboratoiretextile.ca\/wp-content\/uploads\/2024\/02\/Laboratoire-Textile-n690L-07.jpg","contentUrl":"https:\/\/laboratoiretextile.ca\/wp-content\/uploads\/2024\/02\/Laboratoire-Textile-n690L-07.jpg","width":1200,"height":1200,"caption":"Laboratoire Textile - Lampe N690 unie"},{"@type":"BreadcrumbList","@id":"https:\/\/laboratoiretextile.ca\/boutique\/n690-l\/#breadcrumb","itemListElement":[{"@type":"ListItem","position":1,"name":"Accueil","item":"https:\/\/laboratoiretextile.ca\/"},{"@type":"ListItem","position":2,"name":"Boutique","item":"https:\/\/laboratoiretextile.ca\/boutique\/"},{"@type":"ListItem","position":3,"name":"n\u00b0690 L"}]},{"@type":"WebSite","@id":"https:\/\/laboratoiretextile.ca\/#website","url":"https:\/\/laboratoiretextile.ca\/","name":"Laboratoire Textile","description":"Plier la lumi\u00e8re","publisher":{"@id":"https:\/\/laboratoiretextile.ca\/#organization"},"potentialAction":[{"@type":"SearchAction","target":{"@type":"EntryPoint","urlTemplate":"https:\/\/laboratoiretextile.ca\/?s={search_term_string}"},"query-input":{"@type":"PropertyValueSpecification","valueRequired":true,"valueName":"search_term_string"}}],"inLanguage":"fr-FR"},{"@type":"Organization","@id":"https:\/\/laboratoiretextile.ca\/#organization","name":"Laboratoire Textile","url":"https:\/\/laboratoiretextile.ca\/","logo":{"@type":"ImageObject","inLanguage":"fr-FR","@id":"https:\/\/laboratoiretextile.ca\/#\/schema\/logo\/image\/","url":"https:\/\/laboratoiretextile.ca\/wp-content\/uploads\/2021\/11\/Laboratoire-Textile-N302-Chevrons-Blanc-02.jpg","contentUrl":"https:\/\/laboratoiretextile.ca\/wp-content\/uploads\/2021\/11\/Laboratoire-Textile-N302-Chevrons-Blanc-02.jpg","width":1200,"height":1200,"caption":"Laboratoire Textile"},"image":{"@id":"https:\/\/laboratoiretextile.ca\/#\/schema\/logo\/image\/"},"sameAs":["https:\/\/fr-fr.facebook.com\/LaboratoireTextile","https:\/\/www.instagram.com\/laboratoiretextile\/?hl=fr","https:\/\/www.pinterest.ca\/Laboratoiretext\/"]}]}},"jetpack_sharing_enabled":true,"_links":{"self":[{"href":"https:\/\/laboratoiretextile.ca\/fr\/wp-json\/wp\/v2\/product\/3067","targetHints":{"allow":["GET"]}}],"collection":[{"href":"https:\/\/laboratoiretextile.ca\/fr\/wp-json\/wp\/v2\/product"}],"about":[{"href":"https:\/\/laboratoiretextile.ca\/fr\/wp-json\/wp\/v2\/types\/product"}],"wp:featuredmedia":[{"embeddable":true,"href":"https:\/\/laboratoiretextile.ca\/fr\/wp-json\/wp\/v2\/media\/3068"}],"wp:attachment":[{"href":"https:\/\/laboratoiretextile.ca\/fr\/wp-json\/wp\/v2\/media?parent=3067"}],"wp:term":[{"taxonomy":"product_brand","embeddable":true,"href":"https:\/\/laboratoiretextile.ca\/fr\/wp-json\/wp\/v2\/product_brand?post=3067"},{"taxonomy":"product_cat","embeddable":true,"href":"https:\/\/laboratoiretextile.ca\/fr\/wp-json\/wp\/v2\/product_cat?post=3067"},{"taxonomy":"product_tag","embeddable":true,"href":"https:\/\/laboratoiretextile.ca\/fr\/wp-json\/wp\/v2\/product_tag?post=3067"}],"curies":[{"name":"wp","href":"https:\/\/api.w.org\/{rel}","templated":true}]}}